{"id":4103525,"date":"2026-05-09T00:57:14","date_gmt":"2026-05-08T22:57:14","guid":{"rendered":"https:\/\/streetmarkets.fr\/app\/produit\/body-maria-marron-glace\/"},"modified":"2026-05-11T00:56:40","modified_gmt":"2026-05-10T22:56:40","slug":"body-maria-marron-glace","status":"publish","type":"product","link":"https:\/\/streetmarkets.fr\/app\/produit\/body-maria-marron-glace\/","title":{"rendered":"Body Maria Marron glac\u00e9"},"content":{"rendered":"<p>Body seconde peau en tencel<br \/>Encolure c\u0153ur<br \/>\u00c9paules fronc\u00e9es<br \/>Manches au-dessus du coude<br \/>Culotte ultra stretch sans couture<br \/>Fermeture par 3 pressions \u00e0 l\u2019entrejambe<\/p>\n<p>Top : 97% Tencel 3% Elasthanne<br \/>Culotte : 80% Polyamide \/ 20% Elasthanne &#8211; Fibres recycl\u00e9es<\/p>\n<p>Le jersey de tencel est fabriqu\u00e9 au Portugal. La microfibre de la culotte est fabriqu\u00e9e en Belgique \u00e0 partir de fibres 100% recycl\u00e9es.<\/p>\n<p>Le tencel est une mati\u00e8re \u00e9cologique obtenue \u00e0 partir de fibre de bois. C&#8217;est une mati\u00e8re douce, r\u00e9sistante et respirante, des qualit\u00e9s qui lui valent son surnom de soie v\u00e9g\u00e9tale.<\/p>\n<p>Nous vous recommandons de laver le body \u00e0 30\u00b0.<\/p>\n","protected":false},"excerpt":{"rendered":"<p>Body seconde peau en tencelEncolure c\u0153ur\u00c9paules fronc\u00e9esManches au-dessus du coudeCulotte ultra stretch sans coutureFermeture par 3 pressions \u00e0 l\u2019entrejambe Top : 97% Tencel 3% ElasthanneCulotte : 80% Polyamide \/ 20% Elasthanne &#8211; Fibres recycl\u00e9es Le jersey de tencel est fabriqu\u00e9 au Portugal. La microfibre de la culotte est fabriqu\u00e9e en Belgique \u00e0 partir de fibres [&hellip;]<\/p>\n","protected":false},"featured_media":4103526,"comment_status":"open","ping_status":"closed","template":"","meta":[],"product_brand":[],"product_cat":[],"product_tag":[],"acf":[],"_links":{"self":[{"href":"https:\/\/streetmarkets.fr\/app\/wp-json\/wp\/v2\/product\/4103525"}],"collection":[{"href":"https:\/\/streetmarkets.fr\/app\/wp-json\/wp\/v2\/product"}],"about":[{"href":"https:\/\/streetmarkets.fr\/app\/wp-json\/wp\/v2\/types\/product"}],"replies":[{"embeddable":true,"href":"https:\/\/streetmarkets.fr\/app\/wp-json\/wp\/v2\/comments?post=4103525"}],"wp:featuredmedia":[{"embeddable":true,"href":"https:\/\/streetmarkets.fr\/app\/wp-json\/wp\/v2\/media\/4103526"}],"wp:attachment":[{"href":"https:\/\/streetmarkets.fr\/app\/wp-json\/wp\/v2\/media?parent=4103525"}],"wp:term":[{"taxonomy":"product_brand","embeddable":true,"href":"https:\/\/streetmarkets.fr\/app\/wp-json\/wp\/v2\/product_brand?post=4103525"},{"taxonomy":"product_cat","embeddable":true,"href":"https:\/\/streetmarkets.fr\/app\/wp-json\/wp\/v2\/product_cat?post=4103525"},{"taxonomy":"product_tag","embeddable":true,"href":"https:\/\/streetmarkets.fr\/app\/wp-json\/wp\/v2\/product_tag?post=4103525"}],"curies":[{"name":"wp","href":"https:\/\/api.w.org\/{rel}","templated":true}]}}