{"id":4103516,"date":"2026-05-09T00:57:14","date_gmt":"2026-05-08T22:57:14","guid":{"rendered":"https:\/\/streetmarkets.fr\/app\/produit\/body-ava\/"},"modified":"2026-05-11T00:56:40","modified_gmt":"2026-05-10T22:56:40","slug":"body-ava","status":"publish","type":"product","link":"https:\/\/streetmarkets.fr\/app\/produit\/body-ava\/","title":{"rendered":"Body Ava"},"content":{"rendered":"<p>Body en viscose \u00e9cologique<br \/>Encolure carr\u00e9e<br \/>Manches au-dessus du coude<br \/>Culotte ultra stretch sans couture<br \/>Fermeture par 3 pressions \u00e0 l\u2019entrejambe<\/p>\n<p>Top : 92% Viscose ecovero \/ 8% Elasthanne<br \/>Culotte : 80% Polyamide \/ 20% Elasthanne &#8211; Fibres recycl\u00e9es<\/p>\n<p>La viscose Ecovero est fabriqu\u00e9e au Portugal. Le tissu ultra stretch de la culotte est fabriqu\u00e9 en Belgique \u00e0 partir de fibres 100% recycl\u00e9es.<\/p>\n<p>Nous vous recommandons de laver le body \u00e0 30\u00b0.<\/p>\n","protected":false},"excerpt":{"rendered":"<p>Body en viscose \u00e9cologiqueEncolure carr\u00e9eManches au-dessus du coudeCulotte ultra stretch sans coutureFermeture par 3 pressions \u00e0 l\u2019entrejambe Top : 92% Viscose ecovero \/ 8% ElasthanneCulotte : 80% Polyamide \/ 20% Elasthanne &#8211; Fibres recycl\u00e9es La viscose Ecovero est fabriqu\u00e9e au Portugal. Le tissu ultra stretch de la culotte est fabriqu\u00e9 en Belgique \u00e0 partir de [&hellip;]<\/p>\n","protected":false},"featured_media":4103517,"comment_status":"open","ping_status":"closed","template":"","meta":[],"product_brand":[],"product_cat":[],"product_tag":[],"acf":[],"_links":{"self":[{"href":"https:\/\/streetmarkets.fr\/app\/wp-json\/wp\/v2\/product\/4103516"}],"collection":[{"href":"https:\/\/streetmarkets.fr\/app\/wp-json\/wp\/v2\/product"}],"about":[{"href":"https:\/\/streetmarkets.fr\/app\/wp-json\/wp\/v2\/types\/product"}],"replies":[{"embeddable":true,"href":"https:\/\/streetmarkets.fr\/app\/wp-json\/wp\/v2\/comments?post=4103516"}],"wp:featuredmedia":[{"embeddable":true,"href":"https:\/\/streetmarkets.fr\/app\/wp-json\/wp\/v2\/media\/4103517"}],"wp:attachment":[{"href":"https:\/\/streetmarkets.fr\/app\/wp-json\/wp\/v2\/media?parent=4103516"}],"wp:term":[{"taxonomy":"product_brand","embeddable":true,"href":"https:\/\/streetmarkets.fr\/app\/wp-json\/wp\/v2\/product_brand?post=4103516"},{"taxonomy":"product_cat","embeddable":true,"href":"https:\/\/streetmarkets.fr\/app\/wp-json\/wp\/v2\/product_cat?post=4103516"},{"taxonomy":"product_tag","embeddable":true,"href":"https:\/\/streetmarkets.fr\/app\/wp-json\/wp\/v2\/product_tag?post=4103516"}],"curies":[{"name":"wp","href":"https:\/\/api.w.org\/{rel}","templated":true}]}}