{"id":4103458,"date":"2026-05-09T00:57:00","date_gmt":"2026-05-08T22:57:00","guid":{"rendered":"https:\/\/streetmarkets.fr\/app\/produit\/small-foulard-dupitta-zebre-fiesta\/"},"modified":"2026-05-09T00:57:03","modified_gmt":"2026-05-08T22:57:03","slug":"small-foulard-dupitta-zebre-fiesta","status":"publish","type":"product","link":"https:\/\/streetmarkets.fr\/app\/produit\/small-foulard-dupitta-zebre-fiesta\/","title":{"rendered":"Small Foulard Dupitta ZEBRE FIESTA"},"content":{"rendered":"<p>Optez pour le small foulard de la marque Apaches collections, un accessoire intemporel qui s\u2019harmonise avec toutes vos tenues. Confectionn\u00e9 en coton doux, il est imprim\u00e9 \u00e0 la main en Inde gr\u00e2ce \u00e0 la technique artisanale du block-print.\u00a0<\/p>\n<p>LE CONSEIL D&#8217;ASTRID<\/p>\n<p>Portez ce petit foulard nou\u00e9 autour du cou, dans les cheveux ou attach\u00e9 \u00e0 votre sac pour apporter une touche graphique \u00e0 votre look.\u00a0<\/p>\n<p>D\u00c9TAILS<\/p>\n<ul>\n<li>Dimensions : 50x50cm<\/li>\n<li>Composition 100% voile de coton<\/li>\n<li>Confection en Inde<\/li>\n<li>Chaque collection est unique. Les colorations peuvent varier d&#8217;une production \u00e0 une autre.<\/li>\n<\/ul>\n<p>CONSEIL D&#8217;ENTRETIEN<\/p>\n<p>Il est conseill\u00e9 de laver votre foulard \u00e0 30\u00b0 en programme d\u00e9licat, seuls ou avec des coloris similaires, avant de les porter pour la premi\u00e8re fois.<\/p>\n<p>LA MARQUE<\/p>\n<p>&#8211; Des v\u00eatements aux imprim\u00e9s de caract\u00e8re &#8211;<\/p>\n<p>Derri\u00e8re Apaches collections, se cachent deux femmes Cl\u00e9mentine et Cl\u00e9mence qui ont souhait\u00e9 cr\u00e9er un vestiaire pens\u00e9e pour la famille s&#8217;inspirant de couleurs issues de la nature. Une fabrication au Portugal et en Inde, gr\u00e2ce \u00e0 la technique du block-print, permet \u00e0 la marque d&#8217;affirmer des imprim\u00e9s singuliers et de caract\u00e8re.<\/p>\n","protected":false},"excerpt":{"rendered":"<p>Optez pour le small foulard de la marque Apaches collections, un accessoire intemporel qui s\u2019harmonise avec toutes vos tenues. Confectionn\u00e9 en coton doux, il est imprim\u00e9 \u00e0 la main en Inde gr\u00e2ce \u00e0 la technique artisanale du block-print.\u00a0 LE CONSEIL D&#8217;ASTRID Portez ce petit foulard nou\u00e9 autour du cou, dans les cheveux ou attach\u00e9 \u00e0 [&hellip;]<\/p>\n","protected":false},"featured_media":4103459,"comment_status":"open","ping_status":"closed","template":"","meta":[],"product_brand":[],"product_cat":[],"product_tag":[],"acf":[],"_links":{"self":[{"href":"https:\/\/streetmarkets.fr\/app\/wp-json\/wp\/v2\/product\/4103458"}],"collection":[{"href":"https:\/\/streetmarkets.fr\/app\/wp-json\/wp\/v2\/product"}],"about":[{"href":"https:\/\/streetmarkets.fr\/app\/wp-json\/wp\/v2\/types\/product"}],"replies":[{"embeddable":true,"href":"https:\/\/streetmarkets.fr\/app\/wp-json\/wp\/v2\/comments?post=4103458"}],"wp:featuredmedia":[{"embeddable":true,"href":"https:\/\/streetmarkets.fr\/app\/wp-json\/wp\/v2\/media\/4103459"}],"wp:attachment":[{"href":"https:\/\/streetmarkets.fr\/app\/wp-json\/wp\/v2\/media?parent=4103458"}],"wp:term":[{"taxonomy":"product_brand","embeddable":true,"href":"https:\/\/streetmarkets.fr\/app\/wp-json\/wp\/v2\/product_brand?post=4103458"},{"taxonomy":"product_cat","embeddable":true,"href":"https:\/\/streetmarkets.fr\/app\/wp-json\/wp\/v2\/product_cat?post=4103458"},{"taxonomy":"product_tag","embeddable":true,"href":"https:\/\/streetmarkets.fr\/app\/wp-json\/wp\/v2\/product_tag?post=4103458"}],"curies":[{"name":"wp","href":"https:\/\/api.w.org\/{rel}","templated":true}]}}