{"id":4103372,"date":"2026-05-09T00:50:31","date_gmt":"2026-05-08T22:50:31","guid":{"rendered":"https:\/\/streetmarkets.fr\/app\/produit\/assos-maillot-gt-s11-evo-ef-close-encounter\/"},"modified":"2026-05-09T00:50:34","modified_gmt":"2026-05-08T22:50:34","slug":"assos-maillot-gt-s11-evo-ef-close-encounter","status":"publish","type":"product","link":"https:\/\/streetmarkets.fr\/app\/produit\/assos-maillot-gt-s11-evo-ef-close-encounter\/","title":{"rendered":"Assos Maillot GT S11 EVO EF &#8211; CLOSE ENCOUNTER"},"content":{"rendered":"<p data-end=\"388\" data-start=\"45\">Plongez dans une autre dimension avec la capsule <strong data-end=\"127\" data-start=\"94\">ASSOS x EF Pro Cycling GT S11<\/strong>, une \u00e9dition limit\u00e9e au style audacieux inspir\u00e9 d\u2019un univers parall\u00e8le. Pens\u00e9e pour accompagner les cyclistes sur les routes les plus mythiques d\u2019Italie, cette tenue revisite les codes avec une esth\u00e9tique unique et un message fort : rouler librement, ensemble.<\/p>\n<p data-end=\"686\" data-start=\"390\">Bas\u00e9e sur la plateforme <strong data-end=\"424\" data-start=\"414\">GT S11<\/strong>, elle associe des <strong data-end=\"472\" data-start=\"443\">textiles ultra respirants<\/strong> \u00e0 une <strong data-end=\"511\" data-start=\"479\">coupe d\u00e9contract\u00e9e et \u00e9pur\u00e9e<\/strong>, id\u00e9ale pour allier confort et performance lors de vos sorties. L\u00e9g\u00e8re, moderne et r\u00e9solument diff\u00e9rente, cette capsule transforme chaque sortie en exp\u00e9rience \u00e0 part enti\u00e8re.<\/p>\n","protected":false},"excerpt":{"rendered":"<p>Plongez dans une autre dimension avec la capsule ASSOS x EF Pro Cycling GT S11, une \u00e9dition limit\u00e9e au style audacieux inspir\u00e9 d\u2019un univers parall\u00e8le. Pens\u00e9e pour accompagner les cyclistes sur les routes les plus mythiques d\u2019Italie, cette tenue revisite les codes avec une esth\u00e9tique unique et un message fort : rouler librement, ensemble. Bas\u00e9e [&hellip;]<\/p>\n","protected":false},"featured_media":4103373,"comment_status":"open","ping_status":"closed","template":"","meta":[],"product_brand":[],"product_cat":[],"product_tag":[],"acf":[],"_links":{"self":[{"href":"https:\/\/streetmarkets.fr\/app\/wp-json\/wp\/v2\/product\/4103372"}],"collection":[{"href":"https:\/\/streetmarkets.fr\/app\/wp-json\/wp\/v2\/product"}],"about":[{"href":"https:\/\/streetmarkets.fr\/app\/wp-json\/wp\/v2\/types\/product"}],"replies":[{"embeddable":true,"href":"https:\/\/streetmarkets.fr\/app\/wp-json\/wp\/v2\/comments?post=4103372"}],"wp:featuredmedia":[{"embeddable":true,"href":"https:\/\/streetmarkets.fr\/app\/wp-json\/wp\/v2\/media\/4103373"}],"wp:attachment":[{"href":"https:\/\/streetmarkets.fr\/app\/wp-json\/wp\/v2\/media?parent=4103372"}],"wp:term":[{"taxonomy":"product_brand","embeddable":true,"href":"https:\/\/streetmarkets.fr\/app\/wp-json\/wp\/v2\/product_brand?post=4103372"},{"taxonomy":"product_cat","embeddable":true,"href":"https:\/\/streetmarkets.fr\/app\/wp-json\/wp\/v2\/product_cat?post=4103372"},{"taxonomy":"product_tag","embeddable":true,"href":"https:\/\/streetmarkets.fr\/app\/wp-json\/wp\/v2\/product_tag?post=4103372"}],"curies":[{"name":"wp","href":"https:\/\/api.w.org\/{rel}","templated":true}]}}