{"id":4103357,"date":"2026-05-09T00:48:37","date_gmt":"2026-05-08T22:48:37","guid":{"rendered":"https:\/\/streetmarkets.fr\/app\/produit\/rapha-gants-merino\/"},"modified":"2026-05-13T00:48:38","modified_gmt":"2026-05-12T22:48:38","slug":"rapha-gants-merino","status":"publish","type":"product","link":"https:\/\/streetmarkets.fr\/app\/produit\/rapha-gants-merino\/","title":{"rendered":"Rapha Gants Merino"},"content":{"rendered":"<p data-start=\"304\" data-end=\"494\">Les Rapha Gants Merino ont \u00e9t\u00e9 repens\u00e9s pour l\u2019automne-hiver 2025 avec une plus grande proportion de laine m\u00e9rinos, une coupe am\u00e9lior\u00e9e et des poignets articul\u00e9s pour un meilleur ajustement.<\/p>\n<p data-start=\"496\" data-end=\"744\">Con\u00e7us pour offrir chaleur, respirabilit\u00e9 et confort, ces gants de cyclisme sont parfaits pour rouler par temps frais \u00e0 froid, entre 5 et 12\u00b0C. La laine m\u00e9rinos assure une excellente r\u00e9gulation thermique tout en restant douce au contact de la peau.<\/p>\n<p data-start=\"746\" data-end=\"877\">Durables et extr\u00eamement polyvalents, ils conviennent \u00e0 tous les types de pratique, aussi bien sur route qu\u2019en gravel ou hors route.<\/p>\n","protected":false},"excerpt":{"rendered":"<p>Les Rapha Gants Merino ont \u00e9t\u00e9 repens\u00e9s pour l\u2019automne-hiver 2025 avec une plus grande proportion de laine m\u00e9rinos, une coupe am\u00e9lior\u00e9e et des poignets articul\u00e9s pour un meilleur ajustement. Con\u00e7us pour offrir chaleur, respirabilit\u00e9 et confort, ces gants de cyclisme sont parfaits pour rouler par temps frais \u00e0 froid, entre 5 et 12\u00b0C. La laine [&hellip;]<\/p>\n","protected":false},"featured_media":4103358,"comment_status":"open","ping_status":"closed","template":"","meta":[],"product_brand":[],"product_cat":[],"product_tag":[],"acf":[],"_links":{"self":[{"href":"https:\/\/streetmarkets.fr\/app\/wp-json\/wp\/v2\/product\/4103357"}],"collection":[{"href":"https:\/\/streetmarkets.fr\/app\/wp-json\/wp\/v2\/product"}],"about":[{"href":"https:\/\/streetmarkets.fr\/app\/wp-json\/wp\/v2\/types\/product"}],"replies":[{"embeddable":true,"href":"https:\/\/streetmarkets.fr\/app\/wp-json\/wp\/v2\/comments?post=4103357"}],"wp:featuredmedia":[{"embeddable":true,"href":"https:\/\/streetmarkets.fr\/app\/wp-json\/wp\/v2\/media\/4103358"}],"wp:attachment":[{"href":"https:\/\/streetmarkets.fr\/app\/wp-json\/wp\/v2\/media?parent=4103357"}],"wp:term":[{"taxonomy":"product_brand","embeddable":true,"href":"https:\/\/streetmarkets.fr\/app\/wp-json\/wp\/v2\/product_brand?post=4103357"},{"taxonomy":"product_cat","embeddable":true,"href":"https:\/\/streetmarkets.fr\/app\/wp-json\/wp\/v2\/product_cat?post=4103357"},{"taxonomy":"product_tag","embeddable":true,"href":"https:\/\/streetmarkets.fr\/app\/wp-json\/wp\/v2\/product_tag?post=4103357"}],"curies":[{"name":"wp","href":"https:\/\/api.w.org\/{rel}","templated":true}]}}