{"id":4097426,"date":"2026-05-08T00:59:29","date_gmt":"2026-05-07T22:59:29","guid":{"rendered":"https:\/\/streetmarkets.fr\/app\/produit\/boucles-luna-agate\/"},"modified":"2026-05-08T00:59:36","modified_gmt":"2026-05-07T22:59:36","slug":"boucles-luna-agate","status":"publish","type":"product","link":"https:\/\/streetmarkets.fr\/app\/produit\/boucles-luna-agate\/","title":{"rendered":"Boucles Luna Agate"},"content":{"rendered":"<p>Boucles Luna Cha\u00eene Agate Verte : Les boucles qui accompagnent chaque mouvement !\u00a0<br \/>On les porte pour donner du rythme \u00e0 une silhouette. Une Agathe verte sertie, des cristaux Swarovski et des cha\u00eenes fines en cascade, ces boucles cr\u00e9ent un jeu de mouvement subtil \u00e0 chaque geste. Une paire pens\u00e9e comme un talisman, entre douceur et caract\u00e8re.<\/p>\n<p>Ce qui nous pla\u00eet :<\/p>\n<ul data-start=\"396\" data-end=\"632\">\n<li data-section-id=\"nk39ii\" data-start=\"396\" data-end=\"449\">Leur agate verte centrale, profonde et apaisante.<\/li>\n<li data-section-id=\"glnkjf\" data-start=\"450\" data-end=\"511\">Leurs trois cha\u00eenes pendantes qui apportent du mouvement.<\/li>\n<li data-section-id=\"osxtys\" data-start=\"512\" data-end=\"576\">Leurs d\u00e9tails d\u00e9licats et leur esprit bijou ancien revisit\u00e9.<\/li>\n<li data-section-id=\"luhpjc\" data-start=\"577\" data-end=\"632\">Leur fabrication artisanale dans un atelier parisien.<\/li>\n<\/ul>\n<p>C\u00f4t\u00e9 mati\u00e8re \/ fabrication :<br data-start=\"666\" data-end=\"669\">Laiton plaqu\u00e9 or 1 micron, pierre semi-pr\u00e9cieuse (agate verte) et cristaux Swarovski. Boucles fabriqu\u00e9es \u00e0 la main \u00e0 Paris. Dimensions : 6 x 1,5 cm.<\/p>\n<p>Le d\u00e9tail qu\u2019on remarque sans s\u2019en lasser :\u00a0Ces cha\u00eenes fines qui accompagnent chaque mouvement et donnent aux boucles une allure baroque.<\/p>\n","protected":false},"excerpt":{"rendered":"<p>Boucles Luna Cha\u00eene Agate Verte : Les boucles qui accompagnent chaque mouvement !\u00a0On les porte pour donner du rythme \u00e0 une silhouette. Une Agathe verte sertie, des cristaux Swarovski et des cha\u00eenes fines en cascade, ces boucles cr\u00e9ent un jeu de mouvement subtil \u00e0 chaque geste. Une paire pens\u00e9e comme un talisman, entre douceur et [&hellip;]<\/p>\n","protected":false},"featured_media":4097427,"comment_status":"open","ping_status":"closed","template":"","meta":[],"product_brand":[],"product_cat":[],"product_tag":[],"acf":[],"_links":{"self":[{"href":"https:\/\/streetmarkets.fr\/app\/wp-json\/wp\/v2\/product\/4097426"}],"collection":[{"href":"https:\/\/streetmarkets.fr\/app\/wp-json\/wp\/v2\/product"}],"about":[{"href":"https:\/\/streetmarkets.fr\/app\/wp-json\/wp\/v2\/types\/product"}],"replies":[{"embeddable":true,"href":"https:\/\/streetmarkets.fr\/app\/wp-json\/wp\/v2\/comments?post=4097426"}],"wp:featuredmedia":[{"embeddable":true,"href":"https:\/\/streetmarkets.fr\/app\/wp-json\/wp\/v2\/media\/4097427"}],"wp:attachment":[{"href":"https:\/\/streetmarkets.fr\/app\/wp-json\/wp\/v2\/media?parent=4097426"}],"wp:term":[{"taxonomy":"product_brand","embeddable":true,"href":"https:\/\/streetmarkets.fr\/app\/wp-json\/wp\/v2\/product_brand?post=4097426"},{"taxonomy":"product_cat","embeddable":true,"href":"https:\/\/streetmarkets.fr\/app\/wp-json\/wp\/v2\/product_cat?post=4097426"},{"taxonomy":"product_tag","embeddable":true,"href":"https:\/\/streetmarkets.fr\/app\/wp-json\/wp\/v2\/product_tag?post=4097426"}],"curies":[{"name":"wp","href":"https:\/\/api.w.org\/{rel}","templated":true}]}}