{"id":4097418,"date":"2026-05-08T00:59:29","date_gmt":"2026-05-07T22:59:29","guid":{"rendered":"https:\/\/streetmarkets.fr\/app\/produit\/bague-sissi-grenat\/"},"modified":"2026-05-08T00:59:36","modified_gmt":"2026-05-07T22:59:36","slug":"bague-sissi-grenat","status":"publish","type":"product","link":"https:\/\/streetmarkets.fr\/app\/produit\/bague-sissi-grenat\/","title":{"rendered":"Bague Sissi Grenat"},"content":{"rendered":"<p>Bague Sissi Grenat en laiton plaqu\u00e9 or : La bague qui c\u00e9l\u00e8bre les \u00e9motions !\u00a0<br \/>On la porte comme un bijou charg\u00e9 de sens. Avec ses trois c\u0153urs sertis de pierres, grenat, hessonite et tourmaline rose, elle compose une pi\u00e8ce expressive, entre douceur et \u00e9nergie.<\/p>\n<p>On adore :<\/p>\n<ul data-start=\"318\" data-end=\"564\">\n<li data-section-id=\"hjzhz9\" data-start=\"318\" data-end=\"393\">Ses trois c\u0153urs centraux sertis de pierres aux teintes compl\u00e9mentaires.<\/li>\n<li data-section-id=\"10vdo6f\" data-start=\"394\" data-end=\"450\">Son m\u00e9lange de grenat, hessonite et tourmaline rose.<\/li>\n<li data-section-id=\"1mj1t0k\" data-start=\"451\" data-end=\"509\">Son \u00e9mail rose qui entoure et souligne la composition.<\/li>\n<li data-section-id=\"1y6tb9t\" data-start=\"510\" data-end=\"564\">Sa forme ajustable, facile \u00e0 adapter \u00e0 chaque doigt.<\/li>\n<\/ul>\n<p>C\u00f4t\u00e9 mati\u00e8re \/ fabrication :<br data-start=\"598\" data-end=\"601\">Laiton plaqu\u00e9 or 3 microns, \u00e9mail et pierres semi-pr\u00e9cieuses (grenat, hessonite, tourmaline rose). Bague fabriqu\u00e9e \u00e0 la main dans un atelier parisien.<\/p>\n<p>Le d\u00e9tail qui fait toute la diff\u00e9rence :\u00a0Cette composition de c\u0153urs aux pierres diff\u00e9rentes qui donne \u00e0 la bague un rythme unique et une vraie pr\u00e9sence.<\/p>\n","protected":false},"excerpt":{"rendered":"<p>Bague Sissi Grenat en laiton plaqu\u00e9 or : La bague qui c\u00e9l\u00e8bre les \u00e9motions !\u00a0On la porte comme un bijou charg\u00e9 de sens. Avec ses trois c\u0153urs sertis de pierres, grenat, hessonite et tourmaline rose, elle compose une pi\u00e8ce expressive, entre douceur et \u00e9nergie. On adore : Ses trois c\u0153urs centraux sertis de pierres aux [&hellip;]<\/p>\n","protected":false},"featured_media":4097419,"comment_status":"open","ping_status":"closed","template":"","meta":[],"product_brand":[],"product_cat":[],"product_tag":[],"acf":[],"_links":{"self":[{"href":"https:\/\/streetmarkets.fr\/app\/wp-json\/wp\/v2\/product\/4097418"}],"collection":[{"href":"https:\/\/streetmarkets.fr\/app\/wp-json\/wp\/v2\/product"}],"about":[{"href":"https:\/\/streetmarkets.fr\/app\/wp-json\/wp\/v2\/types\/product"}],"replies":[{"embeddable":true,"href":"https:\/\/streetmarkets.fr\/app\/wp-json\/wp\/v2\/comments?post=4097418"}],"wp:featuredmedia":[{"embeddable":true,"href":"https:\/\/streetmarkets.fr\/app\/wp-json\/wp\/v2\/media\/4097419"}],"wp:attachment":[{"href":"https:\/\/streetmarkets.fr\/app\/wp-json\/wp\/v2\/media?parent=4097418"}],"wp:term":[{"taxonomy":"product_brand","embeddable":true,"href":"https:\/\/streetmarkets.fr\/app\/wp-json\/wp\/v2\/product_brand?post=4097418"},{"taxonomy":"product_cat","embeddable":true,"href":"https:\/\/streetmarkets.fr\/app\/wp-json\/wp\/v2\/product_cat?post=4097418"},{"taxonomy":"product_tag","embeddable":true,"href":"https:\/\/streetmarkets.fr\/app\/wp-json\/wp\/v2\/product_tag?post=4097418"}],"curies":[{"name":"wp","href":"https:\/\/api.w.org\/{rel}","templated":true}]}}