{"id":4097406,"date":"2026-05-08T00:59:28","date_gmt":"2026-05-07T22:59:28","guid":{"rendered":"https:\/\/streetmarkets.fr\/app\/produit\/bague-sonia-pyrite\/"},"modified":"2026-05-12T00:59:19","modified_gmt":"2026-05-11T22:59:19","slug":"bague-sonia-pyrite","status":"publish","type":"product","link":"https:\/\/streetmarkets.fr\/app\/produit\/bague-sonia-pyrite\/","title":{"rendered":"Bague Sonia Pyrite"},"content":{"rendered":"<p>Bague Sonia Pyrite en laiton plaqu\u00e9 or : La bague qui traverse le temps !\u00a0<br \/>On la porte comme un bijou h\u00e9rit\u00e9, charg\u00e9 d\u2019histoire. Une pierre centrale en pyrite facett\u00e9e, entour\u00e9e de cristaux Swarovski, pour cette bague qui \u00e9voque les pi\u00e8ces anciennes que l\u2019on garde pr\u00e9cieusement. Un bijou au style affirm\u00e9, entre h\u00e9ritage et modernit\u00e9.<\/p>\n<p>Ce qui nous pla\u00eet :<\/p>\n<ul data-start=\"361\" data-end=\"606\">\n<li data-section-id=\"2lb3xu\" data-start=\"361\" data-end=\"422\">Sa pyrite centrale facett\u00e9e, au caract\u00e8re min\u00e9ral unique.<\/li>\n<li data-section-id=\"1nlev9k\" data-start=\"423\" data-end=\"484\">Son entourage de cristaux Swarovski fa\u00e7on \u00e9crin.<\/li>\n<li data-section-id=\"16n6cuy\" data-start=\"485\" data-end=\"552\">Son style ancien inspir\u00e9 des bijoux transmis entre g\u00e9n\u00e9rations.<\/li>\n<li data-section-id=\"yff91w\" data-start=\"553\" data-end=\"606\">Sa fabrication artisanale dans un atelier parisien.<\/li>\n<\/ul>\n<p>C\u00f4t\u00e9 mati\u00e8re \/ fabrication :<br data-start=\"640\" data-end=\"643\">Laiton plaqu\u00e9 or 3 microns, pierre semi-pr\u00e9cieuse (pyrite) et cristaux Swarovski. Bague fabriqu\u00e9e \u00e0 la main \u00e0 Paris. Taille M<\/p>\n","protected":false},"excerpt":{"rendered":"<p>Bague Sonia Pyrite en laiton plaqu\u00e9 or : La bague qui traverse le temps !\u00a0On la porte comme un bijou h\u00e9rit\u00e9, charg\u00e9 d\u2019histoire. Une pierre centrale en pyrite facett\u00e9e, entour\u00e9e de cristaux Swarovski, pour cette bague qui \u00e9voque les pi\u00e8ces anciennes que l\u2019on garde pr\u00e9cieusement. Un bijou au style affirm\u00e9, entre h\u00e9ritage et modernit\u00e9. Ce [&hellip;]<\/p>\n","protected":false},"featured_media":4097407,"comment_status":"open","ping_status":"closed","template":"","meta":[],"product_brand":[],"product_cat":[],"product_tag":[],"acf":[],"_links":{"self":[{"href":"https:\/\/streetmarkets.fr\/app\/wp-json\/wp\/v2\/product\/4097406"}],"collection":[{"href":"https:\/\/streetmarkets.fr\/app\/wp-json\/wp\/v2\/product"}],"about":[{"href":"https:\/\/streetmarkets.fr\/app\/wp-json\/wp\/v2\/types\/product"}],"replies":[{"embeddable":true,"href":"https:\/\/streetmarkets.fr\/app\/wp-json\/wp\/v2\/comments?post=4097406"}],"wp:featuredmedia":[{"embeddable":true,"href":"https:\/\/streetmarkets.fr\/app\/wp-json\/wp\/v2\/media\/4097407"}],"wp:attachment":[{"href":"https:\/\/streetmarkets.fr\/app\/wp-json\/wp\/v2\/media?parent=4097406"}],"wp:term":[{"taxonomy":"product_brand","embeddable":true,"href":"https:\/\/streetmarkets.fr\/app\/wp-json\/wp\/v2\/product_brand?post=4097406"},{"taxonomy":"product_cat","embeddable":true,"href":"https:\/\/streetmarkets.fr\/app\/wp-json\/wp\/v2\/product_cat?post=4097406"},{"taxonomy":"product_tag","embeddable":true,"href":"https:\/\/streetmarkets.fr\/app\/wp-json\/wp\/v2\/product_tag?post=4097406"}],"curies":[{"name":"wp","href":"https:\/\/api.w.org\/{rel}","templated":true}]}}