{"id":4097390,"date":"2026-05-08T00:58:32","date_gmt":"2026-05-07T22:58:32","guid":{"rendered":"https:\/\/streetmarkets.fr\/app\/produit\/bague-houda\/"},"modified":"2026-05-12T00:58:37","modified_gmt":"2026-05-11T22:58:37","slug":"bague-houda","status":"publish","type":"product","link":"https:\/\/streetmarkets.fr\/app\/produit\/bague-houda\/","title":{"rendered":"Bague Houda"},"content":{"rendered":"<p>Bague Houda : Le jeu des formes, version bold &amp; brillante !<br data-start=\"147\" data-end=\"150\">Avec ses deux rectangles martel\u00e9s qui se chevauchent, la bague Houda donne l\u2019illusion d\u2019une double bague graphique ultra styl\u00e9e. Une pi\u00e8ce forte, toute en finesse, dessin\u00e9e et fa\u00e7onn\u00e9e \u00e0 la main par la cr\u00e9atrice dans son atelier parisien.<\/p>\n<p>Sa dorure \u00e0 l\u2019or fin 24 carats brille juste ce qu\u2019il faut. En plus, elle est r\u00e9sistante \u00e0 l\u2019eau, ne s\u2019oxyde pas, et s\u2019adapte \u00e0 tous les doigts gr\u00e2ce \u00e0 sa forme ouverte. Une pi\u00e8ce contemporaine, \u00e9thique, et 100 % circuit court.<\/p>\n<p>On retient :<br data-start=\"634\" data-end=\"637\">\u2022 Laiton dor\u00e9 \u00e0 l\u2019or fin 24 carats.<br data-start=\"694\" data-end=\"697\">\u2022 Estampe martel\u00e9e : 4,5 x 1,6 cm.<br data-start=\"730\" data-end=\"733\">\u2022 Bague ouverte, ajustable.<br data-start=\"759\" data-end=\"762\">\u2022 R\u00e9sistante \u00e0 l\u2019eau, ne s\u2019oxyde pas.<br data-start=\"799\" data-end=\"802\">\u2022 Fabrication artisanale \u00e0 Paris, \u00e0 la main et en circuit court.<\/p>\n","protected":false},"excerpt":{"rendered":"<p>Bague Houda : Le jeu des formes, version bold &amp; brillante !Avec ses deux rectangles martel\u00e9s qui se chevauchent, la bague Houda donne l\u2019illusion d\u2019une double bague graphique ultra styl\u00e9e. Une pi\u00e8ce forte, toute en finesse, dessin\u00e9e et fa\u00e7onn\u00e9e \u00e0 la main par la cr\u00e9atrice dans son atelier parisien. Sa dorure \u00e0 l\u2019or fin 24 [&hellip;]<\/p>\n","protected":false},"featured_media":4097391,"comment_status":"open","ping_status":"closed","template":"","meta":[],"product_brand":[],"product_cat":[],"product_tag":[],"acf":[],"_links":{"self":[{"href":"https:\/\/streetmarkets.fr\/app\/wp-json\/wp\/v2\/product\/4097390"}],"collection":[{"href":"https:\/\/streetmarkets.fr\/app\/wp-json\/wp\/v2\/product"}],"about":[{"href":"https:\/\/streetmarkets.fr\/app\/wp-json\/wp\/v2\/types\/product"}],"replies":[{"embeddable":true,"href":"https:\/\/streetmarkets.fr\/app\/wp-json\/wp\/v2\/comments?post=4097390"}],"wp:featuredmedia":[{"embeddable":true,"href":"https:\/\/streetmarkets.fr\/app\/wp-json\/wp\/v2\/media\/4097391"}],"wp:attachment":[{"href":"https:\/\/streetmarkets.fr\/app\/wp-json\/wp\/v2\/media?parent=4097390"}],"wp:term":[{"taxonomy":"product_brand","embeddable":true,"href":"https:\/\/streetmarkets.fr\/app\/wp-json\/wp\/v2\/product_brand?post=4097390"},{"taxonomy":"product_cat","embeddable":true,"href":"https:\/\/streetmarkets.fr\/app\/wp-json\/wp\/v2\/product_cat?post=4097390"},{"taxonomy":"product_tag","embeddable":true,"href":"https:\/\/streetmarkets.fr\/app\/wp-json\/wp\/v2\/product_tag?post=4097390"}],"curies":[{"name":"wp","href":"https:\/\/api.w.org\/{rel}","templated":true}]}}