{"id":4090376,"date":"2026-05-06T02:39:49","date_gmt":"2026-05-06T00:39:49","guid":{"rendered":"https:\/\/streetmarkets.fr\/app\/produit\/jean-ample-denim-n-01-261-m-stone-wash-2\/"},"modified":"2026-05-13T02:39:54","modified_gmt":"2026-05-13T00:39:54","slug":"jean-ample-denim-n-01-261-m-stone-wash-2","status":"publish","type":"product","link":"https:\/\/streetmarkets.fr\/app\/produit\/jean-ample-denim-n-01-261-m-stone-wash-2\/","title":{"rendered":"Jean ample &#8211; Denim N. 01 (261 \/ M \/ STONE WASH)"},"content":{"rendered":"<p>Jean \u00e0 taille basse, jambes fusel\u00e9es et coupe ample en denim de coton stone-wash.<\/p>\n<ul>\n<li>\n<div>Coupe ample<\/div>\n<\/li>\n<li>\n<div>Taille basse, jambes fusel\u00e9es<\/div>\n<\/li>\n<li>\n<div>Denim lourd<\/div>\n<\/li>\n<li>\n<div>Sans \u00e9lasticit\u00e9<\/div>\n<\/li>\n<li>\n<div>Braguette \u00e0 boutons<\/div>\n<\/li>\n<li>\n<div>Entrejambe : 30&#8243; (bas\u00e9 sur une taille 32)<\/div>\n<\/li>\n<li>\n<div>La longueur d\u2019entrejambe s\u2019ajuste l\u00e9g\u00e8rement en fonction de la taille s\u00e9lectionn\u00e9e pour garantir une coupe proportionn\u00e9e.<\/div>\n<\/li>\n<li>\n<div>Ourlet : 20 cm<\/div>\n<\/li>\n<li>\n<div>Pr\u00e9c\u00e9demment connu sous le nom de Jean Percy<\/div>\n<\/li>\n<li>\n<div>Assorti \u00e0 la surchemise Goney<\/div>\n<\/li>\n<\/ul>\n","protected":false},"excerpt":{"rendered":"<p>Jean \u00e0 taille basse, jambes fusel\u00e9es et coupe ample en denim de coton stone-wash. Coupe ample Taille basse, jambes fusel\u00e9es Denim lourd Sans \u00e9lasticit\u00e9 Braguette \u00e0 boutons Entrejambe : 30&#8243; (bas\u00e9 sur une taille 32) La longueur d\u2019entrejambe s\u2019ajuste l\u00e9g\u00e8rement en fonction de la taille s\u00e9lectionn\u00e9e pour garantir une coupe proportionn\u00e9e. Ourlet : 20 cm [&hellip;]<\/p>\n","protected":false},"featured_media":4129359,"comment_status":"open","ping_status":"closed","template":"","meta":[],"product_brand":[2529],"product_cat":[],"product_tag":[],"acf":[],"_links":{"self":[{"href":"https:\/\/streetmarkets.fr\/app\/wp-json\/wp\/v2\/product\/4090376"}],"collection":[{"href":"https:\/\/streetmarkets.fr\/app\/wp-json\/wp\/v2\/product"}],"about":[{"href":"https:\/\/streetmarkets.fr\/app\/wp-json\/wp\/v2\/types\/product"}],"replies":[{"embeddable":true,"href":"https:\/\/streetmarkets.fr\/app\/wp-json\/wp\/v2\/comments?post=4090376"}],"wp:featuredmedia":[{"embeddable":true,"href":"https:\/\/streetmarkets.fr\/app\/wp-json\/wp\/v2\/media\/4129359"}],"wp:attachment":[{"href":"https:\/\/streetmarkets.fr\/app\/wp-json\/wp\/v2\/media?parent=4090376"}],"wp:term":[{"taxonomy":"product_brand","embeddable":true,"href":"https:\/\/streetmarkets.fr\/app\/wp-json\/wp\/v2\/product_brand?post=4090376"},{"taxonomy":"product_cat","embeddable":true,"href":"https:\/\/streetmarkets.fr\/app\/wp-json\/wp\/v2\/product_cat?post=4090376"},{"taxonomy":"product_tag","embeddable":true,"href":"https:\/\/streetmarkets.fr\/app\/wp-json\/wp\/v2\/product_tag?post=4090376"}],"curies":[{"name":"wp","href":"https:\/\/api.w.org\/{rel}","templated":true}]}}