{"id":4087021,"date":"2026-05-06T01:17:24","date_gmt":"2026-05-05T23:17:24","guid":{"rendered":"https:\/\/streetmarkets.fr\/app\/produit\/carre-bird-sable\/"},"modified":"2026-05-06T01:17:31","modified_gmt":"2026-05-05T23:17:31","slug":"carre-bird-sable","status":"publish","type":"product","link":"https:\/\/streetmarkets.fr\/app\/produit\/carre-bird-sable\/","title":{"rendered":"Carr\u00e9 Bird Sable"},"content":{"rendered":"<p data-mce-fragment=\"1\"><span style=\"text-decoration: underline\"><strong><a title=\"Apaches Collections\" href=\"https:\/\/frenchtouche.com\/collections\/apaches-collections\">Collection Apaches<\/a><\/strong><\/span><\/p>\n<p data-mce-fragment=\"1\"><span data-mce-fragment=\"1\">Ce carr\u00e9 est confectionn\u00e9 artisanalement\u00a0gr\u00e2ce \u00e0 la technique indienne du block-print et ses couleurs sont r\u00e9alis\u00e9es \u00e0 partir de pigments naturels. Cette confection manuelle peut entra\u00eener certaines &#8220;irr\u00e9gularit\u00e9s&#8221;\u00a0qui en font le charme.<\/span><\/p>\n<p data-mce-fragment=\"1\">100% coton.<br \/><span data-mce-fragment=\"1\">Confectionn\u00e9 en Inde.<\/span><br \/>En raison du proc\u00e9d\u00e9 de teinture naturelle utilis\u00e9, les foulards peuvent d\u00e9teindre par frottements sur d&#8217;autres mati\u00e8res. Il est recommand\u00e9\u00a0de les laver \u00e0 30\u00b0 programme d\u00e9licat seuls ou avec des coloris similaires avant de les porter pour la premi\u00e8re fois.<\/p>\n<p>Petit : environ\u00a050\u00a0x\u00a050 cm.<br \/>Grand : environ 100 x 100 cm.<\/p>\n<p data-mce-fragment=\"1\"><em>Chaque collection de foulards est unique, il est impossible d&#8217;obtenir les m\u00eames colorations d&#8217;une s\u00e9rie \u00e0 une autre. En effet, les couleurs sont r\u00e9alis\u00e9es \u00e0 partir de pigments naturels, le s\u00e9chage des tissus se fait \u00e0 l&#8217;ext\u00e9rieur et d\u00e9pend de la m\u00e9t\u00e9o. Pour les personnes qui ont d\u00e9j\u00e0 ces mod\u00e8les et veulent les acqu\u00e9rir de nouveau, sachez que les couleurs peuvent diff\u00e9rer.<\/em><\/p>\n","protected":false},"excerpt":{"rendered":"<p>Collection Apaches Ce carr\u00e9 est confectionn\u00e9 artisanalement\u00a0gr\u00e2ce \u00e0 la technique indienne du block-print et ses couleurs sont r\u00e9alis\u00e9es \u00e0 partir de pigments naturels. Cette confection manuelle peut entra\u00eener certaines &#8220;irr\u00e9gularit\u00e9s&#8221;\u00a0qui en font le charme. 100% coton.Confectionn\u00e9 en Inde.En raison du proc\u00e9d\u00e9 de teinture naturelle utilis\u00e9, les foulards peuvent d\u00e9teindre par frottements sur d&#8217;autres mati\u00e8res. Il [&hellip;]<\/p>\n","protected":false},"featured_media":4087022,"comment_status":"open","ping_status":"closed","template":"","meta":[],"product_brand":[],"product_cat":[],"product_tag":[],"acf":[],"_links":{"self":[{"href":"https:\/\/streetmarkets.fr\/app\/wp-json\/wp\/v2\/product\/4087021"}],"collection":[{"href":"https:\/\/streetmarkets.fr\/app\/wp-json\/wp\/v2\/product"}],"about":[{"href":"https:\/\/streetmarkets.fr\/app\/wp-json\/wp\/v2\/types\/product"}],"replies":[{"embeddable":true,"href":"https:\/\/streetmarkets.fr\/app\/wp-json\/wp\/v2\/comments?post=4087021"}],"wp:featuredmedia":[{"embeddable":true,"href":"https:\/\/streetmarkets.fr\/app\/wp-json\/wp\/v2\/media\/4087022"}],"wp:attachment":[{"href":"https:\/\/streetmarkets.fr\/app\/wp-json\/wp\/v2\/media?parent=4087021"}],"wp:term":[{"taxonomy":"product_brand","embeddable":true,"href":"https:\/\/streetmarkets.fr\/app\/wp-json\/wp\/v2\/product_brand?post=4087021"},{"taxonomy":"product_cat","embeddable":true,"href":"https:\/\/streetmarkets.fr\/app\/wp-json\/wp\/v2\/product_cat?post=4087021"},{"taxonomy":"product_tag","embeddable":true,"href":"https:\/\/streetmarkets.fr\/app\/wp-json\/wp\/v2\/product_tag?post=4087021"}],"curies":[{"name":"wp","href":"https:\/\/api.w.org\/{rel}","templated":true}]}}