{"id":4086879,"date":"2026-05-05T07:33:49","date_gmt":"2026-05-05T05:33:49","guid":{"rendered":"https:\/\/streetmarkets.fr\/app\/produit\/sneakers-fendi-i-see-you\/"},"modified":"2026-05-08T07:32:39","modified_gmt":"2026-05-08T05:32:39","slug":"sneakers-fendi-i-see-you","status":"publish","type":"product","link":"https:\/\/streetmarkets.fr\/app\/produit\/sneakers-fendi-i-see-you\/","title":{"rendered":"Sneakers Fendi &#8220;I see you&#8221;"},"content":{"rendered":"<p>Ces sneakers <em data-start=\"33\" data-end=\"44\">I See You<\/em> de Fendi sont propos\u00e9es dans un \u00e9tat neuf, accompagn\u00e9es de leur bo\u00eete d\u2019origine et du dustbag sigl\u00e9. Ce mod\u00e8le basse en toile technique noire se distingue par une silhouette contemporaine et des d\u00e9tails iconiques, comme les yeux m\u00e9talliques dor\u00e9s sur la languette, signature visuelle de la ligne <em data-start=\"341\" data-end=\"351\">Bag Bugs<\/em>. La semelle crant\u00e9e en caoutchouc noir apporte \u00e0 la fois stabilit\u00e9 et volume, tandis que les empi\u00e8cements en cuir ton sur ton renforcent les lignes du design. Il s\u2019agit d\u2019une taille 9 UK (\u00e9quivalent EU 43), jamais port\u00e9e.<\/p>\n<div class=\"flex flex-col text-sm\">\n<article class=\"text-token-text-primary w-full focus:outline-none [--shadow-height:45px] has-data-writing-block:pointer-events-none has-data-writing-block:-mt-(--shadow-height) has-data-writing-block:pt-(--shadow-height) [&amp;:has([data-writing-block])&gt;*]:pointer-events-auto scroll-mt-[calc(var(--header-height)+min(200px,max(70px,20svh)))]\" dir=\"auto\" data-turn-id=\"request-697a17b5-6cfc-832e-88aa-4de08e57b0df-1\" data-testid=\"conversation-turn-8\" data-scroll-anchor=\"true\" data-turn=\"assistant\">\n<div class=\"text-base my-auto mx-auto pb-10 [--thread-content-margin:--spacing(4)] @w-sm\/main:[--thread-content-margin:--spacing(6)] @w-lg\/main:[--thread-content-margin:--spacing(16)] px-(--thread-content-margin)\">\n<div class=\"[--thread-content-max-width:40rem] @w-lg\/main:[--thread-content-max-width:48rem] mx-auto max-w-(--thread-content-max-width) flex-1 group\/turn-messages focus-visible:outline-hidden relative flex w-full min-w-0 flex-col agent-turn\">\n<div class=\"flex max-w-full flex-col grow\">\n<div class=\"min-h-8 text-message relative flex w-full flex-col items-end gap-2 text-start break-words whitespace-normal [.text-message+&amp;]:mt-1\" dir=\"auto\" data-message-author-role=\"assistant\" data-message-id=\"4e2909e1-6be3-4733-ba45-445c3176e082\" data-message-model-slug=\"gpt-4o\">\n<div class=\"flex w-full flex-col gap-1 empty:hidden first:pt-[1px]\">\n<div class=\"markdown prose dark:prose-invert w-full wrap-break-word light markdown-new-styling\">\n<p data-start=\"572\" data-end=\"1095\"><strong data-start=\"572\" data-end=\"598\">Historique du Mod\u00e8le :<\/strong><br data-start=\"598\" data-end=\"601\" \/>Lanc\u00e9e au d\u00e9but des ann\u00e9es 2010, la ligne <em data-start=\"643\" data-end=\"654\">I See You<\/em> fait partie de l\u2019univers <em data-start=\"680\" data-end=\"690\">Bag Bugs<\/em>, une collection d\u00e9velopp\u00e9e par Fendi autour de motifs graphiques inspir\u00e9s de figures monstrueuses et ludiques. Ces &#8220;yeux&#8221; sont devenus embl\u00e9matiques de la marque, apparaissant sur les sacs, les accessoires, puis les chaussures. Le mod\u00e8le <em data-start=\"929\" data-end=\"940\">I See You<\/em> illustre la volont\u00e9 de Fendi d\u2019introduire des \u00e9l\u00e9ments de caract\u00e8re dans des pi\u00e8ces fonctionnelles, cr\u00e9ant ainsi un pont entre streetwear et luxe italien.<\/p>\n<p data-start=\"1097\" data-end=\"1576\"><strong data-start=\"1097\" data-end=\"1121\">D\u00e9tails Ext\u00e9rieurs :<\/strong><br data-start=\"1121\" data-end=\"1124\" \/>La tige est en toile technique noire, avec des renforts en cuir ton sur ton autour des \u0153illets et du col, apportant contraste et structure. Le logo Fendi est discr\u00e8tement emboss\u00e9 sur le c\u00f4t\u00e9 ext\u00e9rieur ainsi qu\u2019\u00e0 l\u2019arri\u00e8re de la semelle. Les yeux dor\u00e9s m\u00e9talliques, ins\u00e9r\u00e9s dans la languette, constituent l\u2019\u00e9l\u00e9ment graphique central de la paire. La semelle en caoutchouc sculpt\u00e9 pr\u00e9sente une texture crant\u00e9e pour plus d\u2019adh\u00e9rence et une allure affirm\u00e9e.<\/p>\n<p data-start=\"1578\" data-end=\"1988\"><strong data-start=\"1578\" data-end=\"1602\">D\u00e9tails Int\u00e9rieurs :<\/strong><br data-start=\"1602\" data-end=\"1605\" \/>L\u2019int\u00e9rieur est doubl\u00e9 de tissu technique, avec un col en finition c\u00f4tel\u00e9e pour un bon maintien. La semelle int\u00e9rieure est logotyp\u00e9e &#8220;FENDI ROMA&#8221; et offre un confort optimis\u00e9 gr\u00e2ce \u00e0 un l\u00e9ger rembourrage. Sous la languette, un num\u00e9ro de s\u00e9rie unique est pr\u00e9sent, garantissant l\u2019authenticit\u00e9 du mod\u00e8le. Cette paire est fabriqu\u00e9e en Italie, selon les standards de qualit\u00e9 de la maison.<\/p>\n<p data-start=\"1990\" data-end=\"2260\"><strong data-start=\"1990\" data-end=\"2011\">\u00c9tat du Produit :<\/strong><br data-start=\"2011\" data-end=\"2014\" \/>Les sneakers sont neuves, sans aucune trace d\u2019usage. Les semelles sont impeccables, les mati\u00e8res intactes, et les \u00e9l\u00e9ments m\u00e9talliques sans rayures. Elles sont livr\u00e9es avec leur bo\u00eete jaune Fendi d\u2019origine et leur dustbag en tissu cr\u00e8me logotyp\u00e9.<\/p>\n<p data-start=\"2262\" data-end=\"2619\"><strong data-start=\"2262\" data-end=\"2288\">Conseils d\u2019Entretien :<\/strong><br data-start=\"2288\" data-end=\"2291\" \/>Nettoyer d\u00e9licatement la tige avec une brosse douce et un chiffon l\u00e9g\u00e8rement humide. \u00c9viter toute immersion dans l\u2019eau ou nettoyage en machine. Conserver la paire dans son dustbag \u00e0 l\u2019abri de l\u2019humidit\u00e9 et de la lumi\u00e8re directe. Utiliser des embauchoirs ou du papier de soie pour maintenir la forme lorsqu\u2019elle n\u2019est pas port\u00e9e.<\/p>\n<p data-start=\"2621\" data-end=\"3126\" data-is-last-node=\"\" data-is-only-node=\"\"><strong data-start=\"2621\" data-end=\"2654\">Pourquoi Choisir ce Produit :<\/strong><br data-start=\"2654\" data-end=\"2657\" \/>Le mod\u00e8le <em data-start=\"2667\" data-end=\"2678\">I See You<\/em> combine une esth\u00e9tique urbaine forte avec le savoir-faire artisanal de Fendi. Par ses d\u00e9tails distinctifs, notamment les yeux dor\u00e9s, il incarne l\u2019identit\u00e9 visuelle audacieuse de la maison tout en restant sobre et facile \u00e0 int\u00e9grer dans une garde-robe contemporaine. Pour les amateurs de pi\u00e8ces graphiques et de sneakers de luxe, cette paire neuve, compl\u00e8te avec ses accessoires d\u2019origine, repr\u00e9sente une acquisition \u00e0 la fois styl\u00e9e et recherch\u00e9e.<\/p>\n<\/div>\n<\/div>\n<\/div>\n<\/div>\n<div class=\"z-0 flex min-h-[46px] justify-start\"><\/div>\n<div class=\"mt-3 w-full empty:hidden\">\n<div class=\"text-center\"><\/div>\n<\/div>\n<\/div>\n<\/div>\n<\/article>\n<\/div>\n<div class=\"pointer-events-none h-px w-px absolute bottom-0\" aria-hidden=\"true\" data-edge=\"true\"><\/div>\n","protected":false},"excerpt":{"rendered":"<p>Ces sneakers I See You de Fendi sont propos\u00e9es dans un \u00e9tat neuf, accompagn\u00e9es de leur bo\u00eete d\u2019origine et du dustbag sigl\u00e9. Ce mod\u00e8le basse en toile technique noire se distingue par une silhouette contemporaine et des d\u00e9tails iconiques, comme les yeux m\u00e9talliques dor\u00e9s sur la languette, signature visuelle de la ligne Bag Bugs. La [&hellip;]<\/p>\n","protected":false},"featured_media":4086880,"comment_status":"open","ping_status":"closed","template":"","meta":[],"product_brand":[],"product_cat":[],"product_tag":[],"acf":[],"_links":{"self":[{"href":"https:\/\/streetmarkets.fr\/app\/wp-json\/wp\/v2\/product\/4086879"}],"collection":[{"href":"https:\/\/streetmarkets.fr\/app\/wp-json\/wp\/v2\/product"}],"about":[{"href":"https:\/\/streetmarkets.fr\/app\/wp-json\/wp\/v2\/types\/product"}],"replies":[{"embeddable":true,"href":"https:\/\/streetmarkets.fr\/app\/wp-json\/wp\/v2\/comments?post=4086879"}],"wp:featuredmedia":[{"embeddable":true,"href":"https:\/\/streetmarkets.fr\/app\/wp-json\/wp\/v2\/media\/4086880"}],"wp:attachment":[{"href":"https:\/\/streetmarkets.fr\/app\/wp-json\/wp\/v2\/media?parent=4086879"}],"wp:term":[{"taxonomy":"product_brand","embeddable":true,"href":"https:\/\/streetmarkets.fr\/app\/wp-json\/wp\/v2\/product_brand?post=4086879"},{"taxonomy":"product_cat","embeddable":true,"href":"https:\/\/streetmarkets.fr\/app\/wp-json\/wp\/v2\/product_cat?post=4086879"},{"taxonomy":"product_tag","embeddable":true,"href":"https:\/\/streetmarkets.fr\/app\/wp-json\/wp\/v2\/product_tag?post=4086879"}],"curies":[{"name":"wp","href":"https:\/\/api.w.org\/{rel}","templated":true}]}}