{"id":4086578,"date":"2026-05-05T07:33:22","date_gmt":"2026-05-05T05:33:22","guid":{"rendered":"https:\/\/streetmarkets.fr\/app\/produit\/sac-utility-side-trunk-louis-vuitton-x-virgil-abloh\/"},"modified":"2026-05-08T07:32:29","modified_gmt":"2026-05-08T05:32:29","slug":"sac-utility-side-trunk-louis-vuitton-x-virgil-abloh","status":"publish","type":"product","link":"https:\/\/streetmarkets.fr\/app\/produit\/sac-utility-side-trunk-louis-vuitton-x-virgil-abloh\/","title":{"rendered":"Sac Utility side trunk Louis Vuitton x Virgil Abloh"},"content":{"rendered":"<p>Ce sac Utility Side Trunk Louis Vuitton x Virgil Abloh, issu du d\u00e9fil\u00e9 Homme Printemps-\u00c9t\u00e9 2019, est une pi\u00e8ce embl\u00e9matique qui fusionne l\u2019h\u00e9ritage de la maison avec un esprit r\u00e9solument contemporain. Con\u00e7u en toile Monogram marron agr\u00e9ment\u00e9e de coins en cuir noir, il se distingue par sa forme inspir\u00e9e des malles historiques et son syst\u00e8me de port fa\u00e7on harnais, apportant un style affirm\u00e9 et urbain. Avec sa bandouli\u00e8re r\u00e9glable multipoint, il \u00e9pouse le buste pour un port\u00e9 ergonomique qui s\u00e9duit les amateurs de mode streetwear et de luxe technique. Livr\u00e9 avec sa bo\u00eete et son dustbag d\u2019origine, ce sac en excellent \u00e9tat conserve toute la pr\u00e9cision de ses finitions et la nettet\u00e9 de son Monogram. En tr\u00e8s bon \u00e9tat.<\/p>\n<article class=\"text-token-text-primary w-full\" dir=\"auto\" data-testid=\"conversation-turn-16\" data-scroll-anchor=\"false\">\n<div class=\"text-base my-auto mx-auto py-5 [--thread-content-margin:--spacing(4)] @[37rem]:[--thread-content-margin:--spacing(6)] @[72rem]:[--thread-content-margin:--spacing(16)] px-(--thread-content-margin)\">\n<div class=\"[--thread-content-max-width:32rem] @[34rem]:[--thread-content-max-width:40rem] @[64rem]:[--thread-content-max-width:48rem] mx-auto flex max-w-(--thread-content-max-width) flex-1 text-base gap-4 md:gap-5 lg:gap-6 group\/turn-messages focus-visible:outline-hidden\">\n<div class=\"group\/conversation-turn relative flex w-full min-w-0 flex-col agent-turn\">\n<div class=\"relative flex-col gap-1 md:gap-3\">\n<div class=\"flex max-w-full flex-col grow\">\n<div class=\"min-h-8 text-message relative flex w-full flex-col items-end gap-2 text-start break-words whitespace-normal [.text-message+&amp;]:mt-5\" dir=\"auto\" data-message-author-role=\"assistant\" data-message-id=\"26ced734-aa40-4795-a74b-1b419a3d7595\" data-message-model-slug=\"gpt-4o\">\n<div class=\"flex w-full flex-col gap-1 empty:hidden first:pt-[3px]\">\n<div class=\"markdown prose dark:prose-invert w-full break-words light\">\n<p data-start=\"718\" data-end=\"1244\"><strong>Historique du Mod\u00e8le :<\/strong><br data-start=\"740\" data-end=\"743\" \/>Pr\u00e9sent\u00e9 lors du premier d\u00e9fil\u00e9 de Virgil Abloh pour Louis Vuitton en 2019, le sac Utility Side Trunk incarne la rencontre entre le savoir-faire traditionnel de la maison et l\u2019esth\u00e9tique avant-gardiste du cr\u00e9ateur. Avec cette pi\u00e8ce, Abloh r\u00e9invente les codes des bagages iconiques de Louis Vuitton en les adaptant \u00e0 un vestiaire moderne et citadin. Ce mod\u00e8le illustre parfaitement sa volont\u00e9 de cr\u00e9er des accessoires hybrides, entre utilit\u00e9 et style, en phase avec les tendances du streetwear de luxe.<\/p>\n<p data-start=\"1246\" data-end=\"1718\"><strong>D\u00e9tails Ext\u00e9rieurs :<\/strong><br data-start=\"1266\" data-end=\"1269\" \/>La toile Monogram marron est rehauss\u00e9e de d\u00e9tails en cuir noir lisse sur les coins et les finitions, cr\u00e9ant un contraste subtil et graphique. Le format compact et structur\u00e9 rappelle les malles embl\u00e9matiques de la maison, tandis que le syst\u00e8me de port harnais en cuir et textile technique noir permet un port\u00e9 ajust\u00e9 au corps, pens\u00e9 pour un look mode et fonctionnel. Les fermetures zipp\u00e9es noires mates soulignent l\u2019esprit contemporain de l\u2019ensemble.<\/p>\n<p data-start=\"1720\" data-end=\"2068\"><strong>D\u00e9tails Int\u00e9rieurs :<\/strong><br data-start=\"1740\" data-end=\"1743\" \/>L\u2019int\u00e9rieur est doubl\u00e9 en textile noir r\u00e9sistant et sobre. Il comprend un espace principal bien proportionn\u00e9 pour accueillir l\u2019essentiel du quotidien ainsi qu\u2019une petite poche plaqu\u00e9e pour organiser cartes ou accessoires. La conception minimaliste refl\u00e8te l\u2019esprit utilitaire du sac tout en assurant une utilisation pratique.<\/p>\n<p data-start=\"2070\" data-end=\"2384\"><strong>\u00c9tat du Produit :<\/strong><br data-start=\"2087\" data-end=\"2090\" \/>Ce sac Utility Side Trunk Louis Vuitton est en excellent \u00e9tat. La toile Monogram est parfaitement conserv\u00e9e, sans rayures ni traces d\u2019usure. Les ferrures et fermetures fonctionnent impeccablement, et les sangles en cuir sont nettes et souples. L\u2019int\u00e9rieur est propre, sans tache ni d\u00e9formation.<\/p>\n<p data-start=\"2386\" data-end=\"2714\"><strong>Conseils d\u2019Entretien :<\/strong><br data-start=\"2408\" data-end=\"2411\" \/>Pour pr\u00e9server ce sac, il est conseill\u00e9 de le ranger dans son dustbag lorsqu\u2019il n\u2019est pas utilis\u00e9. Nettoyer la toile Monogram avec un chiffon doux l\u00e9g\u00e8rement humide et nourrir ponctuellement les parties en cuir avec un soin adapt\u00e9. \u00c9viter une exposition prolong\u00e9e \u00e0 l\u2019humidit\u00e9 et aux sources de chaleur.<\/p>\n<p data-start=\"2716\" data-end=\"3147\" data-is-last-node=\"\" data-is-only-node=\"\"><strong>Pourquoi Choisir ce Produit :<\/strong><br data-start=\"2745\" data-end=\"2748\" \/>Ce sac Utility Side Trunk est bien plus qu\u2019un simple accessoire : c\u2019est une pi\u00e8ce mode \u00e0 part enti\u00e8re, symbole d\u2019un style branch\u00e9 et d\u2019un luxe d\u00e9complex\u00e9. Id\u00e9al pour celles et ceux qui souhaitent int\u00e9grer un accessoire iconique et contemporain \u00e0 leur garde-robe, il se d\u00e9marque par son design novateur et son port fa\u00e7on harnais, parfait reflet des codes du streetwear et du vestiaire urbain de luxe.<\/p>\n<\/div>\n<\/div>\n<\/div>\n<\/div>\n<div class=\"flex min-h-[46px] justify-start\">\n<div class=\"touch:-me-2 touch:-ms-3.5 -ms-2.5 -me-1 flex flex-wrap items-center gap-y-4 p-1 select-none touch:w-[calc(100%+--spacing(3.5))] -mt-1 w-[calc(100%+--spacing(2.5))] duration-[1.5s] focus-within:transition-none hover:transition-none pointer-events-none [mask-image:linear-gradient(to_right,black_33%,transparent_66%)] [mask-size:300%_100%] [mask-position:100%_0%] motion-safe:transition-[mask-position] group-hover\/turn-messages:pointer-events-auto group-hover\/turn-messages:[mask-position:0_0] group-focus-within\/turn-messages:pointer-events-auto group-focus-within\/turn-messages:[mask-position:0_0] has-data-[state=open]:pointer-events-auto has-data-[state=open]:[mask-position:0_0]\"><\/div>\n<\/div>\n<\/div>\n<div class=\"absolute\">\n<div class=\"flex items-center justify-center\"><\/div>\n<\/div>\n<\/div>\n<\/div>\n<\/div>\n<\/article>\n<article class=\"text-token-text-primary w-full\" dir=\"auto\" data-testid=\"conversation-turn-17\" data-scroll-anchor=\"false\">\n<h5 class=\"sr-only\"><\/h5>\n<\/article>\n","protected":false},"excerpt":{"rendered":"<p>Ce sac Utility Side Trunk Louis Vuitton x Virgil Abloh, issu du d\u00e9fil\u00e9 Homme Printemps-\u00c9t\u00e9 2019, est une pi\u00e8ce embl\u00e9matique qui fusionne l\u2019h\u00e9ritage de la maison avec un esprit r\u00e9solument contemporain. Con\u00e7u en toile Monogram marron agr\u00e9ment\u00e9e de coins en cuir noir, il se distingue par sa forme inspir\u00e9e des malles historiques et son syst\u00e8me [&hellip;]<\/p>\n","protected":false},"featured_media":4086579,"comment_status":"open","ping_status":"closed","template":"","meta":[],"product_brand":[],"product_cat":[],"product_tag":[],"acf":[],"_links":{"self":[{"href":"https:\/\/streetmarkets.fr\/app\/wp-json\/wp\/v2\/product\/4086578"}],"collection":[{"href":"https:\/\/streetmarkets.fr\/app\/wp-json\/wp\/v2\/product"}],"about":[{"href":"https:\/\/streetmarkets.fr\/app\/wp-json\/wp\/v2\/types\/product"}],"replies":[{"embeddable":true,"href":"https:\/\/streetmarkets.fr\/app\/wp-json\/wp\/v2\/comments?post=4086578"}],"wp:featuredmedia":[{"embeddable":true,"href":"https:\/\/streetmarkets.fr\/app\/wp-json\/wp\/v2\/media\/4086579"}],"wp:attachment":[{"href":"https:\/\/streetmarkets.fr\/app\/wp-json\/wp\/v2\/media?parent=4086578"}],"wp:term":[{"taxonomy":"product_brand","embeddable":true,"href":"https:\/\/streetmarkets.fr\/app\/wp-json\/wp\/v2\/product_brand?post=4086578"},{"taxonomy":"product_cat","embeddable":true,"href":"https:\/\/streetmarkets.fr\/app\/wp-json\/wp\/v2\/product_cat?post=4086578"},{"taxonomy":"product_tag","embeddable":true,"href":"https:\/\/streetmarkets.fr\/app\/wp-json\/wp\/v2\/product_tag?post=4086578"}],"curies":[{"name":"wp","href":"https:\/\/api.w.org\/{rel}","templated":true}]}}