{"id":4086503,"date":"2026-05-05T07:33:09","date_gmt":"2026-05-05T05:33:09","guid":{"rendered":"https:\/\/streetmarkets.fr\/app\/produit\/trench-burberry-beige-vintage\/"},"modified":"2026-05-08T07:32:20","modified_gmt":"2026-05-08T05:32:20","slug":"trench-burberry-beige-vintage","status":"publish","type":"product","link":"https:\/\/streetmarkets.fr\/app\/produit\/trench-burberry-beige-vintage\/","title":{"rendered":"Trench Burberry beige vintage"},"content":{"rendered":"<p>Long trench Burberry vintage en coton beige. Boutonnage cach\u00e9. Coupe droite. Taille 52. En tr\u00e8s bon \u00e9tat.<\/p>\n<p>Dimensions : Hauteur 105cm, largeur \u00e9paules 52cm, longueur manches 60cm, largeur buste 62cm.<\/p>\n","protected":false},"excerpt":{"rendered":"<p>Long trench Burberry vintage en coton beige. Boutonnage cach\u00e9. Coupe droite. Taille 52. En tr\u00e8s bon \u00e9tat. Dimensions : Hauteur 105cm, largeur \u00e9paules 52cm, longueur manches 60cm, largeur buste 62cm.<\/p>\n","protected":false},"featured_media":4086504,"comment_status":"open","ping_status":"closed","template":"","meta":[],"product_brand":[],"product_cat":[],"product_tag":[],"acf":[],"_links":{"self":[{"href":"https:\/\/streetmarkets.fr\/app\/wp-json\/wp\/v2\/product\/4086503"}],"collection":[{"href":"https:\/\/streetmarkets.fr\/app\/wp-json\/wp\/v2\/product"}],"about":[{"href":"https:\/\/streetmarkets.fr\/app\/wp-json\/wp\/v2\/types\/product"}],"replies":[{"embeddable":true,"href":"https:\/\/streetmarkets.fr\/app\/wp-json\/wp\/v2\/comments?post=4086503"}],"wp:featuredmedia":[{"embeddable":true,"href":"https:\/\/streetmarkets.fr\/app\/wp-json\/wp\/v2\/media\/4086504"}],"wp:attachment":[{"href":"https:\/\/streetmarkets.fr\/app\/wp-json\/wp\/v2\/media?parent=4086503"}],"wp:term":[{"taxonomy":"product_brand","embeddable":true,"href":"https:\/\/streetmarkets.fr\/app\/wp-json\/wp\/v2\/product_brand?post=4086503"},{"taxonomy":"product_cat","embeddable":true,"href":"https:\/\/streetmarkets.fr\/app\/wp-json\/wp\/v2\/product_cat?post=4086503"},{"taxonomy":"product_tag","embeddable":true,"href":"https:\/\/streetmarkets.fr\/app\/wp-json\/wp\/v2\/product_tag?post=4086503"}],"curies":[{"name":"wp","href":"https:\/\/api.w.org\/{rel}","templated":true}]}}