{"id":4086493,"date":"2026-05-05T07:33:08","date_gmt":"2026-05-05T05:33:08","guid":{"rendered":"https:\/\/streetmarkets.fr\/app\/produit\/reporter-dior-cuir-graine-noir\/"},"modified":"2026-05-12T07:32:28","modified_gmt":"2026-05-12T05:32:28","slug":"reporter-dior-cuir-graine-noir","status":"publish","type":"product","link":"https:\/\/streetmarkets.fr\/app\/produit\/reporter-dior-cuir-graine-noir\/","title":{"rendered":"Reporter Dior cuir grain\u00e9 noir"},"content":{"rendered":"<p>Sacoche Dior \u00e0 bandouli\u00e8re r\u00e9glable en cuir grain\u00e9 noir, nylon et tissu satin\u00e9 bleu marine. Fermeture zipp\u00e9e argent. L&#8217;int\u00e9rieur est en tissu gris chin\u00e9 avec une grande poche zipp\u00e9e. Collection 2014, provient des soldes. Id\u00e9al pour tous les jours. En tr\u00e8s bon \u00e9tat. Livr\u00e9e dans son dustbag d&#8217;origine.<\/p>\n","protected":false},"excerpt":{"rendered":"<p>Sacoche Dior \u00e0 bandouli\u00e8re r\u00e9glable en cuir grain\u00e9 noir, nylon et tissu satin\u00e9 bleu marine. Fermeture zipp\u00e9e argent. L&#8217;int\u00e9rieur est en tissu gris chin\u00e9 avec une grande poche zipp\u00e9e. Collection 2014, provient des soldes. Id\u00e9al pour tous les jours. En tr\u00e8s bon \u00e9tat. Livr\u00e9e dans son dustbag d&#8217;origine.<\/p>\n","protected":false},"featured_media":4086494,"comment_status":"open","ping_status":"closed","template":"","meta":[],"product_brand":[],"product_cat":[],"product_tag":[],"acf":[],"_links":{"self":[{"href":"https:\/\/streetmarkets.fr\/app\/wp-json\/wp\/v2\/product\/4086493"}],"collection":[{"href":"https:\/\/streetmarkets.fr\/app\/wp-json\/wp\/v2\/product"}],"about":[{"href":"https:\/\/streetmarkets.fr\/app\/wp-json\/wp\/v2\/types\/product"}],"replies":[{"embeddable":true,"href":"https:\/\/streetmarkets.fr\/app\/wp-json\/wp\/v2\/comments?post=4086493"}],"wp:featuredmedia":[{"embeddable":true,"href":"https:\/\/streetmarkets.fr\/app\/wp-json\/wp\/v2\/media\/4086494"}],"wp:attachment":[{"href":"https:\/\/streetmarkets.fr\/app\/wp-json\/wp\/v2\/media?parent=4086493"}],"wp:term":[{"taxonomy":"product_brand","embeddable":true,"href":"https:\/\/streetmarkets.fr\/app\/wp-json\/wp\/v2\/product_brand?post=4086493"},{"taxonomy":"product_cat","embeddable":true,"href":"https:\/\/streetmarkets.fr\/app\/wp-json\/wp\/v2\/product_cat?post=4086493"},{"taxonomy":"product_tag","embeddable":true,"href":"https:\/\/streetmarkets.fr\/app\/wp-json\/wp\/v2\/product_tag?post=4086493"}],"curies":[{"name":"wp","href":"https:\/\/api.w.org\/{rel}","templated":true}]}}