{"id":4086430,"date":"2026-05-05T07:33:03","date_gmt":"2026-05-05T05:33:03","guid":{"rendered":"https:\/\/streetmarkets.fr\/app\/produit\/veste-hermes-laine-pied-de-poule-bleu-marine\/"},"modified":"2026-05-10T07:32:40","modified_gmt":"2026-05-10T05:32:40","slug":"veste-hermes-laine-pied-de-poule-bleu-marine","status":"publish","type":"product","link":"https:\/\/streetmarkets.fr\/app\/produit\/veste-hermes-laine-pied-de-poule-bleu-marine\/","title":{"rendered":"Veste Herm\u00e8s laine pied de poule bleu marine"},"content":{"rendered":"<p>Veste Herm\u00e8s en laine bleue. Doublure soie. Fermeture 3 boutons. Deux poches plaqu\u00e9es. Taille 52. En tr\u00e8s bon \u00e9tat.<\/p>\n<p>Dimensions : Hauteur 78,5cm, largeur \u00e9paules 52cm, longueur manches 64cm.<\/p>\n","protected":false},"excerpt":{"rendered":"<p>Veste Herm\u00e8s en laine bleue. Doublure soie. Fermeture 3 boutons. Deux poches plaqu\u00e9es. Taille 52. En tr\u00e8s bon \u00e9tat. Dimensions : Hauteur 78,5cm, largeur \u00e9paules 52cm, longueur manches 64cm.<\/p>\n","protected":false},"featured_media":4086431,"comment_status":"open","ping_status":"closed","template":"","meta":[],"product_brand":[],"product_cat":[],"product_tag":[],"acf":[],"_links":{"self":[{"href":"https:\/\/streetmarkets.fr\/app\/wp-json\/wp\/v2\/product\/4086430"}],"collection":[{"href":"https:\/\/streetmarkets.fr\/app\/wp-json\/wp\/v2\/product"}],"about":[{"href":"https:\/\/streetmarkets.fr\/app\/wp-json\/wp\/v2\/types\/product"}],"replies":[{"embeddable":true,"href":"https:\/\/streetmarkets.fr\/app\/wp-json\/wp\/v2\/comments?post=4086430"}],"wp:featuredmedia":[{"embeddable":true,"href":"https:\/\/streetmarkets.fr\/app\/wp-json\/wp\/v2\/media\/4086431"}],"wp:attachment":[{"href":"https:\/\/streetmarkets.fr\/app\/wp-json\/wp\/v2\/media?parent=4086430"}],"wp:term":[{"taxonomy":"product_brand","embeddable":true,"href":"https:\/\/streetmarkets.fr\/app\/wp-json\/wp\/v2\/product_brand?post=4086430"},{"taxonomy":"product_cat","embeddable":true,"href":"https:\/\/streetmarkets.fr\/app\/wp-json\/wp\/v2\/product_cat?post=4086430"},{"taxonomy":"product_tag","embeddable":true,"href":"https:\/\/streetmarkets.fr\/app\/wp-json\/wp\/v2\/product_tag?post=4086430"}],"curies":[{"name":"wp","href":"https:\/\/api.w.org\/{rel}","templated":true}]}}