{"id":4086264,"date":"2026-05-05T07:32:43","date_gmt":"2026-05-05T05:32:43","guid":{"rendered":"https:\/\/streetmarkets.fr\/app\/produit\/gilet-hermes-imprime-foulard\/"},"modified":"2026-05-10T07:32:29","modified_gmt":"2026-05-10T05:32:29","slug":"gilet-hermes-imprime-foulard","status":"publish","type":"product","link":"https:\/\/streetmarkets.fr\/app\/produit\/gilet-hermes-imprime-foulard\/","title":{"rendered":"Gilet Herm\u00e8s imprim\u00e9 foulard"},"content":{"rendered":"<p>Gilet Herm\u00e8s en soie imprim\u00e9 foulard avec des drapeaux fran\u00e7ais. Taille 50. En tr\u00e8s bon \u00e9tat.<\/p>\n<p>Dimensions : Hauteur 61cm.<\/p>\n","protected":false},"excerpt":{"rendered":"<p>Gilet Herm\u00e8s en soie imprim\u00e9 foulard avec des drapeaux fran\u00e7ais. Taille 50. En tr\u00e8s bon \u00e9tat. Dimensions : Hauteur 61cm.<\/p>\n","protected":false},"featured_media":4086265,"comment_status":"open","ping_status":"closed","template":"","meta":[],"product_brand":[],"product_cat":[],"product_tag":[],"acf":[],"_links":{"self":[{"href":"https:\/\/streetmarkets.fr\/app\/wp-json\/wp\/v2\/product\/4086264"}],"collection":[{"href":"https:\/\/streetmarkets.fr\/app\/wp-json\/wp\/v2\/product"}],"about":[{"href":"https:\/\/streetmarkets.fr\/app\/wp-json\/wp\/v2\/types\/product"}],"replies":[{"embeddable":true,"href":"https:\/\/streetmarkets.fr\/app\/wp-json\/wp\/v2\/comments?post=4086264"}],"wp:featuredmedia":[{"embeddable":true,"href":"https:\/\/streetmarkets.fr\/app\/wp-json\/wp\/v2\/media\/4086265"}],"wp:attachment":[{"href":"https:\/\/streetmarkets.fr\/app\/wp-json\/wp\/v2\/media?parent=4086264"}],"wp:term":[{"taxonomy":"product_brand","embeddable":true,"href":"https:\/\/streetmarkets.fr\/app\/wp-json\/wp\/v2\/product_brand?post=4086264"},{"taxonomy":"product_cat","embeddable":true,"href":"https:\/\/streetmarkets.fr\/app\/wp-json\/wp\/v2\/product_cat?post=4086264"},{"taxonomy":"product_tag","embeddable":true,"href":"https:\/\/streetmarkets.fr\/app\/wp-json\/wp\/v2\/product_tag?post=4086264"}],"curies":[{"name":"wp","href":"https:\/\/api.w.org\/{rel}","templated":true}]}}