{"id":4086232,"date":"2026-05-05T07:32:41","date_gmt":"2026-05-05T05:32:41","guid":{"rendered":"https:\/\/streetmarkets.fr\/app\/produit\/short-noir-comme-des-garcons\/"},"modified":"2026-05-10T07:32:29","modified_gmt":"2026-05-10T05:32:29","slug":"short-noir-comme-des-garcons","status":"publish","type":"product","link":"https:\/\/streetmarkets.fr\/app\/produit\/short-noir-comme-des-garcons\/","title":{"rendered":"Short noir Comme des gar\u00e7ons"},"content":{"rendered":"<p>short en denim noir Comme des gar\u00e7ons par Junya Watanabe. Tablier \u00e0 l&#8217;avant amovible. En tr\u00e8s bon \u00e9tat.<\/p>\n<p>Dimensions : Hauteur 66m, longueur entrejambes 33cm, largeur taille 44cm.<\/p>\n","protected":false},"excerpt":{"rendered":"<p>short en denim noir Comme des gar\u00e7ons par Junya Watanabe. Tablier \u00e0 l&#8217;avant amovible. En tr\u00e8s bon \u00e9tat. Dimensions : Hauteur 66m, longueur entrejambes 33cm, largeur taille 44cm.<\/p>\n","protected":false},"featured_media":4086233,"comment_status":"open","ping_status":"closed","template":"","meta":[],"product_brand":[],"product_cat":[],"product_tag":[],"acf":[],"_links":{"self":[{"href":"https:\/\/streetmarkets.fr\/app\/wp-json\/wp\/v2\/product\/4086232"}],"collection":[{"href":"https:\/\/streetmarkets.fr\/app\/wp-json\/wp\/v2\/product"}],"about":[{"href":"https:\/\/streetmarkets.fr\/app\/wp-json\/wp\/v2\/types\/product"}],"replies":[{"embeddable":true,"href":"https:\/\/streetmarkets.fr\/app\/wp-json\/wp\/v2\/comments?post=4086232"}],"wp:featuredmedia":[{"embeddable":true,"href":"https:\/\/streetmarkets.fr\/app\/wp-json\/wp\/v2\/media\/4086233"}],"wp:attachment":[{"href":"https:\/\/streetmarkets.fr\/app\/wp-json\/wp\/v2\/media?parent=4086232"}],"wp:term":[{"taxonomy":"product_brand","embeddable":true,"href":"https:\/\/streetmarkets.fr\/app\/wp-json\/wp\/v2\/product_brand?post=4086232"},{"taxonomy":"product_cat","embeddable":true,"href":"https:\/\/streetmarkets.fr\/app\/wp-json\/wp\/v2\/product_cat?post=4086232"},{"taxonomy":"product_tag","embeddable":true,"href":"https:\/\/streetmarkets.fr\/app\/wp-json\/wp\/v2\/product_tag?post=4086232"}],"curies":[{"name":"wp","href":"https:\/\/api.w.org\/{rel}","templated":true}]}}