{"id":4086092,"date":"2026-05-05T07:32:24","date_gmt":"2026-05-05T05:32:24","guid":{"rendered":"https:\/\/streetmarkets.fr\/app\/produit\/bague-chanel-metal-martele\/"},"modified":"2026-05-10T07:32:19","modified_gmt":"2026-05-10T05:32:19","slug":"bague-chanel-metal-martele","status":"publish","type":"product","link":"https:\/\/streetmarkets.fr\/app\/produit\/bague-chanel-metal-martele\/","title":{"rendered":"Bague Chanel m\u00e9tal martel\u00e9"},"content":{"rendered":"<p>Bague Chanel en m\u00e9tal martel\u00e9 couleur bronze. Taille 57. En tr\u00e8s bon \u00e9tat.<\/p>\n","protected":false},"excerpt":{"rendered":"<p>Bague Chanel en m\u00e9tal martel\u00e9 couleur bronze. Taille 57. En tr\u00e8s bon \u00e9tat.<\/p>\n","protected":false},"featured_media":4086093,"comment_status":"open","ping_status":"closed","template":"","meta":[],"product_brand":[],"product_cat":[],"product_tag":[],"acf":[],"_links":{"self":[{"href":"https:\/\/streetmarkets.fr\/app\/wp-json\/wp\/v2\/product\/4086092"}],"collection":[{"href":"https:\/\/streetmarkets.fr\/app\/wp-json\/wp\/v2\/product"}],"about":[{"href":"https:\/\/streetmarkets.fr\/app\/wp-json\/wp\/v2\/types\/product"}],"replies":[{"embeddable":true,"href":"https:\/\/streetmarkets.fr\/app\/wp-json\/wp\/v2\/comments?post=4086092"}],"wp:featuredmedia":[{"embeddable":true,"href":"https:\/\/streetmarkets.fr\/app\/wp-json\/wp\/v2\/media\/4086093"}],"wp:attachment":[{"href":"https:\/\/streetmarkets.fr\/app\/wp-json\/wp\/v2\/media?parent=4086092"}],"wp:term":[{"taxonomy":"product_brand","embeddable":true,"href":"https:\/\/streetmarkets.fr\/app\/wp-json\/wp\/v2\/product_brand?post=4086092"},{"taxonomy":"product_cat","embeddable":true,"href":"https:\/\/streetmarkets.fr\/app\/wp-json\/wp\/v2\/product_cat?post=4086092"},{"taxonomy":"product_tag","embeddable":true,"href":"https:\/\/streetmarkets.fr\/app\/wp-json\/wp\/v2\/product_tag?post=4086092"}],"curies":[{"name":"wp","href":"https:\/\/api.w.org\/{rel}","templated":true}]}}