{"id":4081100,"date":"2026-05-05T02:03:55","date_gmt":"2026-05-05T00:03:55","guid":{"rendered":"https:\/\/streetmarkets.fr\/app\/produit\/album-di-famiglia-wide-short-trousers-tc-peeble\/"},"modified":"2026-05-14T02:03:16","modified_gmt":"2026-05-14T00:03:16","slug":"album-di-famiglia-wide-short-trousers-tc-peeble","status":"publish","type":"product","link":"https:\/\/streetmarkets.fr\/app\/produit\/album-di-famiglia-wide-short-trousers-tc-peeble\/","title":{"rendered":"ALBUM DI FAMIGLIA WIDE &#038; SHORT Trousers TC Peeble"},"content":{"rendered":"<p><b>Cr\u00e9ateur :<\/b> Album di Famiglia, Italie<\/p>\n<p><b>D\u00e9tails : <\/b>Pantalon en toile l\u00e9g\u00e8re<\/p>\n<p>100 % coton<\/p>\n<p><em>Details : <span class=\"Y2IQFc\" lang=\"en\">Light canvas pant<\/span><\/em><\/p>\n","protected":false},"excerpt":{"rendered":"<p>Cr\u00e9ateur : Album di Famiglia, Italie D\u00e9tails : Pantalon en toile l\u00e9g\u00e8re 100 % coton Details : Light canvas pant<\/p>\n","protected":false},"featured_media":4081101,"comment_status":"open","ping_status":"closed","template":"","meta":[],"product_brand":[],"product_cat":[],"product_tag":[],"acf":[],"_links":{"self":[{"href":"https:\/\/streetmarkets.fr\/app\/wp-json\/wp\/v2\/product\/4081100"}],"collection":[{"href":"https:\/\/streetmarkets.fr\/app\/wp-json\/wp\/v2\/product"}],"about":[{"href":"https:\/\/streetmarkets.fr\/app\/wp-json\/wp\/v2\/types\/product"}],"replies":[{"embeddable":true,"href":"https:\/\/streetmarkets.fr\/app\/wp-json\/wp\/v2\/comments?post=4081100"}],"wp:featuredmedia":[{"embeddable":true,"href":"https:\/\/streetmarkets.fr\/app\/wp-json\/wp\/v2\/media\/4081101"}],"wp:attachment":[{"href":"https:\/\/streetmarkets.fr\/app\/wp-json\/wp\/v2\/media?parent=4081100"}],"wp:term":[{"taxonomy":"product_brand","embeddable":true,"href":"https:\/\/streetmarkets.fr\/app\/wp-json\/wp\/v2\/product_brand?post=4081100"},{"taxonomy":"product_cat","embeddable":true,"href":"https:\/\/streetmarkets.fr\/app\/wp-json\/wp\/v2\/product_cat?post=4081100"},{"taxonomy":"product_tag","embeddable":true,"href":"https:\/\/streetmarkets.fr\/app\/wp-json\/wp\/v2\/product_tag?post=4081100"}],"curies":[{"name":"wp","href":"https:\/\/api.w.org\/{rel}","templated":true}]}}