{"id":4081076,"date":"2026-05-05T01:55:27","date_gmt":"2026-05-04T23:55:27","guid":{"rendered":"https:\/\/streetmarkets.fr\/app\/produit\/maillot-de-bain-short-s25-homme-navy\/"},"modified":"2026-05-07T01:47:19","modified_gmt":"2026-05-06T23:47:19","slug":"maillot-de-bain-short-s25-homme-navy","status":"publish","type":"product","link":"https:\/\/streetmarkets.fr\/app\/produit\/maillot-de-bain-short-s25-homme-navy\/","title":{"rendered":"Maillot De Bain Short (S25 \/ HOMME \/ Navy)"},"content":{"rendered":"<p><span>&#8211; Short maillot de bain Homme<\/span><br \/><span>&#8211; Taille \u00e9lastiqu\u00e9e avec cordons<\/span><br \/><span>&#8211; 1 poche plaqu\u00e9e \u00e0 rabat au dos<\/span><br \/><span>&#8211; Coupe regular<\/span><\/p>\n","protected":false},"excerpt":{"rendered":"<p>&#8211; Short maillot de bain Homme&#8211; Taille \u00e9lastiqu\u00e9e avec cordons&#8211; 1 poche plaqu\u00e9e \u00e0 rabat au dos&#8211; Coupe regular<\/p>\n","protected":false},"featured_media":4081077,"comment_status":"open","ping_status":"closed","template":"","meta":[],"product_brand":[6868],"product_cat":[],"product_tag":[],"acf":[],"_links":{"self":[{"href":"https:\/\/streetmarkets.fr\/app\/wp-json\/wp\/v2\/product\/4081076"}],"collection":[{"href":"https:\/\/streetmarkets.fr\/app\/wp-json\/wp\/v2\/product"}],"about":[{"href":"https:\/\/streetmarkets.fr\/app\/wp-json\/wp\/v2\/types\/product"}],"replies":[{"embeddable":true,"href":"https:\/\/streetmarkets.fr\/app\/wp-json\/wp\/v2\/comments?post=4081076"}],"wp:featuredmedia":[{"embeddable":true,"href":"https:\/\/streetmarkets.fr\/app\/wp-json\/wp\/v2\/media\/4081077"}],"wp:attachment":[{"href":"https:\/\/streetmarkets.fr\/app\/wp-json\/wp\/v2\/media?parent=4081076"}],"wp:term":[{"taxonomy":"product_brand","embeddable":true,"href":"https:\/\/streetmarkets.fr\/app\/wp-json\/wp\/v2\/product_brand?post=4081076"},{"taxonomy":"product_cat","embeddable":true,"href":"https:\/\/streetmarkets.fr\/app\/wp-json\/wp\/v2\/product_cat?post=4081076"},{"taxonomy":"product_tag","embeddable":true,"href":"https:\/\/streetmarkets.fr\/app\/wp-json\/wp\/v2\/product_tag?post=4081076"}],"curies":[{"name":"wp","href":"https:\/\/api.w.org\/{rel}","templated":true}]}}