{"id":4081068,"date":"2026-05-05T01:55:26","date_gmt":"2026-05-04T23:55:26","guid":{"rendered":"https:\/\/streetmarkets.fr\/app\/produit\/maillot-de-bain-short-s25-homme-storm-blue\/"},"modified":"2026-05-13T01:42:18","modified_gmt":"2026-05-12T23:42:18","slug":"maillot-de-bain-short-s25-homme-storm-blue","status":"publish","type":"product","link":"https:\/\/streetmarkets.fr\/app\/produit\/maillot-de-bain-short-s25-homme-storm-blue\/","title":{"rendered":"Maillot De Bain Short (S25 \/ HOMME \/ Storm Blue)"},"content":{"rendered":"<p>C&#8217;est l&#8217;indispensable de la saison : illuminez votre silhouette avec ce short maillot de bain aux d\u00e9tails vibrants. Muni d&#8217;une taille \u00e9lastiqu\u00e9e, il d\u00e9voile des cordons de serrage et une poche \u00e0 rabat au dos orn\u00e9e d&#8217;un patch &#8220;From Future Beach Club&#8221;.<\/p>\n<p>&#8211; Short maillot de bain Homme<br \/>&#8211; Patch &#8220;From Future Beach Club&#8221;<br \/>&#8211; Cordons de serrage<br \/>&#8211; Poche \u00e0 rabat au dos<br \/>&#8211; Coupe regular<\/p>\n","protected":false},"excerpt":{"rendered":"<p>C&#8217;est l&#8217;indispensable de la saison : illuminez votre silhouette avec ce short maillot de bain aux d\u00e9tails vibrants. Muni d&#8217;une taille \u00e9lastiqu\u00e9e, il d\u00e9voile des cordons de serrage et une poche \u00e0 rabat au dos orn\u00e9e d&#8217;un patch &#8220;From Future Beach Club&#8221;. &#8211; Short maillot de bain Homme&#8211; Patch &#8220;From Future Beach Club&#8221;&#8211; Cordons de [&hellip;]<\/p>\n","protected":false},"featured_media":4081069,"comment_status":"open","ping_status":"closed","template":"","meta":[],"product_brand":[6868],"product_cat":[],"product_tag":[],"acf":[],"_links":{"self":[{"href":"https:\/\/streetmarkets.fr\/app\/wp-json\/wp\/v2\/product\/4081068"}],"collection":[{"href":"https:\/\/streetmarkets.fr\/app\/wp-json\/wp\/v2\/product"}],"about":[{"href":"https:\/\/streetmarkets.fr\/app\/wp-json\/wp\/v2\/types\/product"}],"replies":[{"embeddable":true,"href":"https:\/\/streetmarkets.fr\/app\/wp-json\/wp\/v2\/comments?post=4081068"}],"wp:featuredmedia":[{"embeddable":true,"href":"https:\/\/streetmarkets.fr\/app\/wp-json\/wp\/v2\/media\/4081069"}],"wp:attachment":[{"href":"https:\/\/streetmarkets.fr\/app\/wp-json\/wp\/v2\/media?parent=4081068"}],"wp:term":[{"taxonomy":"product_brand","embeddable":true,"href":"https:\/\/streetmarkets.fr\/app\/wp-json\/wp\/v2\/product_brand?post=4081068"},{"taxonomy":"product_cat","embeddable":true,"href":"https:\/\/streetmarkets.fr\/app\/wp-json\/wp\/v2\/product_cat?post=4081068"},{"taxonomy":"product_tag","embeddable":true,"href":"https:\/\/streetmarkets.fr\/app\/wp-json\/wp\/v2\/product_tag?post=4081068"}],"curies":[{"name":"wp","href":"https:\/\/api.w.org\/{rel}","templated":true}]}}