{"id":4063617,"date":"2026-05-02T01:14:28","date_gmt":"2026-05-01T23:14:28","guid":{"rendered":"https:\/\/streetmarkets.fr\/app\/produit\/mini-eventail-mimosa\/"},"modified":"2026-05-06T01:13:28","modified_gmt":"2026-05-05T23:13:28","slug":"mini-eventail-mimosa","status":"publish","type":"product","link":"https:\/\/streetmarkets.fr\/app\/produit\/mini-eventail-mimosa\/","title":{"rendered":"Mini Eventail Mimosa"},"content":{"rendered":"<p class=\"p1\"><a href=\"https:\/\/frenchtouche.com\/collections\/a-fan-of\" title=\"Collection A Fan Of\"><span><strong>Collection A Fan Of<\/strong><\/span><\/a><\/p>\n<p>Ses fleurs sont des rayons lumineux du soleil, r\u00e9chauffant les moments hivernaux o\u00f9 le froid est encore intense. Cette fleur repr\u00e9sente l\u2019amiti\u00e9, la bravoure et le courage, qualit\u00e9s inn\u00e9es des femmes et la magie de leur transmission.<\/p>\n<p>\u00c9ventail mini : une taille d\u2019\u00e9ventail plus petite que vous pouvez porter suspendue.<\/p>\n<ul>\n<li>Dimensions : environ 19 cm ferm\u00e9 \/ environ 34 cm ouvert<\/li>\n<li>100% coton<\/li>\n<li><span>Tige en bois de poirier sans vernis<\/span><\/li>\n<li>Boucle d\u2019accroche dor\u00e9e brillante\n<\/li>\n<li>Encres \u00e9cologiques<\/li>\n<li><span>Gravure &#8221; A FAN OF &#8221; r\u00e9alis\u00e9e \u00e0 la main avec un marquage \u00e0 chaud, un syst\u00e8me d\u2019impression par transfert thermique<\/span><\/li>\n<li>Fabriqu\u00e9 \u00e0 la main en Espagne<\/li>\n<li>Livr\u00e9 dans sa pochette de transport en papier recycl\u00e9<\/li>\n<li>\n<em>Les \u00e9ventails A Fan Of sont des pi\u00e8ces uniques, fabriqu\u00e9es \u00e0 la main localement en Espagne, en utilisant des mat\u00e9riaux et des proc\u00e9d\u00e9s durables<\/em>\n<\/li>\n<\/ul>\n","protected":false},"excerpt":{"rendered":"<p>Collection A Fan Of Ses fleurs sont des rayons lumineux du soleil, r\u00e9chauffant les moments hivernaux o\u00f9 le froid est encore intense. Cette fleur repr\u00e9sente l\u2019amiti\u00e9, la bravoure et le courage, qualit\u00e9s inn\u00e9es des femmes et la magie de leur transmission. \u00c9ventail mini : une taille d\u2019\u00e9ventail plus petite que vous pouvez porter suspendue. Dimensions [&hellip;]<\/p>\n","protected":false},"featured_media":4063618,"comment_status":"open","ping_status":"closed","template":"","meta":[],"product_brand":[],"product_cat":[],"product_tag":[],"acf":[],"_links":{"self":[{"href":"https:\/\/streetmarkets.fr\/app\/wp-json\/wp\/v2\/product\/4063617"}],"collection":[{"href":"https:\/\/streetmarkets.fr\/app\/wp-json\/wp\/v2\/product"}],"about":[{"href":"https:\/\/streetmarkets.fr\/app\/wp-json\/wp\/v2\/types\/product"}],"replies":[{"embeddable":true,"href":"https:\/\/streetmarkets.fr\/app\/wp-json\/wp\/v2\/comments?post=4063617"}],"wp:featuredmedia":[{"embeddable":true,"href":"https:\/\/streetmarkets.fr\/app\/wp-json\/wp\/v2\/media\/4063618"}],"wp:attachment":[{"href":"https:\/\/streetmarkets.fr\/app\/wp-json\/wp\/v2\/media?parent=4063617"}],"wp:term":[{"taxonomy":"product_brand","embeddable":true,"href":"https:\/\/streetmarkets.fr\/app\/wp-json\/wp\/v2\/product_brand?post=4063617"},{"taxonomy":"product_cat","embeddable":true,"href":"https:\/\/streetmarkets.fr\/app\/wp-json\/wp\/v2\/product_cat?post=4063617"},{"taxonomy":"product_tag","embeddable":true,"href":"https:\/\/streetmarkets.fr\/app\/wp-json\/wp\/v2\/product_tag?post=4063617"}],"curies":[{"name":"wp","href":"https:\/\/api.w.org\/{rel}","templated":true}]}}