{"id":4063532,"date":"2026-05-02T01:14:25","date_gmt":"2026-05-01T23:14:25","guid":{"rendered":"https:\/\/streetmarkets.fr\/app\/produit\/pins-luciole\/"},"modified":"2026-05-09T01:13:03","modified_gmt":"2026-05-08T23:13:03","slug":"pins-luciole","status":"publish","type":"product","link":"https:\/\/streetmarkets.fr\/app\/produit\/pins-luciole\/","title":{"rendered":"Pin&#8217;s Luciole"},"content":{"rendered":"<div id=\"product-description-short-41\" class=\"rte-content\">\n<strong><a href=\"\/collections\/coucou-suzette\" title=\"Collection Coucou Suzette\">Collection Coucou Suzette<\/a><\/strong>\u00a0<\/div>\n<div class=\"rte-content\"><\/div>\n<div class=\"rte-content\">\n<p><span style=\"font-weight: 400\" data-mce-fragment=\"1\">On adore la luciole, ce petit \u00eatre f\u00e9\u00e9rique qui illumine les nuits : tout comme ses cop\u2019s, celle-ci a le derri\u00e8re qui brille dans le noir, eh oui ! Un chouette pin\u2019s pr\u00eat \u00e0 twister nos cols et poches de vestes en jean.<\/span><span>\u00a0<\/span><\/p>\n<\/div>\n<div class=\"rte-content\">\n<ul>\n<li><em><span>Composition : laiton et couleurs cloisonn\u00e9es<\/span><\/em><\/li>\n<li><em>Attache papillon<\/em><\/li>\n<li><i>Longueur de la tige : 7 mm<\/i><\/li>\n<li><i><span>Fabriqu\u00e9 en Chine dans une usine audit\u00e9e<\/span><\/i><\/li>\n<\/ul>\n<\/div>\n","protected":false},"excerpt":{"rendered":"<p>Collection Coucou Suzette\u00a0 On adore la luciole, ce petit \u00eatre f\u00e9\u00e9rique qui illumine les nuits : tout comme ses cop\u2019s, celle-ci a le derri\u00e8re qui brille dans le noir, eh oui ! Un chouette pin\u2019s pr\u00eat \u00e0 twister nos cols et poches de vestes en jean.\u00a0 Composition : laiton et couleurs cloisonn\u00e9es Attache papillon Longueur [&hellip;]<\/p>\n","protected":false},"featured_media":4063533,"comment_status":"open","ping_status":"closed","template":"","meta":[],"product_brand":[],"product_cat":[],"product_tag":[],"acf":[],"_links":{"self":[{"href":"https:\/\/streetmarkets.fr\/app\/wp-json\/wp\/v2\/product\/4063532"}],"collection":[{"href":"https:\/\/streetmarkets.fr\/app\/wp-json\/wp\/v2\/product"}],"about":[{"href":"https:\/\/streetmarkets.fr\/app\/wp-json\/wp\/v2\/types\/product"}],"replies":[{"embeddable":true,"href":"https:\/\/streetmarkets.fr\/app\/wp-json\/wp\/v2\/comments?post=4063532"}],"wp:featuredmedia":[{"embeddable":true,"href":"https:\/\/streetmarkets.fr\/app\/wp-json\/wp\/v2\/media\/4063533"}],"wp:attachment":[{"href":"https:\/\/streetmarkets.fr\/app\/wp-json\/wp\/v2\/media?parent=4063532"}],"wp:term":[{"taxonomy":"product_brand","embeddable":true,"href":"https:\/\/streetmarkets.fr\/app\/wp-json\/wp\/v2\/product_brand?post=4063532"},{"taxonomy":"product_cat","embeddable":true,"href":"https:\/\/streetmarkets.fr\/app\/wp-json\/wp\/v2\/product_cat?post=4063532"},{"taxonomy":"product_tag","embeddable":true,"href":"https:\/\/streetmarkets.fr\/app\/wp-json\/wp\/v2\/product_tag?post=4063532"}],"curies":[{"name":"wp","href":"https:\/\/api.w.org\/{rel}","templated":true}]}}