{"id":4063486,"date":"2026-05-02T01:14:23","date_gmt":"2026-05-01T23:14:23","guid":{"rendered":"https:\/\/streetmarkets.fr\/app\/produit\/barrette-coccinelle\/"},"modified":"2026-05-13T01:14:33","modified_gmt":"2026-05-12T23:14:33","slug":"barrette-coccinelle","status":"publish","type":"product","link":"https:\/\/streetmarkets.fr\/app\/produit\/barrette-coccinelle\/","title":{"rendered":"Barrette Coccinelle"},"content":{"rendered":"<div class=\"rte-content\" id=\"product-description-short-41\"><strong><a title=\"Collection Coucou Suzette\" href=\"\/collections\/coucou-suzette\">Collection Coucou Suzette<\/a><\/strong><\/div>\n<div class=\"rte-content\">\n<strong><\/strong>\n<\/div>\n<div class=\"rte-content\">\n<p style=\"font-weight: 400\"><span>Trois petites coccinelles porte-bonheur qui se clipsent \u00e0 nos m\u00e8ches pour des coiffures d\u00e9licieusement champ\u00eatres. Une barrette originale qui nous rappelle de jolis souvenirs d\u2019\u00e9t\u00e9s \u00e0 la campagne.<\/span><\/p>\n<\/div>\n<div class=\"rte-content\">\n<p>Cette barrette est faite \u00e0 partir d&#8217;Acetate de Cellulose recycl\u00e9e &amp; biod\u00e9gradable (Eco-Friendly).<\/p>\n<ul>\n<li><em><span>Composition : ac\u00e9tate de cellulose<\/span><\/em><\/li>\n<li>\n<em>Chaque cr\u00e9ation est unique, la couleur peut varier l\u00e9g\u00e8rement selon le morceau d&#8217;ac\u00e9tate utilis\u00e9<\/em><em><span><\/span><\/em>\n<\/li>\n<li><em>Type d\u2019attache : barrette crocodile en m\u00e9tal<\/em><\/li>\n<li><em><span>Fabriqu\u00e9e en Chine dans une usine audit\u00e9e<\/span><\/em><\/li>\n<li><em>Conseils d\u2019utilisation : \u00e9viter le contact avec l\u2019eau<\/em><\/li>\n<\/ul>\n<\/div>\n<div class=\"rte-content\">\n<div class=\"rte-content\" id=\"product-description-short-123\">\n<p>Dimensions : environ 4,5 cm x 1,7 cm<\/p>\n<\/div>\n<\/div>\n","protected":false},"excerpt":{"rendered":"<p>Collection Coucou Suzette Trois petites coccinelles porte-bonheur qui se clipsent \u00e0 nos m\u00e8ches pour des coiffures d\u00e9licieusement champ\u00eatres. Une barrette originale qui nous rappelle de jolis souvenirs d\u2019\u00e9t\u00e9s \u00e0 la campagne. Cette barrette est faite \u00e0 partir d&#8217;Acetate de Cellulose recycl\u00e9e &amp; biod\u00e9gradable (Eco-Friendly). Composition : ac\u00e9tate de cellulose Chaque cr\u00e9ation est unique, la couleur [&hellip;]<\/p>\n","protected":false},"featured_media":4063487,"comment_status":"open","ping_status":"closed","template":"","meta":[],"product_brand":[],"product_cat":[],"product_tag":[],"acf":[],"_links":{"self":[{"href":"https:\/\/streetmarkets.fr\/app\/wp-json\/wp\/v2\/product\/4063486"}],"collection":[{"href":"https:\/\/streetmarkets.fr\/app\/wp-json\/wp\/v2\/product"}],"about":[{"href":"https:\/\/streetmarkets.fr\/app\/wp-json\/wp\/v2\/types\/product"}],"replies":[{"embeddable":true,"href":"https:\/\/streetmarkets.fr\/app\/wp-json\/wp\/v2\/comments?post=4063486"}],"wp:featuredmedia":[{"embeddable":true,"href":"https:\/\/streetmarkets.fr\/app\/wp-json\/wp\/v2\/media\/4063487"}],"wp:attachment":[{"href":"https:\/\/streetmarkets.fr\/app\/wp-json\/wp\/v2\/media?parent=4063486"}],"wp:term":[{"taxonomy":"product_brand","embeddable":true,"href":"https:\/\/streetmarkets.fr\/app\/wp-json\/wp\/v2\/product_brand?post=4063486"},{"taxonomy":"product_cat","embeddable":true,"href":"https:\/\/streetmarkets.fr\/app\/wp-json\/wp\/v2\/product_cat?post=4063486"},{"taxonomy":"product_tag","embeddable":true,"href":"https:\/\/streetmarkets.fr\/app\/wp-json\/wp\/v2\/product_tag?post=4063486"}],"curies":[{"name":"wp","href":"https:\/\/api.w.org\/{rel}","templated":true}]}}