{"id":4063466,"date":"2026-05-02T01:14:22","date_gmt":"2026-05-01T23:14:22","guid":{"rendered":"https:\/\/streetmarkets.fr\/app\/produit\/boucles-doreilles-papillon-bleu\/"},"modified":"2026-05-13T01:14:33","modified_gmt":"2026-05-12T23:14:33","slug":"boucles-doreilles-papillon-bleu","status":"publish","type":"product","link":"https:\/\/streetmarkets.fr\/app\/produit\/boucles-doreilles-papillon-bleu\/","title":{"rendered":"Boucles d&#8217;oreilles Papillon Bleu"},"content":{"rendered":"<div id=\"product-description-short-41\" class=\"rte-content\">\n<div id=\"product-description-short-123\" class=\"rte-content\">\n<p><strong><a href=\"\/collections\/coucou-suzette\" title=\"Collection Coucou Suzette\">Collection Coucou Suzette<\/a><\/strong><\/p>\n<p style=\"font-weight: 400\"><span>De merveilleux petits papillons bleus qui flottent \u00e0 nos oreilles, accroch\u00e9s \u00e0 de jolis anneaux plaqu\u00e9s or !<\/span><\/p>\n<ul>\n<li><em><span>\u00a0Composition : ac\u00e9tate de cellulose<\/span><\/em><\/li>\n<li>\n<em>Chaque cr\u00e9ation est unique, la couleur peut varier l\u00e9g\u00e8rement selon le morceau d&#8217;ac\u00e9tate utilis\u00e9<\/em><em><span><\/span><\/em>\n<\/li>\n<li><em>Tiges hypoallerg\u00e9niques en acier inoxydable<\/em><\/li>\n<li><em>Couche d&#8217;or 3 microns<\/em><\/li>\n<li><em>Type d\u2019attache : anneau<\/em><\/li>\n<li>\n<em>Conseils d\u2019utilisation : \u00e9viter le contact avec l\u2019eau<\/em><em><\/em>\n<\/li>\n<li><em><span>Fabriqu\u00e9e en Chine dans une usine audit\u00e9e<\/span><\/em><\/li>\n<\/ul>\n<p>Dimensions : environ\u00a0<\/p>\n<\/div>\n<\/div>\n","protected":false},"excerpt":{"rendered":"<p>Collection Coucou Suzette De merveilleux petits papillons bleus qui flottent \u00e0 nos oreilles, accroch\u00e9s \u00e0 de jolis anneaux plaqu\u00e9s or ! \u00a0Composition : ac\u00e9tate de cellulose Chaque cr\u00e9ation est unique, la couleur peut varier l\u00e9g\u00e8rement selon le morceau d&#8217;ac\u00e9tate utilis\u00e9 Tiges hypoallerg\u00e9niques en acier inoxydable Couche d&#8217;or 3 microns Type d\u2019attache : anneau Conseils d\u2019utilisation [&hellip;]<\/p>\n","protected":false},"featured_media":4063467,"comment_status":"open","ping_status":"closed","template":"","meta":[],"product_brand":[],"product_cat":[],"product_tag":[],"acf":[],"_links":{"self":[{"href":"https:\/\/streetmarkets.fr\/app\/wp-json\/wp\/v2\/product\/4063466"}],"collection":[{"href":"https:\/\/streetmarkets.fr\/app\/wp-json\/wp\/v2\/product"}],"about":[{"href":"https:\/\/streetmarkets.fr\/app\/wp-json\/wp\/v2\/types\/product"}],"replies":[{"embeddable":true,"href":"https:\/\/streetmarkets.fr\/app\/wp-json\/wp\/v2\/comments?post=4063466"}],"wp:featuredmedia":[{"embeddable":true,"href":"https:\/\/streetmarkets.fr\/app\/wp-json\/wp\/v2\/media\/4063467"}],"wp:attachment":[{"href":"https:\/\/streetmarkets.fr\/app\/wp-json\/wp\/v2\/media?parent=4063466"}],"wp:term":[{"taxonomy":"product_brand","embeddable":true,"href":"https:\/\/streetmarkets.fr\/app\/wp-json\/wp\/v2\/product_brand?post=4063466"},{"taxonomy":"product_cat","embeddable":true,"href":"https:\/\/streetmarkets.fr\/app\/wp-json\/wp\/v2\/product_cat?post=4063466"},{"taxonomy":"product_tag","embeddable":true,"href":"https:\/\/streetmarkets.fr\/app\/wp-json\/wp\/v2\/product_tag?post=4063466"}],"curies":[{"name":"wp","href":"https:\/\/api.w.org\/{rel}","templated":true}]}}