{"id":4063391,"date":"2026-05-02T01:14:10","date_gmt":"2026-05-01T23:14:10","guid":{"rendered":"https:\/\/streetmarkets.fr\/app\/produit\/trousse-tournelles-xl-ete-2024\/"},"modified":"2026-05-09T01:12:47","modified_gmt":"2026-05-08T23:12:47","slug":"trousse-tournelles-xl-ete-2024","status":"publish","type":"product","link":"https:\/\/streetmarkets.fr\/app\/produit\/trousse-tournelles-xl-ete-2024\/","title":{"rendered":"Trousse Tournelles XL &#8211; \u00c9t\u00e9 2024"},"content":{"rendered":"<p><a href=\"\/collections\/rive-droite-paris\" title=\"Collection Rive Droite Paris\"><strong>Collection Rive Droite Paris<\/strong><\/a><\/p>\n<div style=\"text-align: left\" data-mce-fragment=\"1\">\n<p><span>Plongez dans l&#8217;univers color\u00e9 de la nouvelle collection Moroccan Heritage !<\/span><br data-mce-fragment=\"1\"><span>Laissez-vous tenter par la douceur de ses 4<\/span><span style=\"font-size: 0.875rem\"> coloris tr\u00e8s joyeux : &#8220;Medina Pink&#8221;, &#8220;Turmeric Orange&#8221;, &#8220;Mediterranean Blue&#8221; et &#8220;Palm Green&#8221;.<\/span><\/p>\n<div style=\"text-align: left\" data-mce-fragment=\"1\"><span>Ses doublures int\u00e9rieures sont issues, comme toujours, de fins de stocks de tissus de l&#8217;industrie textile unie \u00e0 qui on donne une seconde vie, sur lesquelles sont imprim\u00e9es des rayures Bleu M\u00e9diterran\u00e9e\/Orange Turmeric ou M\u00e9dina Rose\/Vert Palmier pour encore plus de good vibes !<\/span><\/div>\n<\/div>\n<div style=\"text-align: left\" data-mce-fragment=\"1\"><span class=\"font51\" data-mce-fragment=\"1\"><\/span><\/div>\n<p><span data-mce-fragment=\"1\">Pour cette collection, Tournelles la trousse beaut\u00e9 se d\u00e9cline en format XL <\/span><span data-mce-fragment=\"1\">pour emporter tous vos indispensables de vacances : cr\u00e8mes solaires, maquillage l\u00e9ger, baume \u00e0 l\u00e8vres&#8230;. Vous allez adorer ses couleurs vives et sa doublure fleurie !<\/span><\/p>\n<ul>\n<ul>\n<li>\n<strong>Composition<\/strong><span>\u00a0<\/span>:<span>\u00a0<\/span><span data-mce-fragment=\"1\">Coton recycl\u00e9 &#8211; 84% Coton &amp; 16% Polyester<\/span>\n<\/li>\n<li>\n<span><strong>Emballage :\u00a0<\/strong><\/span>Ce produit est emball\u00e9 avec soin dans un pochon en coton r\u00e9utilisable avec un lien coulissant.<\/li>\n<li>\n<strong>Doublure<\/strong><span>\u00a0<\/span>: 100% polycoton upcycl\u00e9 issu de fins de stocks de tissus de l&#8217;industrie textile. Doublures ray\u00e9s color\u00e9es Bleu M\u00e9diterran\u00e9e\/Orange Turmeric ou \u00a0M\u00e9dina Rose\/Vert Palmier.<\/li>\n<li>\n<strong style=\"font-family: -apple-system, BlinkMacSystemFont, 'San Francisco', 'Segoe UI', Roboto, 'Helvetica Neue', sans-serif;font-size: 0.875rem\">Dimensions<\/strong><span style=\"font-family: -apple-system, BlinkMacSystemFont, 'San Francisco', 'Segoe UI', Roboto, 'Helvetica Neue', sans-serif;font-size: 0.875rem\">\u00a0<\/span><span style=\"font-family: -apple-system, BlinkMacSystemFont, 'San Francisco', 'Segoe UI', Roboto, 'Helvetica Neue', sans-serif;font-size: 0.875rem\">:<\/span><span style=\"font-family: -apple-system, BlinkMacSystemFont, 'San Francisco', 'Segoe UI', Roboto, 'Helvetica Neue', sans-serif;font-size: 0.875rem\"> H14 x L20 x P9 cm<\/span>\n<\/li>\n<li>\n<strong style=\"font-family: -apple-system, BlinkMacSystemFont, 'San Francisco', 'Segoe UI', Roboto, 'Helvetica Neue', sans-serif;font-size: 0.875rem\">Conseils d&#8217;entretien<\/strong><span style=\"font-family: -apple-system, BlinkMacSystemFont, 'San Francisco', 'Segoe UI', Roboto, 'Helvetica Neue', sans-serif;font-size: 0.875rem\">\u00a0<\/span><span style=\"font-family: -apple-system, BlinkMacSystemFont, 'San Francisco', 'Segoe UI', Roboto, 'Helvetica Neue', sans-serif;font-size: 0.875rem\">: Lavage seul en machine \u00e0 froid, programme fragile.\u00a0<\/span>\n<\/li>\n<\/ul>\n<\/ul>\n","protected":false},"excerpt":{"rendered":"<p>Collection Rive Droite Paris Plongez dans l&#8217;univers color\u00e9 de la nouvelle collection Moroccan Heritage !Laissez-vous tenter par la douceur de ses 4 coloris tr\u00e8s joyeux : &#8220;Medina Pink&#8221;, &#8220;Turmeric Orange&#8221;, &#8220;Mediterranean Blue&#8221; et &#8220;Palm Green&#8221;. Ses doublures int\u00e9rieures sont issues, comme toujours, de fins de stocks de tissus de l&#8217;industrie textile unie \u00e0 qui on [&hellip;]<\/p>\n","protected":false},"featured_media":4063392,"comment_status":"open","ping_status":"closed","template":"","meta":[],"product_brand":[],"product_cat":[],"product_tag":[],"acf":[],"_links":{"self":[{"href":"https:\/\/streetmarkets.fr\/app\/wp-json\/wp\/v2\/product\/4063391"}],"collection":[{"href":"https:\/\/streetmarkets.fr\/app\/wp-json\/wp\/v2\/product"}],"about":[{"href":"https:\/\/streetmarkets.fr\/app\/wp-json\/wp\/v2\/types\/product"}],"replies":[{"embeddable":true,"href":"https:\/\/streetmarkets.fr\/app\/wp-json\/wp\/v2\/comments?post=4063391"}],"wp:featuredmedia":[{"embeddable":true,"href":"https:\/\/streetmarkets.fr\/app\/wp-json\/wp\/v2\/media\/4063392"}],"wp:attachment":[{"href":"https:\/\/streetmarkets.fr\/app\/wp-json\/wp\/v2\/media?parent=4063391"}],"wp:term":[{"taxonomy":"product_brand","embeddable":true,"href":"https:\/\/streetmarkets.fr\/app\/wp-json\/wp\/v2\/product_brand?post=4063391"},{"taxonomy":"product_cat","embeddable":true,"href":"https:\/\/streetmarkets.fr\/app\/wp-json\/wp\/v2\/product_cat?post=4063391"},{"taxonomy":"product_tag","embeddable":true,"href":"https:\/\/streetmarkets.fr\/app\/wp-json\/wp\/v2\/product_tag?post=4063391"}],"curies":[{"name":"wp","href":"https:\/\/api.w.org\/{rel}","templated":true}]}}