{"id":4063370,"date":"2026-05-02T01:14:09","date_gmt":"2026-05-01T23:14:09","guid":{"rendered":"https:\/\/streetmarkets.fr\/app\/produit\/sac-celestins-ete-2024\/"},"modified":"2026-05-16T01:12:49","modified_gmt":"2026-05-15T23:12:49","slug":"sac-celestins-ete-2024","status":"publish","type":"product","link":"https:\/\/streetmarkets.fr\/app\/produit\/sac-celestins-ete-2024\/","title":{"rendered":"Sac C\u00e9lestins &#8211; \u00c9t\u00e9 2024"},"content":{"rendered":"<p><span><a href=\"\/collections\/rive-droite-paris\" title=\"Collection Rive Droite Paris\"><strong>Collection Rive Droite Paris<\/strong><\/a><\/span><\/p>\n<p><span>Plongez dans l&#8217;univers color\u00e9 de la nouvelle collection Moroccan Heritage !<\/span><br \/><span>Laissez-vous tenter par la douceur de ses 4<\/span><span style=\"font-size: 0.875rem\"> coloris tr\u00e8s joyeux : &#8220;Medina Pink&#8221;, &#8220;Turmeric Orange&#8221; et &#8220;Mediterranean Blue&#8221; .<\/span><\/p>\n<div style=\"text-align: left\"><span>Ses doublures int\u00e9rieures sont issues, comme toujours, de fins de stocks de tissus de l&#8217;industrie textile unie \u00e0 qui on donne une seconde vie, sur lesquelles sont imprim\u00e9es des rayures Bleu M\u00e9diterran\u00e9e\/Orange Turmeric ou \u00a0M\u00e9dina Rose\/Vert Palmier pour encore plus de good vibes !<\/span><\/div>\n<div style=\"text-align: left\">\n<span><\/span>\n<\/div>\n<p><span>C\u00e9lestins c&#8217;est le sac 24h id\u00e9al pour les vadrouilles du quotidien ou pour un court week-end ! Au quotidien, vous y glissez facilement une tenue de sport, vos affaires de boulot (ordinateur, cahier etc), et toutes vos affaires personnelles comme un porte monnaie, une trousse make-up. Pour un court week-end : vous y mettrez 2 jeans, un pull, un sweat, un tee-shirt, une blouse, une paire de chaussures. Et bien s\u00fbr votre trousse de toilette. Son plus : sa poche int\u00e9rieure zipp\u00e9e pour garder cl\u00e9s et t\u00e9l\u00e9phone \u00e0 port\u00e9e de main.<\/span><\/p>\n<ul>\n<ul>\n<li>\n<strong>Composition<\/strong><span>\u00a0<\/span>:<span>\u00a0<\/span><span>Coton recycl\u00e9 &#8211; 84% Coton &amp; 16% Polyester<\/span>\n<\/li>\n<li>\n<span><strong>Emballage :\u00a0<\/strong><\/span>Ce produit est emball\u00e9 avec soin dans un pochon en coton r\u00e9utilisable avec un lien coulissant.<\/li>\n<li>\n<strong>Doublure<\/strong><span>\u00a0<\/span>:<span>\u00a0<\/span><span>100% polycoton upcycl\u00e9 issu de fins de stocks de tissus de l&#8217;industrie textile. Doublures ray\u00e9s Bleu M\u00e9diterrann\u00e9e\/Orange Turmeric ou M\u00e9dina Rose\/Vert Palmier.<\/span>\n<\/li>\n<li>\n<strong>Dimensions<\/strong><span>\u00a0<\/span>: L42 x H33 x P20 cm<\/li>\n<li>\n<strong style=\"font-family: -apple-system, BlinkMacSystemFont, 'San Francisco', 'Segoe UI', Roboto, 'Helvetica Neue', sans-serif;font-size: 0.875rem\">Conseils d&#8217;entretien<\/strong><span style=\"font-family: -apple-system, BlinkMacSystemFont, 'San Francisco', 'Segoe UI', Roboto, 'Helvetica Neue', sans-serif;font-size: 0.875rem\">\u00a0<\/span><span style=\"font-family: -apple-system, BlinkMacSystemFont, 'San Francisco', 'Segoe UI', Roboto, 'Helvetica Neue', sans-serif;font-size: 0.875rem\">: Lavage seul en machine \u00e0 froid, programme fragile. Repasser sur l&#8217;envers.<\/span>\n<\/li>\n<\/ul>\n<\/ul>\n","protected":false},"excerpt":{"rendered":"<p>Collection Rive Droite Paris Plongez dans l&#8217;univers color\u00e9 de la nouvelle collection Moroccan Heritage !Laissez-vous tenter par la douceur de ses 4 coloris tr\u00e8s joyeux : &#8220;Medina Pink&#8221;, &#8220;Turmeric Orange&#8221; et &#8220;Mediterranean Blue&#8221; . Ses doublures int\u00e9rieures sont issues, comme toujours, de fins de stocks de tissus de l&#8217;industrie textile unie \u00e0 qui on donne [&hellip;]<\/p>\n","protected":false},"featured_media":4063371,"comment_status":"open","ping_status":"closed","template":"","meta":[],"product_brand":[],"product_cat":[],"product_tag":[],"acf":[],"_links":{"self":[{"href":"https:\/\/streetmarkets.fr\/app\/wp-json\/wp\/v2\/product\/4063370"}],"collection":[{"href":"https:\/\/streetmarkets.fr\/app\/wp-json\/wp\/v2\/product"}],"about":[{"href":"https:\/\/streetmarkets.fr\/app\/wp-json\/wp\/v2\/types\/product"}],"replies":[{"embeddable":true,"href":"https:\/\/streetmarkets.fr\/app\/wp-json\/wp\/v2\/comments?post=4063370"}],"wp:featuredmedia":[{"embeddable":true,"href":"https:\/\/streetmarkets.fr\/app\/wp-json\/wp\/v2\/media\/4063371"}],"wp:attachment":[{"href":"https:\/\/streetmarkets.fr\/app\/wp-json\/wp\/v2\/media?parent=4063370"}],"wp:term":[{"taxonomy":"product_brand","embeddable":true,"href":"https:\/\/streetmarkets.fr\/app\/wp-json\/wp\/v2\/product_brand?post=4063370"},{"taxonomy":"product_cat","embeddable":true,"href":"https:\/\/streetmarkets.fr\/app\/wp-json\/wp\/v2\/product_cat?post=4063370"},{"taxonomy":"product_tag","embeddable":true,"href":"https:\/\/streetmarkets.fr\/app\/wp-json\/wp\/v2\/product_tag?post=4063370"}],"curies":[{"name":"wp","href":"https:\/\/api.w.org\/{rel}","templated":true}]}}