{"id":4063348,"date":"2026-05-02T01:14:08","date_gmt":"2026-05-01T23:14:08","guid":{"rendered":"https:\/\/streetmarkets.fr\/app\/produit\/grande-barrette-teckel\/"},"modified":"2026-05-02T01:14:13","modified_gmt":"2026-05-01T23:14:13","slug":"grande-barrette-teckel","status":"publish","type":"product","link":"https:\/\/streetmarkets.fr\/app\/produit\/grande-barrette-teckel\/","title":{"rendered":"Grande Barrette Teckel"},"content":{"rendered":"<div id=\"product-description-short-41\" class=\"rte-content\"><strong><a href=\"\/collections\/coucou-suzette\" title=\"Collection Coucou Suzette\">Collection Coucou Suzette<\/a><\/strong><\/div>\n<div class=\"rte-content\"><strong><\/strong><\/div>\n<div class=\"rte-content\"><strong><\/strong><\/div>\n<div class=\"rte-content\">\n<p data-mce-fragment=\"1\">\u00a0<\/p>\n<p data-mce-fragment=\"1\"><span data-mce-fragment=\"1\">Notre teckel d\u2019amour en version barrette des 90\u2019s ! Cet accessoire est une vraie madeleine de Proust, souvent adopt\u00e9 \u00e0 l\u2019\u00e9poque par nos mamans. Le voil\u00e0 remis au go\u00fbt du jour avec notre chien miniature pr\u00e9f\u00e9r\u00e9. La parfaite barrette pour demie queue et autres coiffures originales !<\/span><\/p>\n<p><span><\/span>Cette barrette est faite \u00e0 partir d&#8217;Acetate de Cellulose recycl\u00e9e &amp; biod\u00e9gradable (Eco-Friendly).<\/p>\n<\/div>\n<div class=\"rte-content\">\n<div id=\"product-description-short-123\" class=\"rte-content\">\n<ul>\n<li><em>Chaque cr\u00e9ation est unique, la couleur peut varier l\u00e9g\u00e8rement selon le morceau d&#8217;ac\u00e9tate utilis\u00e9<\/em><\/li>\n<li><em>Type d\u2019attache :<span>\u00a0<\/span>french barrette en m\u00e9tal<\/em><\/li>\n<li><em><span>Fabriqu\u00e9e en Chine dans une usine audit\u00e9e<\/span><\/em><\/li>\n<li><em>Conseils d\u2019utilisation : \u00e9viter le contact avec l\u2019eau<\/em><\/li>\n<\/ul>\n<p>Dimensions : environ 9 cm x 5,5 cm<\/p>\n<\/div>\n<\/div>\n","protected":false},"excerpt":{"rendered":"<p>Collection Coucou Suzette \u00a0 Notre teckel d\u2019amour en version barrette des 90\u2019s ! Cet accessoire est une vraie madeleine de Proust, souvent adopt\u00e9 \u00e0 l\u2019\u00e9poque par nos mamans. Le voil\u00e0 remis au go\u00fbt du jour avec notre chien miniature pr\u00e9f\u00e9r\u00e9. La parfaite barrette pour demie queue et autres coiffures originales ! Cette barrette est faite [&hellip;]<\/p>\n","protected":false},"featured_media":4063349,"comment_status":"open","ping_status":"closed","template":"","meta":[],"product_brand":[],"product_cat":[],"product_tag":[],"acf":[],"_links":{"self":[{"href":"https:\/\/streetmarkets.fr\/app\/wp-json\/wp\/v2\/product\/4063348"}],"collection":[{"href":"https:\/\/streetmarkets.fr\/app\/wp-json\/wp\/v2\/product"}],"about":[{"href":"https:\/\/streetmarkets.fr\/app\/wp-json\/wp\/v2\/types\/product"}],"replies":[{"embeddable":true,"href":"https:\/\/streetmarkets.fr\/app\/wp-json\/wp\/v2\/comments?post=4063348"}],"wp:featuredmedia":[{"embeddable":true,"href":"https:\/\/streetmarkets.fr\/app\/wp-json\/wp\/v2\/media\/4063349"}],"wp:attachment":[{"href":"https:\/\/streetmarkets.fr\/app\/wp-json\/wp\/v2\/media?parent=4063348"}],"wp:term":[{"taxonomy":"product_brand","embeddable":true,"href":"https:\/\/streetmarkets.fr\/app\/wp-json\/wp\/v2\/product_brand?post=4063348"},{"taxonomy":"product_cat","embeddable":true,"href":"https:\/\/streetmarkets.fr\/app\/wp-json\/wp\/v2\/product_cat?post=4063348"},{"taxonomy":"product_tag","embeddable":true,"href":"https:\/\/streetmarkets.fr\/app\/wp-json\/wp\/v2\/product_tag?post=4063348"}],"curies":[{"name":"wp","href":"https:\/\/api.w.org\/{rel}","templated":true}]}}