{"id":4063296,"date":"2026-05-02T01:14:05","date_gmt":"2026-05-01T23:14:05","guid":{"rendered":"https:\/\/streetmarkets.fr\/app\/produit\/carre-de-coton-makasih\/"},"modified":"2026-05-09T01:12:47","modified_gmt":"2026-05-08T23:12:47","slug":"carre-de-coton-makasih","status":"publish","type":"product","link":"https:\/\/streetmarkets.fr\/app\/produit\/carre-de-coton-makasih\/","title":{"rendered":"Carr\u00e9 de coton Makasih"},"content":{"rendered":"<p><span style=\"text-decoration: underline\"><strong><a href=\"https:\/\/frenchtouche.com\/collections\/soie-meme\" title=\"Collection Soie-M\u00eame\">Collection Soie-M\u00eame<\/a><\/strong><\/span><\/p>\n<p>Carr\u00e9 de coton imprim\u00e9<br \/>Environ 130 x 130 cm<\/p>\n<p><span>Illustration originale r\u00e9alis\u00e9e \u00e0 la main par la cr\u00e9atrice de la marque, puis transf\u00e9r\u00e9e num\u00e9riquement. Ce foulard est produit en petites quantit\u00e9s de mani\u00e8re \u00e9thique dans sa ville natale en Turquie.<\/span><br data-v-568ba734=\"\"><br data-v-568ba734=\"\"><span>Fabriqu\u00e9 dans un tr\u00e8s beau coton, le foulard est l\u00e9ger, durable et r\u00e9sistant au boulochage.<\/span><\/p>\n<p><span>Le foulard est pr\u00e9sent\u00e9 dans un pochon 100% coton.<\/span><\/p>\n","protected":false},"excerpt":{"rendered":"<p>Collection Soie-M\u00eame Carr\u00e9 de coton imprim\u00e9Environ 130 x 130 cm Illustration originale r\u00e9alis\u00e9e \u00e0 la main par la cr\u00e9atrice de la marque, puis transf\u00e9r\u00e9e num\u00e9riquement. Ce foulard est produit en petites quantit\u00e9s de mani\u00e8re \u00e9thique dans sa ville natale en Turquie.Fabriqu\u00e9 dans un tr\u00e8s beau coton, le foulard est l\u00e9ger, durable et r\u00e9sistant au boulochage. [&hellip;]<\/p>\n","protected":false},"featured_media":4063297,"comment_status":"open","ping_status":"closed","template":"","meta":[],"product_brand":[],"product_cat":[],"product_tag":[],"acf":[],"_links":{"self":[{"href":"https:\/\/streetmarkets.fr\/app\/wp-json\/wp\/v2\/product\/4063296"}],"collection":[{"href":"https:\/\/streetmarkets.fr\/app\/wp-json\/wp\/v2\/product"}],"about":[{"href":"https:\/\/streetmarkets.fr\/app\/wp-json\/wp\/v2\/types\/product"}],"replies":[{"embeddable":true,"href":"https:\/\/streetmarkets.fr\/app\/wp-json\/wp\/v2\/comments?post=4063296"}],"wp:featuredmedia":[{"embeddable":true,"href":"https:\/\/streetmarkets.fr\/app\/wp-json\/wp\/v2\/media\/4063297"}],"wp:attachment":[{"href":"https:\/\/streetmarkets.fr\/app\/wp-json\/wp\/v2\/media?parent=4063296"}],"wp:term":[{"taxonomy":"product_brand","embeddable":true,"href":"https:\/\/streetmarkets.fr\/app\/wp-json\/wp\/v2\/product_brand?post=4063296"},{"taxonomy":"product_cat","embeddable":true,"href":"https:\/\/streetmarkets.fr\/app\/wp-json\/wp\/v2\/product_cat?post=4063296"},{"taxonomy":"product_tag","embeddable":true,"href":"https:\/\/streetmarkets.fr\/app\/wp-json\/wp\/v2\/product_tag?post=4063296"}],"curies":[{"name":"wp","href":"https:\/\/api.w.org\/{rel}","templated":true}]}}