{"id":4063284,"date":"2026-05-02T01:14:04","date_gmt":"2026-05-01T23:14:04","guid":{"rendered":"https:\/\/streetmarkets.fr\/app\/produit\/pins-poisson\/"},"modified":"2026-05-16T01:12:38","modified_gmt":"2026-05-15T23:12:38","slug":"pins-poisson","status":"publish","type":"product","link":"https:\/\/streetmarkets.fr\/app\/produit\/pins-poisson\/","title":{"rendered":"Pin&#8217;s Poisson"},"content":{"rendered":"<p><a href=\"\/collections\/monsieur-papier\" title=\"Collection Monsieur Papieir\"><strong>Collection Monsieur Papier<\/strong><\/a><\/p>\n<p>Adorable\u00a0<span>Pin&#8217;s bijou \u00e9maill\u00e9, \u00e0 \u00e9pingler partout.<\/span><\/p>\n<p><span>Dimensions 2.1 x 1.6 cm.<br \/>Pin&#8217;s avec attache papillon.<br \/>Zamac \u00e9maill\u00e9 finition dor\u00e9e.<\/span><\/p>\n<p><span>:: Imagin\u00e9 et fabriqu\u00e9 en France ::<\/span><\/p>\n","protected":false},"excerpt":{"rendered":"<p>Collection Monsieur Papier Adorable\u00a0Pin&#8217;s bijou \u00e9maill\u00e9, \u00e0 \u00e9pingler partout. Dimensions 2.1 x 1.6 cm.Pin&#8217;s avec attache papillon.Zamac \u00e9maill\u00e9 finition dor\u00e9e. :: Imagin\u00e9 et fabriqu\u00e9 en France ::<\/p>\n","protected":false},"featured_media":4063285,"comment_status":"open","ping_status":"closed","template":"","meta":[],"product_brand":[],"product_cat":[],"product_tag":[],"acf":[],"_links":{"self":[{"href":"https:\/\/streetmarkets.fr\/app\/wp-json\/wp\/v2\/product\/4063284"}],"collection":[{"href":"https:\/\/streetmarkets.fr\/app\/wp-json\/wp\/v2\/product"}],"about":[{"href":"https:\/\/streetmarkets.fr\/app\/wp-json\/wp\/v2\/types\/product"}],"replies":[{"embeddable":true,"href":"https:\/\/streetmarkets.fr\/app\/wp-json\/wp\/v2\/comments?post=4063284"}],"wp:featuredmedia":[{"embeddable":true,"href":"https:\/\/streetmarkets.fr\/app\/wp-json\/wp\/v2\/media\/4063285"}],"wp:attachment":[{"href":"https:\/\/streetmarkets.fr\/app\/wp-json\/wp\/v2\/media?parent=4063284"}],"wp:term":[{"taxonomy":"product_brand","embeddable":true,"href":"https:\/\/streetmarkets.fr\/app\/wp-json\/wp\/v2\/product_brand?post=4063284"},{"taxonomy":"product_cat","embeddable":true,"href":"https:\/\/streetmarkets.fr\/app\/wp-json\/wp\/v2\/product_cat?post=4063284"},{"taxonomy":"product_tag","embeddable":true,"href":"https:\/\/streetmarkets.fr\/app\/wp-json\/wp\/v2\/product_tag?post=4063284"}],"curies":[{"name":"wp","href":"https:\/\/api.w.org\/{rel}","templated":true}]}}