{"id":4063280,"date":"2026-05-02T01:14:03","date_gmt":"2026-05-01T23:14:03","guid":{"rendered":"https:\/\/streetmarkets.fr\/app\/produit\/ecusson-fichtre\/"},"modified":"2026-05-09T01:12:47","modified_gmt":"2026-05-08T23:12:47","slug":"ecusson-fichtre","status":"publish","type":"product","link":"https:\/\/streetmarkets.fr\/app\/produit\/ecusson-fichtre\/","title":{"rendered":"Ecusson Fichtre"},"content":{"rendered":"<p><a href=\"https:\/\/frenchtouche.com\/collections\/collection-amama\" title=\"Collection Amama\"><b>Collection Amama<\/b><\/a><\/p>\n<div aria-labelledby=\"Summary-product-description\" role=\"region\" class=\"accordion__content\" id=\"CollapsibleAccordion-product-description\">\n<p>\u00c9cusson brod\u00e9 thermocollant pour textile.<br \/>Taille : environ 5,9 x 4,4 cm<\/p>\n<p>Amama, ce sont des \u00e9cussons fabriqu\u00e9s en France avec amour par deux joyeux trublions, incarnant la cr\u00e9ativit\u00e9 et la qualit\u00e9, tout en apportant le zeste d\u2019espi\u00e8glerie qui compl\u00e8tera \u00e0 merveille votre style !<\/p>\n<\/div>\n<div aria-labelledby=\"Summary-product-description\" role=\"region\" class=\"accordion__content\" id=\"CollapsibleAccordion-product-description\">\n<div aria-labelledby=\"Summary-product-manufacturing\" role=\"region\" class=\"accordion__content\" id=\"CollapsibleAccordion-product-manufacturing\">\n<p>Les patchs Amama sont con\u00e7u, dessin\u00e9s, piqu\u00e9 et prototyp\u00e9 \u00e0 Tripleval (78)<br \/>et brod\u00e9s \u00e0 Chatte (38).<\/p>\n<div aria-labelledby=\"Summary-product-instruction\" role=\"region\" class=\"accordion__content\" id=\"CollapsibleAccordion-product-instruction\">\n<p>Thermocollant sur du tissu qui supporte un fer chaud, le coton, le polycoton, le lin, le jean\u2026 Le mode d\u2019emploi est fourni avec l\u2019\u00e9cusson.<\/p>\n<p>Les \u00e9cussons sont lavable, ils sont brod\u00e9s avec du fil grand teint qui r\u00e9siste \u00e0 de hautes temp\u00e9ratures, pas moyen qu\u2019ils deviennent fadasses !<\/p>\n<\/div>\n<\/div>\n<\/div>\n","protected":false},"excerpt":{"rendered":"<p>Collection Amama \u00c9cusson brod\u00e9 thermocollant pour textile.Taille : environ 5,9 x 4,4 cm Amama, ce sont des \u00e9cussons fabriqu\u00e9s en France avec amour par deux joyeux trublions, incarnant la cr\u00e9ativit\u00e9 et la qualit\u00e9, tout en apportant le zeste d\u2019espi\u00e8glerie qui compl\u00e8tera \u00e0 merveille votre style ! Les patchs Amama sont con\u00e7u, dessin\u00e9s, piqu\u00e9 et prototyp\u00e9 [&hellip;]<\/p>\n","protected":false},"featured_media":4063281,"comment_status":"open","ping_status":"closed","template":"","meta":[],"product_brand":[],"product_cat":[],"product_tag":[],"acf":[],"_links":{"self":[{"href":"https:\/\/streetmarkets.fr\/app\/wp-json\/wp\/v2\/product\/4063280"}],"collection":[{"href":"https:\/\/streetmarkets.fr\/app\/wp-json\/wp\/v2\/product"}],"about":[{"href":"https:\/\/streetmarkets.fr\/app\/wp-json\/wp\/v2\/types\/product"}],"replies":[{"embeddable":true,"href":"https:\/\/streetmarkets.fr\/app\/wp-json\/wp\/v2\/comments?post=4063280"}],"wp:featuredmedia":[{"embeddable":true,"href":"https:\/\/streetmarkets.fr\/app\/wp-json\/wp\/v2\/media\/4063281"}],"wp:attachment":[{"href":"https:\/\/streetmarkets.fr\/app\/wp-json\/wp\/v2\/media?parent=4063280"}],"wp:term":[{"taxonomy":"product_brand","embeddable":true,"href":"https:\/\/streetmarkets.fr\/app\/wp-json\/wp\/v2\/product_brand?post=4063280"},{"taxonomy":"product_cat","embeddable":true,"href":"https:\/\/streetmarkets.fr\/app\/wp-json\/wp\/v2\/product_cat?post=4063280"},{"taxonomy":"product_tag","embeddable":true,"href":"https:\/\/streetmarkets.fr\/app\/wp-json\/wp\/v2\/product_tag?post=4063280"}],"curies":[{"name":"wp","href":"https:\/\/api.w.org\/{rel}","templated":true}]}}