{"id":4063220,"date":"2026-05-02T01:13:50","date_gmt":"2026-05-01T23:13:50","guid":{"rendered":"https:\/\/streetmarkets.fr\/app\/produit\/pins-cat-slave\/"},"modified":"2026-05-06T01:13:17","modified_gmt":"2026-05-05T23:13:17","slug":"pins-cat-slave","status":"publish","type":"product","link":"https:\/\/streetmarkets.fr\/app\/produit\/pins-cat-slave\/","title":{"rendered":"Pin&#8217;s Cat Slave"},"content":{"rendered":"<h4><a href=\"\/collections\/all-the-ways-to-say\" title=\"Collection All The Ways To Say\"><strong>Collection\u00a0All The Ways To Say<\/strong><\/a><\/h4>\n<p><span><\/span>Pin&#8217;s en laiton dor\u00e9 et \u00e9maill\u00e9<\/p>\n","protected":false},"excerpt":{"rendered":"<p>Collection\u00a0All The Ways To Say Pin&#8217;s en laiton dor\u00e9 et \u00e9maill\u00e9<\/p>\n","protected":false},"featured_media":4063221,"comment_status":"open","ping_status":"closed","template":"","meta":[],"product_brand":[],"product_cat":[],"product_tag":[],"acf":[],"_links":{"self":[{"href":"https:\/\/streetmarkets.fr\/app\/wp-json\/wp\/v2\/product\/4063220"}],"collection":[{"href":"https:\/\/streetmarkets.fr\/app\/wp-json\/wp\/v2\/product"}],"about":[{"href":"https:\/\/streetmarkets.fr\/app\/wp-json\/wp\/v2\/types\/product"}],"replies":[{"embeddable":true,"href":"https:\/\/streetmarkets.fr\/app\/wp-json\/wp\/v2\/comments?post=4063220"}],"wp:featuredmedia":[{"embeddable":true,"href":"https:\/\/streetmarkets.fr\/app\/wp-json\/wp\/v2\/media\/4063221"}],"wp:attachment":[{"href":"https:\/\/streetmarkets.fr\/app\/wp-json\/wp\/v2\/media?parent=4063220"}],"wp:term":[{"taxonomy":"product_brand","embeddable":true,"href":"https:\/\/streetmarkets.fr\/app\/wp-json\/wp\/v2\/product_brand?post=4063220"},{"taxonomy":"product_cat","embeddable":true,"href":"https:\/\/streetmarkets.fr\/app\/wp-json\/wp\/v2\/product_cat?post=4063220"},{"taxonomy":"product_tag","embeddable":true,"href":"https:\/\/streetmarkets.fr\/app\/wp-json\/wp\/v2\/product_tag?post=4063220"}],"curies":[{"name":"wp","href":"https:\/\/api.w.org\/{rel}","templated":true}]}}