{"id":4063205,"date":"2026-05-02T01:13:48","date_gmt":"2026-05-01T23:13:48","guid":{"rendered":"https:\/\/streetmarkets.fr\/app\/produit\/sweat-le-leon\/"},"modified":"2026-05-11T01:12:44","modified_gmt":"2026-05-10T23:12:44","slug":"sweat-le-leon","status":"publish","type":"product","link":"https:\/\/streetmarkets.fr\/app\/produit\/sweat-le-leon\/","title":{"rendered":"Sweat Le L\u00e9on"},"content":{"rendered":"<p><span><a href=\"https:\/\/french-touche-paris.myshopify.com\/collections\/lamer-superieur\" title=\"Collection L'Amer Sup\u00e9rieur\"><strong>Collection L&#8217;Amer Sup\u00e9rieur<\/strong><\/a><\/span><\/p>\n<p><span><\/span>Sweat-shirt mixte.<br \/>Brod\u00e9 \u00e0 Nancy.<\/p>\n<p>:: <span data-mce-fragment=\"1\">85% coton biologique fil\u00e9 et peign\u00e9, 15% polyester recycl\u00e9, plus doux qu&#8217;un c\u00e2lin de ta m\u00e8re<\/span> ::<\/p>\n<p>Lavage en machine \u00e0 30\u00b0 sur l&#8217;envers.<br \/>S\u00e8che-linge d\u00e9conseill\u00e9.<\/p>\n","protected":false},"excerpt":{"rendered":"<p>Collection L&#8217;Amer Sup\u00e9rieur Sweat-shirt mixte.Brod\u00e9 \u00e0 Nancy. :: 85% coton biologique fil\u00e9 et peign\u00e9, 15% polyester recycl\u00e9, plus doux qu&#8217;un c\u00e2lin de ta m\u00e8re :: Lavage en machine \u00e0 30\u00b0 sur l&#8217;envers.S\u00e8che-linge d\u00e9conseill\u00e9.<\/p>\n","protected":false},"featured_media":4063206,"comment_status":"open","ping_status":"closed","template":"","meta":[],"product_brand":[],"product_cat":[],"product_tag":[],"acf":[],"_links":{"self":[{"href":"https:\/\/streetmarkets.fr\/app\/wp-json\/wp\/v2\/product\/4063205"}],"collection":[{"href":"https:\/\/streetmarkets.fr\/app\/wp-json\/wp\/v2\/product"}],"about":[{"href":"https:\/\/streetmarkets.fr\/app\/wp-json\/wp\/v2\/types\/product"}],"replies":[{"embeddable":true,"href":"https:\/\/streetmarkets.fr\/app\/wp-json\/wp\/v2\/comments?post=4063205"}],"wp:featuredmedia":[{"embeddable":true,"href":"https:\/\/streetmarkets.fr\/app\/wp-json\/wp\/v2\/media\/4063206"}],"wp:attachment":[{"href":"https:\/\/streetmarkets.fr\/app\/wp-json\/wp\/v2\/media?parent=4063205"}],"wp:term":[{"taxonomy":"product_brand","embeddable":true,"href":"https:\/\/streetmarkets.fr\/app\/wp-json\/wp\/v2\/product_brand?post=4063205"},{"taxonomy":"product_cat","embeddable":true,"href":"https:\/\/streetmarkets.fr\/app\/wp-json\/wp\/v2\/product_cat?post=4063205"},{"taxonomy":"product_tag","embeddable":true,"href":"https:\/\/streetmarkets.fr\/app\/wp-json\/wp\/v2\/product_tag?post=4063205"}],"curies":[{"name":"wp","href":"https:\/\/api.w.org\/{rel}","templated":true}]}}