{"id":4063159,"date":"2026-05-02T01:13:46","date_gmt":"2026-05-01T23:13:46","guid":{"rendered":"https:\/\/streetmarkets.fr\/app\/produit\/pins-coquelicot\/"},"modified":"2026-05-06T01:13:07","modified_gmt":"2026-05-05T23:13:07","slug":"pins-coquelicot","status":"publish","type":"product","link":"https:\/\/streetmarkets.fr\/app\/produit\/pins-coquelicot\/","title":{"rendered":"Pin&#8217;s Coquelicot"},"content":{"rendered":"<div class=\"rte-content\" id=\"product-description-short-41\">\n<strong><a title=\"Collection Coucou Suzette\" href=\"\/collections\/coucou-suzette\">Collection Coucou Suzette<\/a><\/strong>\u00a0<\/div>\n<div class=\"rte-content\"><\/div>\n<div class=\"rte-content\">\n<p><span data-mce-fragment=\"1\">Un joli coquelicot rouge orang\u00e9 flamboyant avec un c\u0153ur noir tout en paillettes qui ajoutera une belle touche de couleur \u00e0 votre chemise en jean. De quoi attirer tous les pollinisateurs du quartier !<\/span><\/p>\n<\/div>\n<div class=\"rte-content\">\n<ul>\n<li><em>Attache papillon<\/em><\/li>\n<li><i>Longueur de la tige : 7 mm<\/i><\/li>\n<\/ul>\n<p>Pin&#8217;s en laiton et couleurs cloisonn\u00e9es<\/p>\n<p><span>Fabriqu\u00e9 en Chine dans une usine audit\u00e9e<\/span><\/p>\n<\/div>\n","protected":false},"excerpt":{"rendered":"<p>Collection Coucou Suzette\u00a0 Un joli coquelicot rouge orang\u00e9 flamboyant avec un c\u0153ur noir tout en paillettes qui ajoutera une belle touche de couleur \u00e0 votre chemise en jean. De quoi attirer tous les pollinisateurs du quartier ! Attache papillon Longueur de la tige : 7 mm Pin&#8217;s en laiton et couleurs cloisonn\u00e9es Fabriqu\u00e9 en Chine [&hellip;]<\/p>\n","protected":false},"featured_media":4063160,"comment_status":"open","ping_status":"closed","template":"","meta":[],"product_brand":[],"product_cat":[],"product_tag":[],"acf":[],"_links":{"self":[{"href":"https:\/\/streetmarkets.fr\/app\/wp-json\/wp\/v2\/product\/4063159"}],"collection":[{"href":"https:\/\/streetmarkets.fr\/app\/wp-json\/wp\/v2\/product"}],"about":[{"href":"https:\/\/streetmarkets.fr\/app\/wp-json\/wp\/v2\/types\/product"}],"replies":[{"embeddable":true,"href":"https:\/\/streetmarkets.fr\/app\/wp-json\/wp\/v2\/comments?post=4063159"}],"wp:featuredmedia":[{"embeddable":true,"href":"https:\/\/streetmarkets.fr\/app\/wp-json\/wp\/v2\/media\/4063160"}],"wp:attachment":[{"href":"https:\/\/streetmarkets.fr\/app\/wp-json\/wp\/v2\/media?parent=4063159"}],"wp:term":[{"taxonomy":"product_brand","embeddable":true,"href":"https:\/\/streetmarkets.fr\/app\/wp-json\/wp\/v2\/product_brand?post=4063159"},{"taxonomy":"product_cat","embeddable":true,"href":"https:\/\/streetmarkets.fr\/app\/wp-json\/wp\/v2\/product_cat?post=4063159"},{"taxonomy":"product_tag","embeddable":true,"href":"https:\/\/streetmarkets.fr\/app\/wp-json\/wp\/v2\/product_tag?post=4063159"}],"curies":[{"name":"wp","href":"https:\/\/api.w.org\/{rel}","templated":true}]}}