{"id":4063103,"date":"2026-05-02T01:13:44","date_gmt":"2026-05-01T23:13:44","guid":{"rendered":"https:\/\/streetmarkets.fr\/app\/produit\/barrette-champignon\/"},"modified":"2026-05-06T01:13:07","modified_gmt":"2026-05-05T23:13:07","slug":"barrette-champignon","status":"publish","type":"product","link":"https:\/\/streetmarkets.fr\/app\/produit\/barrette-champignon\/","title":{"rendered":"Barrette Champignon"},"content":{"rendered":"<div id=\"product-description-short-41\" class=\"rte-content\"><strong><a href=\"\/collections\/coucou-suzette\" title=\"Collection Coucou Suzette\">Collection Coucou Suzette<\/a><\/strong><\/div>\n<div class=\"rte-content\">\n<strong><\/strong>\n<\/div>\n<div class=\"rte-content\">\n<p style=\"font-weight: 400\"><span data-mce-fragment=\"1\">Un trio de petits champignons rouges t\u00e2chet\u00e9s de blanc pr\u00eats \u00e0 s\u2019inviter dans toutes nos coiffures. Cette barrette originale se clipse aussi bien aux petites m\u00e8ches qu\u2019aux chignons ou encore aux v\u00eatements. La petite touche parfaite pour un adorable look esprit promenade dans les bois.<\/span><\/p>\n<\/div>\n<div class=\"rte-content\">\n<p>Cette barrette\u00a0est faite \u00e0 partir d&#8217;Acetate de Cellulose recycl\u00e9e &amp; biod\u00e9gradable (Eco-Friendly).<\/p>\n<ul>\n<li><em>Chaque cr\u00e9ation est unique, la couleur peut varier l\u00e9g\u00e8rement selon le morceau d&#8217;ac\u00e9tate utilis\u00e9<\/em><\/li>\n<li><em>Type d\u2019attache : barrette crocodile en m\u00e9tal<\/em><\/li>\n<li><em>Conseils d\u2019utilisation : \u00e9viter le contact avec l\u2019eau<\/em><\/li>\n<\/ul>\n<\/div>\n<div class=\"rte-content\">\n<div id=\"product-description-short-123\" class=\"rte-content\">\n<p>Dimensions : environ\u00a04 cm x 3,5 cm<\/p>\n<p><span>Fabriqu\u00e9e en Chine dans une usine audit\u00e9e<\/span><\/p>\n<\/div>\n<\/div>\n","protected":false},"excerpt":{"rendered":"<p>Collection Coucou Suzette Un trio de petits champignons rouges t\u00e2chet\u00e9s de blanc pr\u00eats \u00e0 s\u2019inviter dans toutes nos coiffures. Cette barrette originale se clipse aussi bien aux petites m\u00e8ches qu\u2019aux chignons ou encore aux v\u00eatements. La petite touche parfaite pour un adorable look esprit promenade dans les bois. Cette barrette\u00a0est faite \u00e0 partir d&#8217;Acetate de [&hellip;]<\/p>\n","protected":false},"featured_media":4063104,"comment_status":"open","ping_status":"closed","template":"","meta":[],"product_brand":[],"product_cat":[],"product_tag":[],"acf":[],"_links":{"self":[{"href":"https:\/\/streetmarkets.fr\/app\/wp-json\/wp\/v2\/product\/4063103"}],"collection":[{"href":"https:\/\/streetmarkets.fr\/app\/wp-json\/wp\/v2\/product"}],"about":[{"href":"https:\/\/streetmarkets.fr\/app\/wp-json\/wp\/v2\/types\/product"}],"replies":[{"embeddable":true,"href":"https:\/\/streetmarkets.fr\/app\/wp-json\/wp\/v2\/comments?post=4063103"}],"wp:featuredmedia":[{"embeddable":true,"href":"https:\/\/streetmarkets.fr\/app\/wp-json\/wp\/v2\/media\/4063104"}],"wp:attachment":[{"href":"https:\/\/streetmarkets.fr\/app\/wp-json\/wp\/v2\/media?parent=4063103"}],"wp:term":[{"taxonomy":"product_brand","embeddable":true,"href":"https:\/\/streetmarkets.fr\/app\/wp-json\/wp\/v2\/product_brand?post=4063103"},{"taxonomy":"product_cat","embeddable":true,"href":"https:\/\/streetmarkets.fr\/app\/wp-json\/wp\/v2\/product_cat?post=4063103"},{"taxonomy":"product_tag","embeddable":true,"href":"https:\/\/streetmarkets.fr\/app\/wp-json\/wp\/v2\/product_tag?post=4063103"}],"curies":[{"name":"wp","href":"https:\/\/api.w.org\/{rel}","templated":true}]}}