{"id":4063046,"date":"2026-05-02T01:13:41","date_gmt":"2026-05-01T23:13:41","guid":{"rendered":"https:\/\/streetmarkets.fr\/app\/produit\/grand-carre-soie-circus\/"},"modified":"2026-05-06T01:13:07","modified_gmt":"2026-05-05T23:13:07","slug":"grand-carre-soie-circus","status":"publish","type":"product","link":"https:\/\/streetmarkets.fr\/app\/produit\/grand-carre-soie-circus\/","title":{"rendered":"Grand Carr\u00e9 Soie CIRCUS"},"content":{"rendered":"<p data-mce-fragment=\"1\"><strong data-mce-fragment=\"1\"><a title=\"Collection De Novembre\" href=\"https:\/\/frenchtouche.com\/collections\/de-novembre\" data-mce-fragment=\"1\" data-mce-href=\"https:\/\/frenchtouche.com\/collections\/de-novembre\">Collection De Novembre<\/a><\/strong><\/p>\n<p><span>CIRCUS\u00a0est un magnifique\u00a0carr\u00e9 de soie\u00a0de grande dimension, intense et vibrant.<\/span><br \/><span>Cr\u00e9\u00e9<\/span><span>\u00a0en teinture artisanale.<\/span><\/p>\n<p>Coloris\u00a0Vert et Noir.<\/p>\n<p>100% Twill de soie.<\/p>\n<p>Dimensions : 110 x 110 cm<\/p>\n<p data-mce-fragment=\"1\"><span>Confectionn\u00e9 artisanalement en Inde, dans le respect des valeurs \u00e9thiques, sociales et environnementales de la marque.\u00a0Judith Bourdin, la cr\u00e9atrice, collabore depuis plus de 10 ans avec des artisans et coop\u00e9ratives de la r\u00e9gion du Gujarat et du Cachemire riches de nombreux savoir-faire ancestraux.<\/span><\/p>\n<p data-mce-fragment=\"1\">Conseils d&#8217;entretien : lavage \u00e0 sec et repassage doux.<\/p>\n","protected":false},"excerpt":{"rendered":"<p>Collection De Novembre CIRCUS\u00a0est un magnifique\u00a0carr\u00e9 de soie\u00a0de grande dimension, intense et vibrant.Cr\u00e9\u00e9\u00a0en teinture artisanale. Coloris\u00a0Vert et Noir. 100% Twill de soie. Dimensions : 110 x 110 cm Confectionn\u00e9 artisanalement en Inde, dans le respect des valeurs \u00e9thiques, sociales et environnementales de la marque.\u00a0Judith Bourdin, la cr\u00e9atrice, collabore depuis plus de 10 ans avec des [&hellip;]<\/p>\n","protected":false},"featured_media":4063047,"comment_status":"open","ping_status":"closed","template":"","meta":[],"product_brand":[],"product_cat":[],"product_tag":[],"acf":[],"_links":{"self":[{"href":"https:\/\/streetmarkets.fr\/app\/wp-json\/wp\/v2\/product\/4063046"}],"collection":[{"href":"https:\/\/streetmarkets.fr\/app\/wp-json\/wp\/v2\/product"}],"about":[{"href":"https:\/\/streetmarkets.fr\/app\/wp-json\/wp\/v2\/types\/product"}],"replies":[{"embeddable":true,"href":"https:\/\/streetmarkets.fr\/app\/wp-json\/wp\/v2\/comments?post=4063046"}],"wp:featuredmedia":[{"embeddable":true,"href":"https:\/\/streetmarkets.fr\/app\/wp-json\/wp\/v2\/media\/4063047"}],"wp:attachment":[{"href":"https:\/\/streetmarkets.fr\/app\/wp-json\/wp\/v2\/media?parent=4063046"}],"wp:term":[{"taxonomy":"product_brand","embeddable":true,"href":"https:\/\/streetmarkets.fr\/app\/wp-json\/wp\/v2\/product_brand?post=4063046"},{"taxonomy":"product_cat","embeddable":true,"href":"https:\/\/streetmarkets.fr\/app\/wp-json\/wp\/v2\/product_cat?post=4063046"},{"taxonomy":"product_tag","embeddable":true,"href":"https:\/\/streetmarkets.fr\/app\/wp-json\/wp\/v2\/product_tag?post=4063046"}],"curies":[{"name":"wp","href":"https:\/\/api.w.org\/{rel}","templated":true}]}}