{"id":4062965,"date":"2026-05-02T01:13:30","date_gmt":"2026-05-01T23:13:30","guid":{"rendered":"https:\/\/streetmarkets.fr\/app\/produit\/chaussettes-pensee\/"},"modified":"2026-05-06T01:12:52","modified_gmt":"2026-05-05T23:12:52","slug":"chaussettes-pensee","status":"publish","type":"product","link":"https:\/\/streetmarkets.fr\/app\/produit\/chaussettes-pensee\/","title":{"rendered":"Chaussettes Pens\u00e9e"},"content":{"rendered":"<p class=\"p1\"><a title=\"Collection Coucou Suzette\" href=\"\/collections\/coucou-suzette\"><strong>Collection Coucou Suzette<\/strong><\/a><\/p>\n<p><span data-mce-fragment=\"1\">Des chaussettes \u00e0 motifs originaux aussi douces \u00e0 la vue qu\u2019au toucher gr\u00e2ce \u00e0 leur coton certifi\u00e9 OEKO-TEX ! On craque pour cette ribambelle de pens\u00e9es mauves sur un d\u00e9licat fond rose pastel qui bourgeonnent avec joie dans nos baskets. Ces chaussettes fleur sont mixtes et taille unique pour ravir tous les petons.<\/span><\/p>\n<ul>\n<li><em>Chaussettes en coton italien certifi\u00e9 OEKO-TEX\u00ae\ufe0f<\/em><\/li>\n<li><em>Mixtes &#8211;\u00a0Taille unique (du 35 au 44)<\/em><\/li>\n<li><em>Conseils d\u2019entretien\u00a0: laver \u00e0 l\u2019envers \u00e0 30\u00b0<\/em><\/li>\n<li><em>Fabriqu\u00e9es en France<\/em><\/li>\n<\/ul>\n","protected":false},"excerpt":{"rendered":"<p>Collection Coucou Suzette Des chaussettes \u00e0 motifs originaux aussi douces \u00e0 la vue qu\u2019au toucher gr\u00e2ce \u00e0 leur coton certifi\u00e9 OEKO-TEX ! On craque pour cette ribambelle de pens\u00e9es mauves sur un d\u00e9licat fond rose pastel qui bourgeonnent avec joie dans nos baskets. Ces chaussettes fleur sont mixtes et taille unique pour ravir tous les [&hellip;]<\/p>\n","protected":false},"featured_media":4062966,"comment_status":"open","ping_status":"closed","template":"","meta":[],"product_brand":[],"product_cat":[],"product_tag":[],"acf":[],"_links":{"self":[{"href":"https:\/\/streetmarkets.fr\/app\/wp-json\/wp\/v2\/product\/4062965"}],"collection":[{"href":"https:\/\/streetmarkets.fr\/app\/wp-json\/wp\/v2\/product"}],"about":[{"href":"https:\/\/streetmarkets.fr\/app\/wp-json\/wp\/v2\/types\/product"}],"replies":[{"embeddable":true,"href":"https:\/\/streetmarkets.fr\/app\/wp-json\/wp\/v2\/comments?post=4062965"}],"wp:featuredmedia":[{"embeddable":true,"href":"https:\/\/streetmarkets.fr\/app\/wp-json\/wp\/v2\/media\/4062966"}],"wp:attachment":[{"href":"https:\/\/streetmarkets.fr\/app\/wp-json\/wp\/v2\/media?parent=4062965"}],"wp:term":[{"taxonomy":"product_brand","embeddable":true,"href":"https:\/\/streetmarkets.fr\/app\/wp-json\/wp\/v2\/product_brand?post=4062965"},{"taxonomy":"product_cat","embeddable":true,"href":"https:\/\/streetmarkets.fr\/app\/wp-json\/wp\/v2\/product_cat?post=4062965"},{"taxonomy":"product_tag","embeddable":true,"href":"https:\/\/streetmarkets.fr\/app\/wp-json\/wp\/v2\/product_tag?post=4062965"}],"curies":[{"name":"wp","href":"https:\/\/api.w.org\/{rel}","templated":true}]}}