{"id":4062958,"date":"2026-05-02T01:13:29","date_gmt":"2026-05-01T23:13:29","guid":{"rendered":"https:\/\/streetmarkets.fr\/app\/produit\/chaussettes-shiba\/"},"modified":"2026-05-11T01:12:32","modified_gmt":"2026-05-10T23:12:32","slug":"chaussettes-shiba","status":"publish","type":"product","link":"https:\/\/streetmarkets.fr\/app\/produit\/chaussettes-shiba\/","title":{"rendered":"Chaussettes Shiba"},"content":{"rendered":"<p class=\"p1\"><a title=\"Collection Coucou Suzette\" href=\"\/collections\/coucou-suzette\"><strong>Collection Coucou Suzette<\/strong><\/a><\/p>\n<p><span data-mce-fragment=\"1\">Des chaussettes \u00e0 motifs Shiba, ce chien originaire du Japon qui poss\u00e8de \u00e0 la fois un regard malicieux et une bouille de vieux sage. Mais il nous fait toujours craquer avec sa queue recourb\u00e9e et sa personnalit\u00e9 vive.<\/span><\/p>\n<ul>\n<li><em>Chaussettes en coton italien certifi\u00e9 OEKO-TEX\u00ae\ufe0f<\/em><\/li>\n<li><em>Mixtes &#8211;\u00a0Taille unique (du 35 au 44)<\/em><\/li>\n<li><em>Conseils d\u2019entretien\u00a0: laver \u00e0 l\u2019envers \u00e0 30\u00b0<\/em><\/li>\n<li><em>Fabriqu\u00e9es en France<\/em><\/li>\n<\/ul>\n","protected":false},"excerpt":{"rendered":"<p>Collection Coucou Suzette Des chaussettes \u00e0 motifs Shiba, ce chien originaire du Japon qui poss\u00e8de \u00e0 la fois un regard malicieux et une bouille de vieux sage. Mais il nous fait toujours craquer avec sa queue recourb\u00e9e et sa personnalit\u00e9 vive. Chaussettes en coton italien certifi\u00e9 OEKO-TEX\u00ae\ufe0f Mixtes &#8211;\u00a0Taille unique (du 35 au 44) Conseils [&hellip;]<\/p>\n","protected":false},"featured_media":4062959,"comment_status":"open","ping_status":"closed","template":"","meta":[],"product_brand":[],"product_cat":[],"product_tag":[],"acf":[],"_links":{"self":[{"href":"https:\/\/streetmarkets.fr\/app\/wp-json\/wp\/v2\/product\/4062958"}],"collection":[{"href":"https:\/\/streetmarkets.fr\/app\/wp-json\/wp\/v2\/product"}],"about":[{"href":"https:\/\/streetmarkets.fr\/app\/wp-json\/wp\/v2\/types\/product"}],"replies":[{"embeddable":true,"href":"https:\/\/streetmarkets.fr\/app\/wp-json\/wp\/v2\/comments?post=4062958"}],"wp:featuredmedia":[{"embeddable":true,"href":"https:\/\/streetmarkets.fr\/app\/wp-json\/wp\/v2\/media\/4062959"}],"wp:attachment":[{"href":"https:\/\/streetmarkets.fr\/app\/wp-json\/wp\/v2\/media?parent=4062958"}],"wp:term":[{"taxonomy":"product_brand","embeddable":true,"href":"https:\/\/streetmarkets.fr\/app\/wp-json\/wp\/v2\/product_brand?post=4062958"},{"taxonomy":"product_cat","embeddable":true,"href":"https:\/\/streetmarkets.fr\/app\/wp-json\/wp\/v2\/product_cat?post=4062958"},{"taxonomy":"product_tag","embeddable":true,"href":"https:\/\/streetmarkets.fr\/app\/wp-json\/wp\/v2\/product_tag?post=4062958"}],"curies":[{"name":"wp","href":"https:\/\/api.w.org\/{rel}","templated":true}]}}