{"id":4062930,"date":"2026-05-02T01:13:28","date_gmt":"2026-05-01T23:13:28","guid":{"rendered":"https:\/\/streetmarkets.fr\/app\/produit\/porte-cle-arc-en-ciel\/"},"modified":"2026-05-06T01:12:52","modified_gmt":"2026-05-05T23:12:52","slug":"porte-cle-arc-en-ciel","status":"publish","type":"product","link":"https:\/\/streetmarkets.fr\/app\/produit\/porte-cle-arc-en-ciel\/","title":{"rendered":"Porte-cl\u00e9 Arc-en-Ciel"},"content":{"rendered":"<div id=\"product-description-short-41\" class=\"rte-content\">\n<div id=\"product-description-short-123\" class=\"rte-content\">\n<p><a href=\"\/collections\/coucou-suzette\" title=\"Collection Coucou Suzette\"><strong>Collection Coucou Suzette<\/strong><\/a><\/p>\n<p><span data-mce-fragment=\"1\">Quoi de mieux qu\u2019un mignon petit arc-en-ciel \u00e0 paillettes pour veiller sur notre trousseau ? Ce porte-cl\u00e9 cr\u00e9\u00e9 en collaboration avec T\u00eatu scintille de mille feux avec ses couleurs flamboyantes et ses d\u00e9tails dor\u00e9s. Un accessoire rigolo et original qui met juste ce qu\u2019il faut de paillettes dans nos vies !<\/span><\/p>\n<p><span data-mce-fragment=\"1\">Dimensions : environ 4 cm x 8,5 cm<\/span><\/p>\n<\/div>\n<\/div>\n","protected":false},"excerpt":{"rendered":"<p>Collection Coucou Suzette Quoi de mieux qu\u2019un mignon petit arc-en-ciel \u00e0 paillettes pour veiller sur notre trousseau ? Ce porte-cl\u00e9 cr\u00e9\u00e9 en collaboration avec T\u00eatu scintille de mille feux avec ses couleurs flamboyantes et ses d\u00e9tails dor\u00e9s. Un accessoire rigolo et original qui met juste ce qu\u2019il faut de paillettes dans nos vies ! Dimensions [&hellip;]<\/p>\n","protected":false},"featured_media":4062931,"comment_status":"open","ping_status":"closed","template":"","meta":[],"product_brand":[],"product_cat":[],"product_tag":[],"acf":[],"_links":{"self":[{"href":"https:\/\/streetmarkets.fr\/app\/wp-json\/wp\/v2\/product\/4062930"}],"collection":[{"href":"https:\/\/streetmarkets.fr\/app\/wp-json\/wp\/v2\/product"}],"about":[{"href":"https:\/\/streetmarkets.fr\/app\/wp-json\/wp\/v2\/types\/product"}],"replies":[{"embeddable":true,"href":"https:\/\/streetmarkets.fr\/app\/wp-json\/wp\/v2\/comments?post=4062930"}],"wp:featuredmedia":[{"embeddable":true,"href":"https:\/\/streetmarkets.fr\/app\/wp-json\/wp\/v2\/media\/4062931"}],"wp:attachment":[{"href":"https:\/\/streetmarkets.fr\/app\/wp-json\/wp\/v2\/media?parent=4062930"}],"wp:term":[{"taxonomy":"product_brand","embeddable":true,"href":"https:\/\/streetmarkets.fr\/app\/wp-json\/wp\/v2\/product_brand?post=4062930"},{"taxonomy":"product_cat","embeddable":true,"href":"https:\/\/streetmarkets.fr\/app\/wp-json\/wp\/v2\/product_cat?post=4062930"},{"taxonomy":"product_tag","embeddable":true,"href":"https:\/\/streetmarkets.fr\/app\/wp-json\/wp\/v2\/product_tag?post=4062930"}],"curies":[{"name":"wp","href":"https:\/\/api.w.org\/{rel}","templated":true}]}}