{"id":4062923,"date":"2026-05-02T01:13:28","date_gmt":"2026-05-01T23:13:28","guid":{"rendered":"https:\/\/streetmarkets.fr\/app\/produit\/pins-arc-en-ciel\/"},"modified":"2026-05-06T01:12:52","modified_gmt":"2026-05-05T23:12:52","slug":"pins-arc-en-ciel","status":"publish","type":"product","link":"https:\/\/streetmarkets.fr\/app\/produit\/pins-arc-en-ciel\/","title":{"rendered":"Pin&#8217;s Arc-en-Ciel"},"content":{"rendered":"<div id=\"product-description-short-41\" class=\"rte-content\">\n<strong><a href=\"\/collections\/coucou-suzette\" title=\"Collection Coucou Suzette\">Collection Coucou Suzette<\/a><\/strong>\u00a0<\/div>\n<div class=\"rte-content\"><\/div>\n<div class=\"rte-content\">\n<p>Un joli petit pin\u2019s arc-en-ciel \u00e0 paillettes qui s\u2019accroche gaiement \u00e0 nos vestes en jean pour briller \u00e0 la marche des fiert\u00e9s ! On adore cet accessoire rigolo tout en couleur qui c\u00e9l\u00e8bre l\u2019amour sous toutes ses formes.<\/p>\n<p>En collaboration avec T\u00eatu, le magazine aussi sexy que d\u00e9complex\u00e9.<\/p>\n<\/div>\n<div class=\"rte-content\">\n<ul>\n<li><em>Attache papillon<\/em><\/li>\n<li><i>Longueur de la tige : 7 mm<\/i><\/li>\n<\/ul>\n<p>Pin&#8217;s en laiton, couleurs cloisonn\u00e9es &amp; d\u00e9tails paillettes<\/p>\n<p><span>Dimensions : environs 1,5 x 2,8 cm<\/span><\/p>\n<\/div>\n","protected":false},"excerpt":{"rendered":"<p>Collection Coucou Suzette\u00a0 Un joli petit pin\u2019s arc-en-ciel \u00e0 paillettes qui s\u2019accroche gaiement \u00e0 nos vestes en jean pour briller \u00e0 la marche des fiert\u00e9s ! On adore cet accessoire rigolo tout en couleur qui c\u00e9l\u00e8bre l\u2019amour sous toutes ses formes. En collaboration avec T\u00eatu, le magazine aussi sexy que d\u00e9complex\u00e9. Attache papillon Longueur de [&hellip;]<\/p>\n","protected":false},"featured_media":4062924,"comment_status":"open","ping_status":"closed","template":"","meta":[],"product_brand":[],"product_cat":[],"product_tag":[],"acf":[],"_links":{"self":[{"href":"https:\/\/streetmarkets.fr\/app\/wp-json\/wp\/v2\/product\/4062923"}],"collection":[{"href":"https:\/\/streetmarkets.fr\/app\/wp-json\/wp\/v2\/product"}],"about":[{"href":"https:\/\/streetmarkets.fr\/app\/wp-json\/wp\/v2\/types\/product"}],"replies":[{"embeddable":true,"href":"https:\/\/streetmarkets.fr\/app\/wp-json\/wp\/v2\/comments?post=4062923"}],"wp:featuredmedia":[{"embeddable":true,"href":"https:\/\/streetmarkets.fr\/app\/wp-json\/wp\/v2\/media\/4062924"}],"wp:attachment":[{"href":"https:\/\/streetmarkets.fr\/app\/wp-json\/wp\/v2\/media?parent=4062923"}],"wp:term":[{"taxonomy":"product_brand","embeddable":true,"href":"https:\/\/streetmarkets.fr\/app\/wp-json\/wp\/v2\/product_brand?post=4062923"},{"taxonomy":"product_cat","embeddable":true,"href":"https:\/\/streetmarkets.fr\/app\/wp-json\/wp\/v2\/product_cat?post=4062923"},{"taxonomy":"product_tag","embeddable":true,"href":"https:\/\/streetmarkets.fr\/app\/wp-json\/wp\/v2\/product_tag?post=4062923"}],"curies":[{"name":"wp","href":"https:\/\/api.w.org\/{rel}","templated":true}]}}