{"id":4062898,"date":"2026-05-02T01:13:27","date_gmt":"2026-05-01T23:13:27","guid":{"rendered":"https:\/\/streetmarkets.fr\/app\/produit\/chaussettes-transparentes-corgi\/"},"modified":"2026-05-06T01:12:52","modified_gmt":"2026-05-05T23:12:52","slug":"chaussettes-transparentes-corgi","status":"publish","type":"product","link":"https:\/\/streetmarkets.fr\/app\/produit\/chaussettes-transparentes-corgi\/","title":{"rendered":"Chaussettes Transparentes Corgi"},"content":{"rendered":"<p class=\"p1\"><a title=\"Collection Coucou Suzette\" href=\"\/collections\/coucou-suzette\"><strong>Collection Coucou Suzette<\/strong><\/a><\/p>\n<p>Des chaussettes transparentes \u00e0 motifs Corgi, \u00e0 laisser d\u00e9passer de ses sneakers pour attirer tous les regards ! Le corgi, le chien \u00e0 la d\u00e9marche la plus craquante. Semblable \u00e0 une petite brioche qui se dandine, il est repr\u00e9sent\u00e9 coquin avec sa langue tir\u00e9e.<\/p>\n<p class=\"p1\">Chaussettes transparentes \u00e0 motifs corgi.<br \/>Taille Unique (35-40).<\/p>\n<p class=\"p1\">Laver\u00a0\u00e0 froid, s\u00e9cher\u00a0\u00e0 l&#8217;air libre, ne pas repasser.<br \/><span>Polyester 60%, Coton 39%, Elasthanne 1%<\/span><\/p>\n","protected":false},"excerpt":{"rendered":"<p>Collection Coucou Suzette Des chaussettes transparentes \u00e0 motifs Corgi, \u00e0 laisser d\u00e9passer de ses sneakers pour attirer tous les regards ! Le corgi, le chien \u00e0 la d\u00e9marche la plus craquante. Semblable \u00e0 une petite brioche qui se dandine, il est repr\u00e9sent\u00e9 coquin avec sa langue tir\u00e9e. Chaussettes transparentes \u00e0 motifs corgi.Taille Unique (35-40). Laver\u00a0\u00e0 [&hellip;]<\/p>\n","protected":false},"featured_media":4062899,"comment_status":"open","ping_status":"closed","template":"","meta":[],"product_brand":[],"product_cat":[],"product_tag":[],"acf":[],"_links":{"self":[{"href":"https:\/\/streetmarkets.fr\/app\/wp-json\/wp\/v2\/product\/4062898"}],"collection":[{"href":"https:\/\/streetmarkets.fr\/app\/wp-json\/wp\/v2\/product"}],"about":[{"href":"https:\/\/streetmarkets.fr\/app\/wp-json\/wp\/v2\/types\/product"}],"replies":[{"embeddable":true,"href":"https:\/\/streetmarkets.fr\/app\/wp-json\/wp\/v2\/comments?post=4062898"}],"wp:featuredmedia":[{"embeddable":true,"href":"https:\/\/streetmarkets.fr\/app\/wp-json\/wp\/v2\/media\/4062899"}],"wp:attachment":[{"href":"https:\/\/streetmarkets.fr\/app\/wp-json\/wp\/v2\/media?parent=4062898"}],"wp:term":[{"taxonomy":"product_brand","embeddable":true,"href":"https:\/\/streetmarkets.fr\/app\/wp-json\/wp\/v2\/product_brand?post=4062898"},{"taxonomy":"product_cat","embeddable":true,"href":"https:\/\/streetmarkets.fr\/app\/wp-json\/wp\/v2\/product_cat?post=4062898"},{"taxonomy":"product_tag","embeddable":true,"href":"https:\/\/streetmarkets.fr\/app\/wp-json\/wp\/v2\/product_tag?post=4062898"}],"curies":[{"name":"wp","href":"https:\/\/api.w.org\/{rel}","templated":true}]}}