{"id":4062782,"date":"2026-05-02T01:13:22","date_gmt":"2026-05-01T23:13:22","guid":{"rendered":"https:\/\/streetmarkets.fr\/app\/produit\/pince-a-cheveux-coquillage\/"},"modified":"2026-05-13T01:13:55","modified_gmt":"2026-05-12T23:13:55","slug":"pince-a-cheveux-coquillage","status":"publish","type":"product","link":"https:\/\/streetmarkets.fr\/app\/produit\/pince-a-cheveux-coquillage\/","title":{"rendered":"Pince \u00e0 cheveux Coquillage"},"content":{"rendered":"<div id=\"product-description-short-41\" class=\"rte-content\">\n <a href=\"\/collections\/coucou-suzette\" title=\"Collection Coucou Suzette\"><strong>Collection Coucou Suzette<\/strong><\/a>\n<\/div>\n<div class=\"rte-content\">\n<br \/><strong><\/strong>\n<\/div>\n<div class=\"rte-content\">\n<strong><\/strong><\/p>\n<p><span data-mce-fragment=\"1\">Un magnifique coquillage nacr\u00e9 qui nous rappelle la maison de ce fameux Bernard (l\u2019hermitte, cousin de Thierry) qu\u2019on aime voir d\u00e9ambuler maladroitement au bord de l\u2019eau. Cette pince \u00e0 cheveux nous \u00e9blouit de ses reflets pastels et de ses \u00e9clats dor\u00e9s pour un effet r\u00e9tro qu\u2019on adore. L\u2019accessoire indispensable \u00e0 glisser dans son sac de plage cet \u00e9t\u00e9 !<\/span><\/p>\n<\/div>\n<div class=\"rte-content\">\n<div id=\"product-description-short-123\" class=\"rte-content\">\n<p>Cette\u00a0pince\u00a0est faite \u00e0 partir d&#8217;Acetate de Cellulose recycl\u00e9e &amp; biod\u00e9gradable (Eco-Friendly).<\/p>\n<ul>\n<li><em>Chaque cr\u00e9ation est unique, la couleur peut varier l\u00e9g\u00e8rement selon le morceau d&#8217;ac\u00e9tate utilis\u00e9<\/em><\/li>\n<li><em>Type d\u2019attache :<span>\u00a0<\/span>dents en ac\u00e9tate<\/em><\/li>\n<li><em>Conseils d\u2019utilisation : \u00e9viter le contact avec l\u2019eau<\/em><\/li>\n<\/ul>\n<p>Dimensions : environ 6,5 cm x 5 cm<\/p>\n<\/div>\n<\/div>\n","protected":false},"excerpt":{"rendered":"<p>Collection Coucou Suzette Un magnifique coquillage nacr\u00e9 qui nous rappelle la maison de ce fameux Bernard (l\u2019hermitte, cousin de Thierry) qu\u2019on aime voir d\u00e9ambuler maladroitement au bord de l\u2019eau. Cette pince \u00e0 cheveux nous \u00e9blouit de ses reflets pastels et de ses \u00e9clats dor\u00e9s pour un effet r\u00e9tro qu\u2019on adore. L\u2019accessoire indispensable \u00e0 glisser dans [&hellip;]<\/p>\n","protected":false},"featured_media":4062783,"comment_status":"open","ping_status":"closed","template":"","meta":[],"product_brand":[],"product_cat":[],"product_tag":[],"acf":[],"_links":{"self":[{"href":"https:\/\/streetmarkets.fr\/app\/wp-json\/wp\/v2\/product\/4062782"}],"collection":[{"href":"https:\/\/streetmarkets.fr\/app\/wp-json\/wp\/v2\/product"}],"about":[{"href":"https:\/\/streetmarkets.fr\/app\/wp-json\/wp\/v2\/types\/product"}],"replies":[{"embeddable":true,"href":"https:\/\/streetmarkets.fr\/app\/wp-json\/wp\/v2\/comments?post=4062782"}],"wp:featuredmedia":[{"embeddable":true,"href":"https:\/\/streetmarkets.fr\/app\/wp-json\/wp\/v2\/media\/4062783"}],"wp:attachment":[{"href":"https:\/\/streetmarkets.fr\/app\/wp-json\/wp\/v2\/media?parent=4062782"}],"wp:term":[{"taxonomy":"product_brand","embeddable":true,"href":"https:\/\/streetmarkets.fr\/app\/wp-json\/wp\/v2\/product_brand?post=4062782"},{"taxonomy":"product_cat","embeddable":true,"href":"https:\/\/streetmarkets.fr\/app\/wp-json\/wp\/v2\/product_cat?post=4062782"},{"taxonomy":"product_tag","embeddable":true,"href":"https:\/\/streetmarkets.fr\/app\/wp-json\/wp\/v2\/product_tag?post=4062782"}],"curies":[{"name":"wp","href":"https:\/\/api.w.org\/{rel}","templated":true}]}}