{"id":4062773,"date":"2026-05-02T01:13:22","date_gmt":"2026-05-01T23:13:22","guid":{"rendered":"https:\/\/streetmarkets.fr\/app\/produit\/boucles-doreilles-coquillage\/"},"modified":"2026-05-16T01:12:12","modified_gmt":"2026-05-15T23:12:12","slug":"boucles-doreilles-coquillage","status":"publish","type":"product","link":"https:\/\/streetmarkets.fr\/app\/produit\/boucles-doreilles-coquillage\/","title":{"rendered":"Boucles d&#8217;oreilles Coquillage"},"content":{"rendered":"<div class=\"rte-content\" id=\"product-description-short-41\">\n<div class=\"rte-content\" id=\"product-description-short-123\">\n<p><strong><a title=\"Collection Coucou Suzette\" href=\"\/collections\/coucou-suzette\">Collection Coucou Suzette<\/a><\/strong><\/p>\n<p style=\"font-weight: 400\"><span>Rien de mieux pour compl\u00e9ter son outfit printanier que cette jolie paire de boucles d&#8217;oreilles coquillage nacr\u00e9es aux reflets pastels suspendus \u00e0 de beaux anneaux plaqu\u00e9s or !<\/span><\/p>\n<ul>\n<li><em>Chaque cr\u00e9ation est unique, la couleur peut varier l\u00e9g\u00e8rement selon le morceau d&#8217;ac\u00e9tate utilis\u00e9<\/em><\/li>\n<li><em>Tiges hypoallerg\u00e9niques en acier inoxydable<\/em><\/li>\n<li><em>Couche d&#8217;or 3 microns<\/em><\/li>\n<li><em>Type d\u2019attache : anneau<\/em><\/li>\n<li><em>Conseils d\u2019utilisation : \u00e9viter le contact avec l\u2019eau<\/em><\/li>\n<\/ul>\n<p>Dimensions : environ 1,8 x 3,2 cm<\/p>\n<\/div>\n<\/div>\n","protected":false},"excerpt":{"rendered":"<p>Collection Coucou Suzette Rien de mieux pour compl\u00e9ter son outfit printanier que cette jolie paire de boucles d&#8217;oreilles coquillage nacr\u00e9es aux reflets pastels suspendus \u00e0 de beaux anneaux plaqu\u00e9s or ! Chaque cr\u00e9ation est unique, la couleur peut varier l\u00e9g\u00e8rement selon le morceau d&#8217;ac\u00e9tate utilis\u00e9 Tiges hypoallerg\u00e9niques en acier inoxydable Couche d&#8217;or 3 microns Type [&hellip;]<\/p>\n","protected":false},"featured_media":4062774,"comment_status":"open","ping_status":"closed","template":"","meta":[],"product_brand":[],"product_cat":[],"product_tag":[],"acf":[],"_links":{"self":[{"href":"https:\/\/streetmarkets.fr\/app\/wp-json\/wp\/v2\/product\/4062773"}],"collection":[{"href":"https:\/\/streetmarkets.fr\/app\/wp-json\/wp\/v2\/product"}],"about":[{"href":"https:\/\/streetmarkets.fr\/app\/wp-json\/wp\/v2\/types\/product"}],"replies":[{"embeddable":true,"href":"https:\/\/streetmarkets.fr\/app\/wp-json\/wp\/v2\/comments?post=4062773"}],"wp:featuredmedia":[{"embeddable":true,"href":"https:\/\/streetmarkets.fr\/app\/wp-json\/wp\/v2\/media\/4062774"}],"wp:attachment":[{"href":"https:\/\/streetmarkets.fr\/app\/wp-json\/wp\/v2\/media?parent=4062773"}],"wp:term":[{"taxonomy":"product_brand","embeddable":true,"href":"https:\/\/streetmarkets.fr\/app\/wp-json\/wp\/v2\/product_brand?post=4062773"},{"taxonomy":"product_cat","embeddable":true,"href":"https:\/\/streetmarkets.fr\/app\/wp-json\/wp\/v2\/product_cat?post=4062773"},{"taxonomy":"product_tag","embeddable":true,"href":"https:\/\/streetmarkets.fr\/app\/wp-json\/wp\/v2\/product_tag?post=4062773"}],"curies":[{"name":"wp","href":"https:\/\/api.w.org\/{rel}","templated":true}]}}