{"id":4062725,"date":"2026-05-02T01:13:12","date_gmt":"2026-05-01T23:13:12","guid":{"rendered":"https:\/\/streetmarkets.fr\/app\/produit\/pince-a-cheveux-etoile-de-mer\/"},"modified":"2026-05-11T01:12:19","modified_gmt":"2026-05-10T23:12:19","slug":"pince-a-cheveux-etoile-de-mer","status":"publish","type":"product","link":"https:\/\/streetmarkets.fr\/app\/produit\/pince-a-cheveux-etoile-de-mer\/","title":{"rendered":"Pince \u00e0 cheveux Etoile de Mer"},"content":{"rendered":"<div class=\"rte-content\" id=\"product-description-short-41\">\n <a title=\"Collection Coucou Suzette\" href=\"\/collections\/coucou-suzette\"><strong>Collection Coucou Suzette<\/strong><\/a>\n<\/div>\n<div class=\"rte-content\">\n<br \/><strong><\/strong>\n<\/div>\n<div class=\"rte-content\">\n<strong><\/strong><\/p>\n<p><span>Une pince \u00e0 cheveux orange en forme d\u2019\u00e9toile de mer pour un vrai look de sir\u00e8ne au bord de la piscine ! Maillot color\u00e9, lunettes de soleil fa\u00e7on pin-up, crustac\u00e9 aux beaux reflets oc\u00e9an et d\u00e9tails dor\u00e9s dans les cheveux\u2026 Et en attendant, on n\u2019h\u00e9site pas \u00e0 la porter au bureau pour se mettre dans le mood des vacances !<\/span><\/p>\n<\/div>\n<div class=\"rte-content\">\n<div class=\"rte-content\" id=\"product-description-short-123\">\n<p>Cette\u00a0pince\u00a0est faite \u00e0 partir d&#8217;Acetate de Cellulose recycl\u00e9e &amp; biod\u00e9gradable (Eco-Friendly).<\/p>\n<ul>\n<li><em>Chaque cr\u00e9ation est unique, la couleur peut varier l\u00e9g\u00e8rement selon le morceau d&#8217;ac\u00e9tate utilis\u00e9<\/em><\/li>\n<li><em>Type d\u2019attache :<span>\u00a0<\/span>dents en ac\u00e9tate<\/em><\/li>\n<li><em>Conseils d\u2019utilisation : \u00e9viter le contact avec l\u2019eau<\/em><\/li>\n<\/ul>\n<p>Dimensions : environ\u00a09 cm x 6 cm<\/p>\n<\/div>\n<\/div>\n","protected":false},"excerpt":{"rendered":"<p>Collection Coucou Suzette Une pince \u00e0 cheveux orange en forme d\u2019\u00e9toile de mer pour un vrai look de sir\u00e8ne au bord de la piscine ! Maillot color\u00e9, lunettes de soleil fa\u00e7on pin-up, crustac\u00e9 aux beaux reflets oc\u00e9an et d\u00e9tails dor\u00e9s dans les cheveux\u2026 Et en attendant, on n\u2019h\u00e9site pas \u00e0 la porter au bureau pour [&hellip;]<\/p>\n","protected":false},"featured_media":4062726,"comment_status":"open","ping_status":"closed","template":"","meta":[],"product_brand":[],"product_cat":[],"product_tag":[],"acf":[],"_links":{"self":[{"href":"https:\/\/streetmarkets.fr\/app\/wp-json\/wp\/v2\/product\/4062725"}],"collection":[{"href":"https:\/\/streetmarkets.fr\/app\/wp-json\/wp\/v2\/product"}],"about":[{"href":"https:\/\/streetmarkets.fr\/app\/wp-json\/wp\/v2\/types\/product"}],"replies":[{"embeddable":true,"href":"https:\/\/streetmarkets.fr\/app\/wp-json\/wp\/v2\/comments?post=4062725"}],"wp:featuredmedia":[{"embeddable":true,"href":"https:\/\/streetmarkets.fr\/app\/wp-json\/wp\/v2\/media\/4062726"}],"wp:attachment":[{"href":"https:\/\/streetmarkets.fr\/app\/wp-json\/wp\/v2\/media?parent=4062725"}],"wp:term":[{"taxonomy":"product_brand","embeddable":true,"href":"https:\/\/streetmarkets.fr\/app\/wp-json\/wp\/v2\/product_brand?post=4062725"},{"taxonomy":"product_cat","embeddable":true,"href":"https:\/\/streetmarkets.fr\/app\/wp-json\/wp\/v2\/product_cat?post=4062725"},{"taxonomy":"product_tag","embeddable":true,"href":"https:\/\/streetmarkets.fr\/app\/wp-json\/wp\/v2\/product_tag?post=4062725"}],"curies":[{"name":"wp","href":"https:\/\/api.w.org\/{rel}","templated":true}]}}