{"id":4062716,"date":"2026-05-02T01:13:11","date_gmt":"2026-05-01T23:13:11","guid":{"rendered":"https:\/\/streetmarkets.fr\/app\/produit\/pince-a-cheveux-homard\/"},"modified":"2026-05-06T01:12:41","modified_gmt":"2026-05-05T23:12:41","slug":"pince-a-cheveux-homard","status":"publish","type":"product","link":"https:\/\/streetmarkets.fr\/app\/produit\/pince-a-cheveux-homard\/","title":{"rendered":"Pince \u00e0 cheveux Homard"},"content":{"rendered":"<div id=\"product-description-short-41\" class=\"rte-content\">\n <a href=\"\/collections\/coucou-suzette\" title=\"Collection Coucou Suzette\"><strong>Collection Coucou Suzette<\/strong><\/a>\n<\/div>\n<div class=\"rte-content\">\n<br \/><strong><\/strong>\n<\/div>\n<div class=\"rte-content\">\n<strong><\/strong><\/p>\n<p><span>Une belle pince \u00e0 cheveux homard XL, id\u00e9ale pour les cheveux longs ou \u00e9pais. Gr\u00e2ce \u00e0 sa couleur rouge orang\u00e9e flamboyante soulign\u00e9e de paillettes, ses d\u00e9tails dor\u00e9s et ses jolis strass noirs en guise de mirettes, cette pince \u00e0 cheveux ressort \u00e0 merveille dans nos chevelures, soulignant nos airs de sir\u00e8ne. Un animal marin aussi graphique que r\u00e9tro pour des coiffures de reines de l\u2019oc\u00e9an !<\/span><\/p>\n<\/div>\n<div class=\"rte-content\">\n<div id=\"product-description-short-123\" class=\"rte-content\">\n<p>Cette\u00a0pince\u00a0est faite \u00e0 partir d&#8217;Acetate de Cellulose recycl\u00e9e &amp; biod\u00e9gradable (Eco-Friendly).<\/p>\n<ul>\n<li><em>Chaque cr\u00e9ation est unique, la couleur peut varier l\u00e9g\u00e8rement selon le morceau d&#8217;ac\u00e9tate utilis\u00e9<\/em><\/li>\n<li><em>Type d\u2019attache :<span>\u00a0<\/span>dents en ac\u00e9tate<\/em><\/li>\n<li><em>Conseils d\u2019utilisation : \u00e9viter le contact avec l\u2019eau<\/em><\/li>\n<\/ul>\n<p>Dimensions : environ\u00a010,4 cm x 5,5 cm<\/p>\n<\/div>\n<\/div>\n","protected":false},"excerpt":{"rendered":"<p>Collection Coucou Suzette Une belle pince \u00e0 cheveux homard XL, id\u00e9ale pour les cheveux longs ou \u00e9pais. Gr\u00e2ce \u00e0 sa couleur rouge orang\u00e9e flamboyante soulign\u00e9e de paillettes, ses d\u00e9tails dor\u00e9s et ses jolis strass noirs en guise de mirettes, cette pince \u00e0 cheveux ressort \u00e0 merveille dans nos chevelures, soulignant nos airs de sir\u00e8ne. Un [&hellip;]<\/p>\n","protected":false},"featured_media":4062717,"comment_status":"open","ping_status":"closed","template":"","meta":[],"product_brand":[],"product_cat":[],"product_tag":[],"acf":[],"_links":{"self":[{"href":"https:\/\/streetmarkets.fr\/app\/wp-json\/wp\/v2\/product\/4062716"}],"collection":[{"href":"https:\/\/streetmarkets.fr\/app\/wp-json\/wp\/v2\/product"}],"about":[{"href":"https:\/\/streetmarkets.fr\/app\/wp-json\/wp\/v2\/types\/product"}],"replies":[{"embeddable":true,"href":"https:\/\/streetmarkets.fr\/app\/wp-json\/wp\/v2\/comments?post=4062716"}],"wp:featuredmedia":[{"embeddable":true,"href":"https:\/\/streetmarkets.fr\/app\/wp-json\/wp\/v2\/media\/4062717"}],"wp:attachment":[{"href":"https:\/\/streetmarkets.fr\/app\/wp-json\/wp\/v2\/media?parent=4062716"}],"wp:term":[{"taxonomy":"product_brand","embeddable":true,"href":"https:\/\/streetmarkets.fr\/app\/wp-json\/wp\/v2\/product_brand?post=4062716"},{"taxonomy":"product_cat","embeddable":true,"href":"https:\/\/streetmarkets.fr\/app\/wp-json\/wp\/v2\/product_cat?post=4062716"},{"taxonomy":"product_tag","embeddable":true,"href":"https:\/\/streetmarkets.fr\/app\/wp-json\/wp\/v2\/product_tag?post=4062716"}],"curies":[{"name":"wp","href":"https:\/\/api.w.org\/{rel}","templated":true}]}}