{"id":4062622,"date":"2026-05-02T01:13:07","date_gmt":"2026-05-01T23:13:07","guid":{"rendered":"https:\/\/streetmarkets.fr\/app\/produit\/chaussettes-transparentes-teckel\/"},"modified":"2026-05-06T01:12:41","modified_gmt":"2026-05-05T23:12:41","slug":"chaussettes-transparentes-teckel","status":"publish","type":"product","link":"https:\/\/streetmarkets.fr\/app\/produit\/chaussettes-transparentes-teckel\/","title":{"rendered":"Chaussettes Transparentes Teckel"},"content":{"rendered":"<p class=\"p1\"><a title=\"Collection Coucou Suzette\" href=\"\/collections\/coucou-suzette\"><strong>Collection Coucou Suzette<\/strong><\/a><\/p>\n<p>Ouaf ! Des chaussettes pour c\u00e9l\u00e9brer nos meilleurs amis les chiens !<\/p>\n<p>Les teckels sont des chiens adorables r\u00e9put\u00e9s pour leur allure d&#8217;\u00e9l\u00e9gante saucisse. Voici donc des chaussettes \u00e0 motif avec une jolie touche de lilas.<\/p>\n<p class=\"p1\">Chaussettes transparentes \u00e0 motifs teckel.<br \/>Taille Unique (35-40).<\/p>\n<p class=\"p1\">Laver\u00a0\u00e0 froid, s\u00e9cher\u00a0\u00e0 l&#8217;air libre, ne pas repasser.<br \/><span>Polyester 60%, Coton 39%, Elasthanne 1%<\/span><\/p>\n","protected":false},"excerpt":{"rendered":"<p>Collection Coucou Suzette Ouaf ! Des chaussettes pour c\u00e9l\u00e9brer nos meilleurs amis les chiens ! Les teckels sont des chiens adorables r\u00e9put\u00e9s pour leur allure d&#8217;\u00e9l\u00e9gante saucisse. Voici donc des chaussettes \u00e0 motif avec une jolie touche de lilas. Chaussettes transparentes \u00e0 motifs teckel.Taille Unique (35-40). Laver\u00a0\u00e0 froid, s\u00e9cher\u00a0\u00e0 l&#8217;air libre, ne pas repasser.Polyester 60%, [&hellip;]<\/p>\n","protected":false},"featured_media":4062623,"comment_status":"open","ping_status":"closed","template":"","meta":[],"product_brand":[],"product_cat":[],"product_tag":[],"acf":[],"_links":{"self":[{"href":"https:\/\/streetmarkets.fr\/app\/wp-json\/wp\/v2\/product\/4062622"}],"collection":[{"href":"https:\/\/streetmarkets.fr\/app\/wp-json\/wp\/v2\/product"}],"about":[{"href":"https:\/\/streetmarkets.fr\/app\/wp-json\/wp\/v2\/types\/product"}],"replies":[{"embeddable":true,"href":"https:\/\/streetmarkets.fr\/app\/wp-json\/wp\/v2\/comments?post=4062622"}],"wp:featuredmedia":[{"embeddable":true,"href":"https:\/\/streetmarkets.fr\/app\/wp-json\/wp\/v2\/media\/4062623"}],"wp:attachment":[{"href":"https:\/\/streetmarkets.fr\/app\/wp-json\/wp\/v2\/media?parent=4062622"}],"wp:term":[{"taxonomy":"product_brand","embeddable":true,"href":"https:\/\/streetmarkets.fr\/app\/wp-json\/wp\/v2\/product_brand?post=4062622"},{"taxonomy":"product_cat","embeddable":true,"href":"https:\/\/streetmarkets.fr\/app\/wp-json\/wp\/v2\/product_cat?post=4062622"},{"taxonomy":"product_tag","embeddable":true,"href":"https:\/\/streetmarkets.fr\/app\/wp-json\/wp\/v2\/product_tag?post=4062622"}],"curies":[{"name":"wp","href":"https:\/\/api.w.org\/{rel}","templated":true}]}}