{"id":4062619,"date":"2026-05-02T01:13:07","date_gmt":"2026-05-01T23:13:07","guid":{"rendered":"https:\/\/streetmarkets.fr\/app\/produit\/t-shirt-i-miss-the-queen-noir\/"},"modified":"2026-05-13T01:13:55","modified_gmt":"2026-05-12T23:13:55","slug":"t-shirt-i-miss-the-queen-noir","status":"publish","type":"product","link":"https:\/\/streetmarkets.fr\/app\/produit\/t-shirt-i-miss-the-queen-noir\/","title":{"rendered":"T-shirt I Miss The Queen Noir"},"content":{"rendered":"<p><span><a href=\"\/collections\/unseven\" title=\"Collection Unseven\"><strong>Collection Unseven<\/strong><\/a><\/span><\/p>\n<p><em data-mce-fragment=\"1\"><\/em><span>T-shirt mixte.<\/span><\/p>\n<p><em>God save the Queen!<\/em><br \/>Dessin original\u00a0rendant hommage \u00e0 la Reine Elizabeth II.<\/p>\n<p>100% coton biologique peign\u00e9 tr\u00e8s doux.<br \/>Commerce \u00e9quitable, Oeko-tex standard 100, encre biologique .<\/p>\n","protected":false},"excerpt":{"rendered":"<p>Collection Unseven T-shirt mixte. God save the Queen!Dessin original\u00a0rendant hommage \u00e0 la Reine Elizabeth II. 100% coton biologique peign\u00e9 tr\u00e8s doux.Commerce \u00e9quitable, Oeko-tex standard 100, encre biologique .<\/p>\n","protected":false},"featured_media":4062620,"comment_status":"open","ping_status":"closed","template":"","meta":[],"product_brand":[],"product_cat":[],"product_tag":[],"acf":[],"_links":{"self":[{"href":"https:\/\/streetmarkets.fr\/app\/wp-json\/wp\/v2\/product\/4062619"}],"collection":[{"href":"https:\/\/streetmarkets.fr\/app\/wp-json\/wp\/v2\/product"}],"about":[{"href":"https:\/\/streetmarkets.fr\/app\/wp-json\/wp\/v2\/types\/product"}],"replies":[{"embeddable":true,"href":"https:\/\/streetmarkets.fr\/app\/wp-json\/wp\/v2\/comments?post=4062619"}],"wp:featuredmedia":[{"embeddable":true,"href":"https:\/\/streetmarkets.fr\/app\/wp-json\/wp\/v2\/media\/4062620"}],"wp:attachment":[{"href":"https:\/\/streetmarkets.fr\/app\/wp-json\/wp\/v2\/media?parent=4062619"}],"wp:term":[{"taxonomy":"product_brand","embeddable":true,"href":"https:\/\/streetmarkets.fr\/app\/wp-json\/wp\/v2\/product_brand?post=4062619"},{"taxonomy":"product_cat","embeddable":true,"href":"https:\/\/streetmarkets.fr\/app\/wp-json\/wp\/v2\/product_cat?post=4062619"},{"taxonomy":"product_tag","embeddable":true,"href":"https:\/\/streetmarkets.fr\/app\/wp-json\/wp\/v2\/product_tag?post=4062619"}],"curies":[{"name":"wp","href":"https:\/\/api.w.org\/{rel}","templated":true}]}}