{"id":4062593,"date":"2026-05-02T01:13:06","date_gmt":"2026-05-01T23:13:06","guid":{"rendered":"https:\/\/streetmarkets.fr\/app\/produit\/broche-lumiere\/"},"modified":"2026-05-06T01:12:41","modified_gmt":"2026-05-05T23:12:41","slug":"broche-lumiere","status":"publish","type":"product","link":"https:\/\/streetmarkets.fr\/app\/produit\/broche-lumiere\/","title":{"rendered":"Broche Lumi\u00e8re"},"content":{"rendered":"<p><a title=\"Collection Macon &amp; Lesquoy\" href=\"\/collections\/macon-lesquoy\"><strong>Collection Macon &amp; Lesquoy<\/strong><\/a><\/p>\n<p><span>Rayonnant&#8230;<\/p>\n<p>Taille de la broche :\u00a0environ 3,4 cm de diam\u00e8tre<br \/><\/span><br \/><span>Dessin\u00e9es et brod\u00e9es avec soin,\u00a0<\/span><span>les\u00a0<\/span><span>broches Macon &amp; Lesquoy sont l&#8217;accessoire indispensable de l\u2019\u00e9l\u00e9gance&#8230; Jusque dans leur coffret en carton et velours ! Porteuses de messages et d\u2019attention, elles savent s\u00e9duire en toute occasion.<\/span><\/p>\n<p><span>Les broderies sont enti\u00e8rement r\u00e9alis\u00e9es \u00e0 la main, en fil de cannetille, selon une technique indo-pakistanaise tr\u00e8s ancienne.<\/span><\/p>\n","protected":false},"excerpt":{"rendered":"<p>Collection Macon &amp; Lesquoy Rayonnant&#8230; Taille de la broche :\u00a0environ 3,4 cm de diam\u00e8treDessin\u00e9es et brod\u00e9es avec soin,\u00a0les\u00a0broches Macon &amp; Lesquoy sont l&#8217;accessoire indispensable de l\u2019\u00e9l\u00e9gance&#8230; Jusque dans leur coffret en carton et velours ! Porteuses de messages et d\u2019attention, elles savent s\u00e9duire en toute occasion. Les broderies sont enti\u00e8rement r\u00e9alis\u00e9es \u00e0 la main, en [&hellip;]<\/p>\n","protected":false},"featured_media":4062594,"comment_status":"open","ping_status":"closed","template":"","meta":[],"product_brand":[],"product_cat":[],"product_tag":[],"acf":[],"_links":{"self":[{"href":"https:\/\/streetmarkets.fr\/app\/wp-json\/wp\/v2\/product\/4062593"}],"collection":[{"href":"https:\/\/streetmarkets.fr\/app\/wp-json\/wp\/v2\/product"}],"about":[{"href":"https:\/\/streetmarkets.fr\/app\/wp-json\/wp\/v2\/types\/product"}],"replies":[{"embeddable":true,"href":"https:\/\/streetmarkets.fr\/app\/wp-json\/wp\/v2\/comments?post=4062593"}],"wp:featuredmedia":[{"embeddable":true,"href":"https:\/\/streetmarkets.fr\/app\/wp-json\/wp\/v2\/media\/4062594"}],"wp:attachment":[{"href":"https:\/\/streetmarkets.fr\/app\/wp-json\/wp\/v2\/media?parent=4062593"}],"wp:term":[{"taxonomy":"product_brand","embeddable":true,"href":"https:\/\/streetmarkets.fr\/app\/wp-json\/wp\/v2\/product_brand?post=4062593"},{"taxonomy":"product_cat","embeddable":true,"href":"https:\/\/streetmarkets.fr\/app\/wp-json\/wp\/v2\/product_cat?post=4062593"},{"taxonomy":"product_tag","embeddable":true,"href":"https:\/\/streetmarkets.fr\/app\/wp-json\/wp\/v2\/product_tag?post=4062593"}],"curies":[{"name":"wp","href":"https:\/\/api.w.org\/{rel}","templated":true}]}}