{"id":4062485,"date":"2026-05-02T01:12:50","date_gmt":"2026-05-01T23:12:50","guid":{"rendered":"https:\/\/streetmarkets.fr\/app\/produit\/sac-celestins-city-lights\/"},"modified":"2026-05-16T01:12:01","modified_gmt":"2026-05-15T23:12:01","slug":"sac-celestins-city-lights","status":"publish","type":"product","link":"https:\/\/streetmarkets.fr\/app\/produit\/sac-celestins-city-lights\/","title":{"rendered":"Sac C\u00e9lestins City Lights"},"content":{"rendered":"<p><span><a title=\"Collection Rive Droite Paris\" href=\"\/collections\/rive-droite-paris\"><strong>Collection Rive Droite Paris<\/strong><\/a><\/span><\/p>\n<p><span data-mce-fragment=\"1\">Pour cette nouvelle collection Automne Hiver &#8220;City Lights&#8221;, Rive Droite a travaill\u00e9 un\u00a0coton recycl\u00e9 diff\u00e9remment de d&#8217;habitude, pour lui donner un effet cir\u00e9, et obtenir ainsi une mati\u00e8re d\u00e9perlante, parfaite par temps de pluie. Au programme, 4 couleurs subtiles : Black Light, Green Neon, Dark Red et Blue Moon pour accompagner votre vestiaire d&#8217;automne.<\/span><br data-mce-fragment=\"1\"><br data-mce-fragment=\"1\"><span data-mce-fragment=\"1\">C\u00e9lestins c&#8217;est le sac 24h id\u00e9al pour les vadrouilles du quotidien ou pour un court week-end. Au quotidien, vous y glissez facilement une tenue de sport, vos affaires de boulot (ordinateur, cahier etc), et toutes vos affaires personnelles comme un porte monnaie, une trousse make-up.<\/span><\/p>\n<p><span data-mce-fragment=\"1\">Les doublures de cette collection Fall Winter sont issues de fin de stocks de l&#8217;industrie du textile, sur lesquelles ont \u00e9t\u00e9 imprim\u00e9es de fines rayures color\u00e9es.<\/span><\/p>\n<p><span data-mce-fragment=\"1\">Les frottements de la mati\u00e8re contre les v\u00eatements peuvent provoquer de l\u00e9g\u00e8res traces blanches.<\/span><\/p>\n<ul>\n<li>\n<strong>Composition<\/strong><span>\u00a0<\/span>:<span> Coton recycl\u00e9 cir\u00e9 d\u00e9perlant<\/span>\n<\/li>\n<li>\n<span><strong>Emballage :\u00a0<\/strong><\/span>Ce produit est emball\u00e9 avec soin dans un pochon en coton r\u00e9utilisable avec un lien coulissant<\/li>\n<li>\n<strong>Doublure<\/strong><span>\u00a0<\/span>:<br \/>\n<span data-mce-fragment=\"1\">100% polycoton upcycl\u00e9 issu de fins de stocks de tissus de l&#8217;industrie textile.\u00a0Doublures noires avec de fines rayures color\u00e9es.<\/span><br data-mce-fragment=\"1\">\n<\/li>\n<li>\n<strong>Dimensions<\/strong><span>\u00a0<\/span>:<span>\u00a0<\/span><span data-mce-fragment=\"1\">L42xH33xP20 cm<\/span>\n<\/li>\n<li>\n<strong>Conseils d&#8217;entretien<\/strong><span>\u00a0<\/span>:  <span data-mce-fragment=\"1\">Pas de lavage en machine ni de nettoyage \u00e0 sec. Pour le nettoyer, utiliser un chiffon propre humide.<\/span>\n<\/li>\n<\/ul>\n","protected":false},"excerpt":{"rendered":"<p>Collection Rive Droite Paris Pour cette nouvelle collection Automne Hiver &#8220;City Lights&#8221;, Rive Droite a travaill\u00e9 un\u00a0coton recycl\u00e9 diff\u00e9remment de d&#8217;habitude, pour lui donner un effet cir\u00e9, et obtenir ainsi une mati\u00e8re d\u00e9perlante, parfaite par temps de pluie. Au programme, 4 couleurs subtiles : Black Light, Green Neon, Dark Red et Blue Moon pour accompagner [&hellip;]<\/p>\n","protected":false},"featured_media":4062486,"comment_status":"open","ping_status":"closed","template":"","meta":[],"product_brand":[],"product_cat":[],"product_tag":[],"acf":[],"_links":{"self":[{"href":"https:\/\/streetmarkets.fr\/app\/wp-json\/wp\/v2\/product\/4062485"}],"collection":[{"href":"https:\/\/streetmarkets.fr\/app\/wp-json\/wp\/v2\/product"}],"about":[{"href":"https:\/\/streetmarkets.fr\/app\/wp-json\/wp\/v2\/types\/product"}],"replies":[{"embeddable":true,"href":"https:\/\/streetmarkets.fr\/app\/wp-json\/wp\/v2\/comments?post=4062485"}],"wp:featuredmedia":[{"embeddable":true,"href":"https:\/\/streetmarkets.fr\/app\/wp-json\/wp\/v2\/media\/4062486"}],"wp:attachment":[{"href":"https:\/\/streetmarkets.fr\/app\/wp-json\/wp\/v2\/media?parent=4062485"}],"wp:term":[{"taxonomy":"product_brand","embeddable":true,"href":"https:\/\/streetmarkets.fr\/app\/wp-json\/wp\/v2\/product_brand?post=4062485"},{"taxonomy":"product_cat","embeddable":true,"href":"https:\/\/streetmarkets.fr\/app\/wp-json\/wp\/v2\/product_cat?post=4062485"},{"taxonomy":"product_tag","embeddable":true,"href":"https:\/\/streetmarkets.fr\/app\/wp-json\/wp\/v2\/product_tag?post=4062485"}],"curies":[{"name":"wp","href":"https:\/\/api.w.org\/{rel}","templated":true}]}}